{"id":689,"date":"2025-09-10T12:20:57","date_gmt":"2025-09-10T10:20:57","guid":{"rendered":"https:\/\/blog.rwth-aachen.de\/itc-changes\/?page_id=689"},"modified":"2025-10-15T11:21:09","modified_gmt":"2025-10-15T09:21:09","slug":"rwthgpt","status":"publish","type":"page","link":"https:\/\/blog.rwth-aachen.de\/itc-changes\/rwthgpt\/","title":{"rendered":"RWTHgpt"},"content":{"rendered":"<p>Das IT Center und das Center f\u00fcr Lehr- und Lernservices stellen den Besch\u00e4ftigten der RWTH mit RWTHgpt einen kostenfreien Zugang zu generativen KI-Systemen in Form zur Verf\u00fcgung.<br \/>\nDer Service RWTHgpt basiert auf den KI-Technologien der Firma OpenAI und umfasst unterschiedliche Sprachmodelle und KI-Tools, zwischen denen frei gew\u00e4hlt werden kann. Der Zugriff erfolgt \u00fcber die an der RWTH entwickelte <strong><a href=\"https:\/\/chat.kiconnect.nrw\/shibboleth-eds\/?entityID=https%3A%2F%2Fgenai.rwth-aachen.de%2Fshibboleth&amp;return=https%3A%2F%2Fchat.kiconnect.nrw%2FShibboleth.sso%2FLogin%3FSAMLDS%3D1%26target%3Dss%253Amem%253A0e63027501b88595721d4773c9a0004686486643afa762992a7bfe8198e197c3\">KI:connect-Weboberfl\u00e4che<\/a><\/strong>.<\/p>\n<p>&nbsp;<\/p>\n<h3>Changes (Neueste zuerst)<\/h3>\n<p>&nbsp;<\/p>\n<p><ul class=\"display-posts-listing\"><li class=\"listing-item\"><a class=\"title\" href=\"https:\/\/blog.rwth-aachen.de\/itc-changes\/2026\/04\/16\/neue-modelle-fuer-mitarbeitende-und-studierende\/\">Neue Modelle f\u00fcr Mitarbeitende und Studierende (v1.16.0)<\/a><\/li><li class=\"listing-item\"><a class=\"title\" href=\"https:\/\/blog.rwth-aachen.de\/itc-changes\/2026\/03\/31\/unterstuetzung-fuer-neue-modelle-gpt-5-3-chat-mistral-small-4-v1-15-0-2\/\">Unterst\u00fctzung f\u00fcr neue Modelle (GPT-5.3-Chat, Mistral-Small-4) (v1.15.0)<\/a><\/li><li class=\"listing-item\"><a class=\"title\" href=\"https:\/\/blog.rwth-aachen.de\/itc-changes\/2026\/03\/19\/neues-standardmodell-und-abkuendigung-von-gpt-40-und-gpt-40-mini-modellen-v1-14-0\/\">Neues Standardmodell und Abk\u00fcndigung von gpt-40 und gpt-40-mini Modellen (v1.14.0)<\/a><\/li><li class=\"listing-item\"><a class=\"title\" href=\"https:\/\/blog.rwth-aachen.de\/itc-changes\/2026\/02\/26\/unterstuetzung-fuer-embedding-modelle-bei-api-key-nutzung-und-modellwechsel-im-chat-v1-13-0\/\">Unterst\u00fctzung f\u00fcr Embedding-Modelle bei API-Key-Nutzung und Modellwechsel im Chat (v1.13.0)<\/a><\/li><li class=\"listing-item\"><a class=\"title\" href=\"https:\/\/blog.rwth-aachen.de\/itc-changes\/2026\/01\/29\/neue-gpt-5-modelle-und-verbesserte-api-key-verwaltung-v1-12-0\/\">Neue gpt-5 Modelle und verbesserte API-Key-Verwaltung (v1.12.0)<\/a><\/li><li class=\"listing-item\"><a class=\"title\" href=\"https:\/\/blog.rwth-aachen.de\/itc-changes\/2026\/01\/20\/api-keys-fuer-mehr-modelle-verfuegbar\/\">API-Keys f\u00fcr mehr Modelle verf\u00fcgbar<\/a><\/li><li class=\"listing-item\"><a class=\"title\" href=\"https:\/\/blog.rwth-aachen.de\/itc-changes\/2025\/12\/15\/api-keys-fuer-nutzende-2\/\">API-Keys f\u00fcr Nutzende<\/a><\/li><li class=\"listing-item\"><a class=\"title\" href=\"https:\/\/blog.rwth-aachen.de\/itc-changes\/2025\/10\/16\/chat-export-und-neue-modelle-2\/\">Chat-Export und neue gpt-oss-Modelle (v1.8.0)<\/a><\/li><li class=\"listing-item\"><a class=\"title\" href=\"https:\/\/blog.rwth-aachen.de\/itc-changes\/2025\/09\/05\/rwthgpt-update-9\/\">Neue gpt-5-Modelle (v1.7.0)<\/a><\/li><li class=\"listing-item\"><a class=\"title\" href=\"https:\/\/blog.rwth-aachen.de\/itc-changes\/2025\/07\/21\/rwthgpt-update-8\/\">Neue OpenAI-Modelle verf\u00fcgbar (v1.6.1)<\/a><\/li><\/ul><nav class=\"display-posts-pagination\" role=\"navigation\"><h2 class=\"screen-reader-text\">Navigation<\/h2><div class=\"nav-links\"><span aria-current=\"page\" class=\"page-numbers current\">1<\/span>\n<a class=\"page-numbers\" href=\"https:\/\/blog.rwth-aachen.de\/itc-changes\/wp-json\/wp\/v2\/pages\/689\/?dps_paged=2\">2<\/a>\n<a class=\"next page-numbers\" href=\"https:\/\/blog.rwth-aachen.de\/itc-changes\/wp-json\/wp\/v2\/pages\/689\/?dps_paged=2\">Next<\/a><\/div><\/nav><\/p>","protected":false},"excerpt":{"rendered":"<p>Das IT Center und das Center f\u00fcr Lehr- und Lernservices stellen den Besch\u00e4ftigten der RWTH mit RWTHgpt einen kostenfreien Zugang zu generativen KI-Systemen in Form zur Verf\u00fcgung. Der Service RWTHgpt [&hellip;]<\/p>\n","protected":false},"author":2589,"featured_media":0,"parent":0,"menu_order":0,"comment_status":"closed","ping_status":"closed","template":"","meta":{"c2c_always_allow_admin_comments":false,"footnotes":""},"class_list":["post-689","page","type-page","status-publish","hentry"],"aioseo_notices":[],"_links":{"self":[{"href":"https:\/\/blog.rwth-aachen.de\/itc-changes\/wp-json\/wp\/v2\/pages\/689","targetHints":{"allow":["GET"]}}],"collection":[{"href":"https:\/\/blog.rwth-aachen.de\/itc-changes\/wp-json\/wp\/v2\/pages"}],"about":[{"href":"https:\/\/blog.rwth-aachen.de\/itc-changes\/wp-json\/wp\/v2\/types\/page"}],"author":[{"embeddable":true,"href":"https:\/\/blog.rwth-aachen.de\/itc-changes\/wp-json\/wp\/v2\/users\/2589"}],"replies":[{"embeddable":true,"href":"https:\/\/blog.rwth-aachen.de\/itc-changes\/wp-json\/wp\/v2\/comments?post=689"}],"version-history":[{"count":6,"href":"https:\/\/blog.rwth-aachen.de\/itc-changes\/wp-json\/wp\/v2\/pages\/689\/revisions"}],"predecessor-version":[{"id":841,"href":"https:\/\/blog.rwth-aachen.de\/itc-changes\/wp-json\/wp\/v2\/pages\/689\/revisions\/841"}],"wp:attachment":[{"href":"https:\/\/blog.rwth-aachen.de\/itc-changes\/wp-json\/wp\/v2\/media?parent=689"}],"curies":[{"name":"wp","href":"https:\/\/api.w.org\/{rel}","templated":true}]}}