{"id":781,"date":"2025-10-01T13:43:06","date_gmt":"2025-10-01T11:43:06","guid":{"rendered":"https:\/\/blog.rwth-aachen.de\/itc-changes\/?page_id=781"},"modified":"2025-10-15T15:36:30","modified_gmt":"2025-10-15T13:36:30","slug":"coscine","status":"publish","type":"page","link":"https:\/\/blog.rwth-aachen.de\/itc-changes\/coscine\/","title":{"rendered":"Coscine"},"content":{"rendered":"<p><a href=\"https:\/\/about.coscine.de\/\" target=\"_blank\" rel=\"nofollow noreferrer noopener\" data-sourcepos=\"4:1-4:36\">Coscine<\/a> ist eine Plattform f\u00fcr Forschungsdatenmanagement (FDM), die L\u00f6sungen f\u00fcr ein fundiertes FDM im Sinne der guten wissenschaftlichen Praxis bietet. Auf diesem Changes-Blog informieren wir \u00fcber Neuigkeiten rund um aktuelle und geplante \u00c4nderungen.<\/p>\n<p>&nbsp;<\/p>\n<h3>Changes (Neueste zuerst)<\/h3>\n<p>&nbsp;<\/p>\n<ul class=\"display-posts-listing\"><li class=\"listing-item\"><a class=\"title\" href=\"https:\/\/blog.rwth-aachen.de\/itc-changes\/2026\/03\/31\/anpassung-der-api-endpunkte\/\">Anpassung der API-Endpunkte<\/a><\/li><li class=\"listing-item\"><a class=\"title\" href=\"https:\/\/blog.rwth-aachen.de\/itc-changes\/2026\/03\/31\/information-fuer-begutachtende-von-coscine-speicherplatzantraegen\/\">Information f\u00fcr Begutachtende von Coscine-Speicherplatzantr\u00e4gen<\/a><\/li><li class=\"listing-item\"><a class=\"title\" href=\"https:\/\/blog.rwth-aachen.de\/itc-changes\/2026\/02\/26\/aufruf-zur-teilnahme\/\">Aufruf zur Teilnahme<\/a><\/li><li class=\"listing-item\"><a class=\"title\" href=\"https:\/\/blog.rwth-aachen.de\/itc-changes\/2026\/02\/26\/interaktive-workflow-grafik\/\">Interaktive Workflow-Grafik<\/a><\/li><li class=\"listing-item\"><a class=\"title\" href=\"https:\/\/blog.rwth-aachen.de\/itc-changes\/2026\/02\/26\/anzeige-von-verfuegbarem-speicherplatz\/\">Anzeige von verf\u00fcgbarem Speicherplatz<\/a><\/li><li class=\"listing-item\"><a class=\"title\" href=\"https:\/\/blog.rwth-aachen.de\/itc-changes\/2026\/02\/26\/ressourcenerstellung\/\">Ressourcenerstellung<\/a><\/li><li class=\"listing-item\"><a class=\"title\" href=\"https:\/\/blog.rwth-aachen.de\/itc-changes\/2026\/01\/29\/coscine-community\/\">Coscine-Community<\/a><\/li><li class=\"listing-item\"><a class=\"title\" href=\"https:\/\/blog.rwth-aachen.de\/itc-changes\/2026\/01\/29\/ordnerloeschung\/\">Ordnerl\u00f6schung<\/a><\/li><li class=\"listing-item\"><a class=\"title\" href=\"https:\/\/blog.rwth-aachen.de\/itc-changes\/2026\/01\/29\/unterprojekte\/\">Unterprojekte<\/a><\/li><li class=\"listing-item\"><a class=\"title\" href=\"https:\/\/blog.rwth-aachen.de\/itc-changes\/2026\/01\/29\/zeitstempel-bei-projekt-und-ressourceneinstellungen\/\">Zeitstempel bei Projekt- und Ressourceneinstellungen<\/a><\/li><\/ul><nav class=\"display-posts-pagination\" role=\"navigation\"><h2 class=\"screen-reader-text\">Navigation<\/h2><div class=\"nav-links\"><span aria-current=\"page\" class=\"page-numbers current\">1<\/span>\n<a class=\"page-numbers\" href=\"https:\/\/blog.rwth-aachen.de\/itc-changes\/wp-json\/wp\/v2\/pages\/781\/?dps_paged=2\">2<\/a>\n<a class=\"next page-numbers\" href=\"https:\/\/blog.rwth-aachen.de\/itc-changes\/wp-json\/wp\/v2\/pages\/781\/?dps_paged=2\">Next<\/a><\/div><\/nav>\n<p>&nbsp;<\/p>","protected":false},"excerpt":{"rendered":"<p>Coscine ist eine Plattform f\u00fcr Forschungsdatenmanagement (FDM), die L\u00f6sungen f\u00fcr ein fundiertes FDM im Sinne der guten wissenschaftlichen Praxis bietet. Auf diesem Changes-Blog informieren wir \u00fcber Neuigkeiten rund um aktuelle [&hellip;]<\/p>\n","protected":false},"author":3308,"featured_media":0,"parent":0,"menu_order":0,"comment_status":"closed","ping_status":"closed","template":"","meta":{"c2c_always_allow_admin_comments":false,"footnotes":""},"class_list":["post-781","page","type-page","status-publish","hentry"],"aioseo_notices":[],"_links":{"self":[{"href":"https:\/\/blog.rwth-aachen.de\/itc-changes\/wp-json\/wp\/v2\/pages\/781","targetHints":{"allow":["GET"]}}],"collection":[{"href":"https:\/\/blog.rwth-aachen.de\/itc-changes\/wp-json\/wp\/v2\/pages"}],"about":[{"href":"https:\/\/blog.rwth-aachen.de\/itc-changes\/wp-json\/wp\/v2\/types\/page"}],"author":[{"embeddable":true,"href":"https:\/\/blog.rwth-aachen.de\/itc-changes\/wp-json\/wp\/v2\/users\/3308"}],"replies":[{"embeddable":true,"href":"https:\/\/blog.rwth-aachen.de\/itc-changes\/wp-json\/wp\/v2\/comments?post=781"}],"version-history":[{"count":4,"href":"https:\/\/blog.rwth-aachen.de\/itc-changes\/wp-json\/wp\/v2\/pages\/781\/revisions"}],"predecessor-version":[{"id":860,"href":"https:\/\/blog.rwth-aachen.de\/itc-changes\/wp-json\/wp\/v2\/pages\/781\/revisions\/860"}],"wp:attachment":[{"href":"https:\/\/blog.rwth-aachen.de\/itc-changes\/wp-json\/wp\/v2\/media?parent=781"}],"curies":[{"name":"wp","href":"https:\/\/api.w.org\/{rel}","templated":true}]}}