{"id":791,"date":"2025-10-01T14:44:43","date_gmt":"2025-10-01T12:44:43","guid":{"rendered":"https:\/\/blog.rwth-aachen.de\/itc-changes\/?page_id=791"},"modified":"2025-10-15T15:36:02","modified_gmt":"2025-10-15T13:36:02","slug":"ritchy","status":"publish","type":"page","link":"https:\/\/blog.rwth-aachen.de\/itc-changes\/ritchy\/","title":{"rendered":"Ritchy"},"content":{"rendered":"<p><strong><a href=\"https:\/\/ritchy.itc.rwth-aachen.de\/\">Ritchy<\/a> <\/strong>ist ein KI-gest\u00fctzter Chatbot des IT-ServiceDesks zur Unterst\u00fctzung bei Anfragen rund um die IT-Services des IT Centers.<br \/>\nDer Service basiert auf modernen Sprachmodellen aus Microsoft Azure OpenAI und nutzt die Technologie der Retrieval Augmented Generation (RAG), um Antworten direkt aus der gepr\u00fcften Wissensdatenbank IT Center Help bereitzustellen.<br \/>\nDer Zugriff erfolgt \u00fcber eine eigens entwickelte Weboberfl\u00e4che, \u00fcber die eine datenschutzkonforme Nutzung und eine direkte Anbindung an den IT-Support sichergestellt wird.<\/p>\n<p>&nbsp;<\/p>\n<h3>Changes (Neueste zuerst)<\/h3>\n<p>&nbsp;<\/p>\n<p><ul class=\"display-posts-listing\"><li class=\"listing-item\"><a class=\"title\" href=\"https:\/\/blog.rwth-aachen.de\/itc-changes\/2025\/10\/15\/einrichtung-der-chatweiche\/\">Einrichtung der Chatweiche<\/a><\/li><li class=\"listing-item\"><a class=\"title\" href=\"https:\/\/blog.rwth-aachen.de\/itc-changes\/2025\/08\/20\/nutzung-von-gpt-5-chat\/\">Integration von GPT-5 Chat<\/a><\/li><li class=\"listing-item\"><a class=\"title\" href=\"https:\/\/blog.rwth-aachen.de\/itc-changes\/2025\/05\/07\/erreichbar-ueber-it-center-websites\/\">Erreichbar \u00fcber die Footer der IT Center Websites<\/a><\/li><li class=\"listing-item\"><a class=\"title\" href=\"https:\/\/blog.rwth-aachen.de\/itc-changes\/2025\/04\/08\/einfuehrung-ritchy\/\">Einf\u00fchrung Ritchy<\/a><\/li><\/ul><\/p>","protected":false},"excerpt":{"rendered":"<p>Ritchy ist ein KI-gest\u00fctzter Chatbot des IT-ServiceDesks zur Unterst\u00fctzung bei Anfragen rund um die IT-Services des IT Centers. Der Service basiert auf modernen Sprachmodellen aus Microsoft Azure OpenAI und nutzt [&hellip;]<\/p>\n","protected":false},"author":6512,"featured_media":0,"parent":0,"menu_order":0,"comment_status":"closed","ping_status":"closed","template":"","meta":{"c2c_always_allow_admin_comments":false,"footnotes":""},"class_list":["post-791","page","type-page","status-publish","hentry"],"aioseo_notices":[],"_links":{"self":[{"href":"https:\/\/blog.rwth-aachen.de\/itc-changes\/wp-json\/wp\/v2\/pages\/791","targetHints":{"allow":["GET"]}}],"collection":[{"href":"https:\/\/blog.rwth-aachen.de\/itc-changes\/wp-json\/wp\/v2\/pages"}],"about":[{"href":"https:\/\/blog.rwth-aachen.de\/itc-changes\/wp-json\/wp\/v2\/types\/page"}],"author":[{"embeddable":true,"href":"https:\/\/blog.rwth-aachen.de\/itc-changes\/wp-json\/wp\/v2\/users\/6512"}],"replies":[{"embeddable":true,"href":"https:\/\/blog.rwth-aachen.de\/itc-changes\/wp-json\/wp\/v2\/comments?post=791"}],"version-history":[{"count":6,"href":"https:\/\/blog.rwth-aachen.de\/itc-changes\/wp-json\/wp\/v2\/pages\/791\/revisions"}],"predecessor-version":[{"id":859,"href":"https:\/\/blog.rwth-aachen.de\/itc-changes\/wp-json\/wp\/v2\/pages\/791\/revisions\/859"}],"wp:attachment":[{"href":"https:\/\/blog.rwth-aachen.de\/itc-changes\/wp-json\/wp\/v2\/media?parent=791"}],"curies":[{"name":"wp","href":"https:\/\/api.w.org\/{rel}","templated":true}]}}