{"id":918,"date":"2025-10-23T10:19:11","date_gmt":"2025-10-23T08:19:11","guid":{"rendered":"https:\/\/blog.rwth-aachen.de\/itc-changes\/?page_id=918"},"modified":"2025-11-07T10:05:38","modified_gmt":"2025-11-07T09:05:38","slug":"rwthapp","status":"publish","type":"page","link":"https:\/\/blog.rwth-aachen.de\/itc-changes\/rwthapp\/","title":{"rendered":"RWTHapp"},"content":{"rendered":"<p>Die <a href=\"https:\/\/help.itc.rwth-aachen.de\/service\/rhtxrjubsj8m\/\">RWTHapp<\/a> ist eine von der RWTH entwickelte Applikation f\u00fcr mobile Endger\u00e4te, mit der Sie Informationen rund um das Studium, Aachen und zus\u00e4tzliche RWTH Angebote einsehen, verwalten und den universit\u00e4ren Alltag erleichtern k\u00f6nnen.<\/p>\n<p>Die App ist f\u00fcr Android und iOS erh\u00e4ltlich und kann im Google Play Store und Apple App Store kostenlos heruntergeladen werden. Zus\u00e4tzlich ist die RWTHapp auch in <a href=\"https:\/\/help.itc.rwth-aachen.de\/service\/rhtxrjubsj8m\/article\/0009109a257a4e60bd2ac86d61dc6127\/\">F-Droid<\/a> verf\u00fcgbar.<\/p>\n<p>&nbsp;<\/p>\n<h3>Changes (Neueste zuerst)<\/h3>\n<p>&nbsp;<\/p>\n<p><ul class=\"display-posts-listing\"><li class=\"listing-item\"><a class=\"title\" href=\"https:\/\/blog.rwth-aachen.de\/itc-changes\/2026\/04\/28\/release-notes-version-2-52-1\/\">Release Notes Version 2.52.1<\/a><\/li><li class=\"listing-item\"><a class=\"title\" href=\"https:\/\/blog.rwth-aachen.de\/itc-changes\/2026\/04\/08\/release-notes-version-2-50\/\">Release Notes Version 2.50<\/a><\/li><li class=\"listing-item\"><a class=\"title\" href=\"https:\/\/blog.rwth-aachen.de\/itc-changes\/2026\/03\/17\/release-notes-version-2-49\/\">Release Notes Version 2.49<\/a><\/li><li class=\"listing-item\"><a class=\"title\" href=\"https:\/\/blog.rwth-aachen.de\/itc-changes\/2026\/03\/03\/release-notes-version-2-48-1\/\">Release Notes Version 2.48.1<\/a><\/li><li class=\"listing-item\"><a class=\"title\" href=\"https:\/\/blog.rwth-aachen.de\/itc-changes\/2026\/02\/24\/release-notes-version-2-48-0\/\">Release Notes Version 2.48.0<\/a><\/li><li class=\"listing-item\"><a class=\"title\" href=\"https:\/\/blog.rwth-aachen.de\/itc-changes\/2026\/02\/04\/release-notes-version-2-47-0\/\">Release Notes Version 2.47.0<\/a><\/li><li class=\"listing-item\"><a class=\"title\" href=\"https:\/\/blog.rwth-aachen.de\/itc-changes\/2026\/01\/13\/release-notes-version-2-46-0\/\">Release Notes Version 2.46.0<\/a><\/li><li class=\"listing-item\"><a class=\"title\" href=\"https:\/\/blog.rwth-aachen.de\/itc-changes\/2025\/12\/17\/release-notes-version-2-44-0-2\/\">Release Notes Version 2.45.0<\/a><\/li><li class=\"listing-item\"><a class=\"title\" href=\"https:\/\/blog.rwth-aachen.de\/itc-changes\/2025\/11\/25\/release-notes-version-2-44-0\/\">Release Notes Version 2.44.0<\/a><\/li><li class=\"listing-item\"><a class=\"title\" href=\"https:\/\/blog.rwth-aachen.de\/itc-changes\/2025\/11\/01\/release-notes-version-2-43-0\/\">Release Notes Version 2.43.0<\/a><\/li><\/ul><nav class=\"display-posts-pagination\" role=\"navigation\"><h2 class=\"screen-reader-text\">Navigation<\/h2><div class=\"nav-links\"><span aria-current=\"page\" class=\"page-numbers current\">1<\/span>\n<a class=\"page-numbers\" href=\"https:\/\/blog.rwth-aachen.de\/itc-changes\/wp-json\/wp\/v2\/pages\/918\/?dps_paged=2\">2<\/a>\n<a class=\"page-numbers\" href=\"https:\/\/blog.rwth-aachen.de\/itc-changes\/wp-json\/wp\/v2\/pages\/918\/?dps_paged=3\">3<\/a>\n<span class=\"page-numbers dots\">&hellip;<\/span>\n<a class=\"page-numbers\" href=\"https:\/\/blog.rwth-aachen.de\/itc-changes\/wp-json\/wp\/v2\/pages\/918\/?dps_paged=6\">6<\/a>\n<a class=\"next page-numbers\" href=\"https:\/\/blog.rwth-aachen.de\/itc-changes\/wp-json\/wp\/v2\/pages\/918\/?dps_paged=2\">Next<\/a><\/div><\/nav><\/p>","protected":false},"excerpt":{"rendered":"<p>Die RWTHapp ist eine von der RWTH entwickelte Applikation f\u00fcr mobile Endger\u00e4te, mit der Sie Informationen rund um das Studium, Aachen und zus\u00e4tzliche RWTH Angebote einsehen, verwalten und den universit\u00e4ren [&hellip;]<\/p>\n","protected":false},"author":6512,"featured_media":0,"parent":0,"menu_order":0,"comment_status":"closed","ping_status":"closed","template":"","meta":{"c2c_always_allow_admin_comments":false,"footnotes":""},"class_list":["post-918","page","type-page","status-publish","hentry"],"aioseo_notices":[],"_links":{"self":[{"href":"https:\/\/blog.rwth-aachen.de\/itc-changes\/wp-json\/wp\/v2\/pages\/918","targetHints":{"allow":["GET"]}}],"collection":[{"href":"https:\/\/blog.rwth-aachen.de\/itc-changes\/wp-json\/wp\/v2\/pages"}],"about":[{"href":"https:\/\/blog.rwth-aachen.de\/itc-changes\/wp-json\/wp\/v2\/types\/page"}],"author":[{"embeddable":true,"href":"https:\/\/blog.rwth-aachen.de\/itc-changes\/wp-json\/wp\/v2\/users\/6512"}],"replies":[{"embeddable":true,"href":"https:\/\/blog.rwth-aachen.de\/itc-changes\/wp-json\/wp\/v2\/comments?post=918"}],"version-history":[{"count":8,"href":"https:\/\/blog.rwth-aachen.de\/itc-changes\/wp-json\/wp\/v2\/pages\/918\/revisions"}],"predecessor-version":[{"id":1009,"href":"https:\/\/blog.rwth-aachen.de\/itc-changes\/wp-json\/wp\/v2\/pages\/918\/revisions\/1009"}],"wp:attachment":[{"href":"https:\/\/blog.rwth-aachen.de\/itc-changes\/wp-json\/wp\/v2\/media?parent=918"}],"curies":[{"name":"wp","href":"https:\/\/api.w.org\/{rel}","templated":true}]}}