{"id":921,"date":"2025-10-23T10:20:33","date_gmt":"2025-10-23T08:20:33","guid":{"rendered":"https:\/\/blog.rwth-aachen.de\/itc-changes\/?page_id=921"},"modified":"2025-10-27T12:49:23","modified_gmt":"2025-10-27T11:49:23","slug":"qmslportal","status":"publish","type":"page","link":"https:\/\/blog.rwth-aachen.de\/itc-changes\/qmslportal\/","title":{"rendered":"QMSLportal"},"content":{"rendered":"<p>Das <a href=\"https:\/\/www.rwth-aachen.de\/cms\/root\/studium\/lehre\/lehre\/qualitaetsmanagement-instrumente\/~txgkm\/datencockpit\/\">QMSLportal<\/a> ist eine Plattform, die autorisierten Nutzenden aggregierte Daten zu Studieng\u00e4ngen bereitstellt. Dazu geh\u00f6ren Ergebnisse zentraler Befragungen sowie Reports zu durchschnittlichen Studienverl\u00e4ufen und Creditpunkt-Erreichungen pro Fachsemester, sowohl f\u00fcr einzelne Studieng\u00e4nge als auch f\u00fcr Fakult\u00e4ten.<\/p>\n<p>Das Tool dient zur Erstellung von Datengrundlagen f\u00fcr Jahresgespr\u00e4che und Studiengangevaluationen. Die daraus resultierenden Ma\u00dfnahmenkataloge sind f\u00fcr alle Mitglieder der RWTH Aachen einsehbar.<\/p>\n<p>&nbsp;<\/p>\n<h3>Changes (Neueste zuerst)<\/h3>\n<p>&nbsp;<\/p>\n<p><ul class=\"display-posts-listing\"><li class=\"listing-item\"><a class=\"title\" href=\"https:\/\/blog.rwth-aachen.de\/itc-changes\/2025\/01\/31\/qmslportal-2-0-ueberarbeitete-studiengangevaluation-mit-neuem-qualitaetszielsystem\/\">QMSLportal 2.0. : \u00dcberarbeitete Studiengangevaluation mit neuem Qualit\u00e4tszielsystem<\/a><\/li><li class=\"listing-item\"><a class=\"title\" href=\"https:\/\/blog.rwth-aachen.de\/itc-changes\/2025\/01\/31\/qmslportal-2-0-barrierefrei-mit-neuer-struktur\/\">QMSLportal 2.0: Barrierefrei mit neuer Struktur<\/a><\/li><\/ul><\/p>","protected":false},"excerpt":{"rendered":"<p>Das QMSLportal ist eine Plattform, die autorisierten Nutzenden aggregierte Daten zu Studieng\u00e4ngen bereitstellt. Dazu geh\u00f6ren Ergebnisse zentraler Befragungen sowie Reports zu durchschnittlichen Studienverl\u00e4ufen und Creditpunkt-Erreichungen pro Fachsemester, sowohl f\u00fcr einzelne [&hellip;]<\/p>\n","protected":false},"author":6512,"featured_media":0,"parent":0,"menu_order":0,"comment_status":"closed","ping_status":"closed","template":"","meta":{"c2c_always_allow_admin_comments":false,"footnotes":""},"class_list":["post-921","page","type-page","status-publish","hentry"],"aioseo_notices":[],"_links":{"self":[{"href":"https:\/\/blog.rwth-aachen.de\/itc-changes\/wp-json\/wp\/v2\/pages\/921","targetHints":{"allow":["GET"]}}],"collection":[{"href":"https:\/\/blog.rwth-aachen.de\/itc-changes\/wp-json\/wp\/v2\/pages"}],"about":[{"href":"https:\/\/blog.rwth-aachen.de\/itc-changes\/wp-json\/wp\/v2\/types\/page"}],"author":[{"embeddable":true,"href":"https:\/\/blog.rwth-aachen.de\/itc-changes\/wp-json\/wp\/v2\/users\/6512"}],"replies":[{"embeddable":true,"href":"https:\/\/blog.rwth-aachen.de\/itc-changes\/wp-json\/wp\/v2\/comments?post=921"}],"version-history":[{"count":5,"href":"https:\/\/blog.rwth-aachen.de\/itc-changes\/wp-json\/wp\/v2\/pages\/921\/revisions"}],"predecessor-version":[{"id":949,"href":"https:\/\/blog.rwth-aachen.de\/itc-changes\/wp-json\/wp\/v2\/pages\/921\/revisions\/949"}],"wp:attachment":[{"href":"https:\/\/blog.rwth-aachen.de\/itc-changes\/wp-json\/wp\/v2\/media?parent=921"}],"curies":[{"name":"wp","href":"https:\/\/api.w.org\/{rel}","templated":true}]}}