{"id":4800,"date":"2021-07-08T18:48:12","date_gmt":"2021-07-08T16:48:12","guid":{"rendered":"https:\/\/blog.rwth-aachen.de\/itc-events\/?page_id=4800"},"modified":"2021-07-16T11:02:40","modified_gmt":"2021-07-16T09:02:40","slug":"disclaimer","status":"publish","type":"page","link":"https:\/\/blog.rwth-aachen.de\/itc-events\/en\/disclaimer\/","title":{"rendered":"Disclaimer"},"content":{"rendered":"<p><\/p>\n<div class=\"entry\">\n<p><strong>Urheberrecht<\/strong><\/p>\n<p>Falls nicht anders angegeben, unterliegen alle Seiten auf dem Blog dem Urheberrecht (Copyright) der jeweiligen Autoren. Dies gilt insbesondere f\u00fcr Texte, Bilder, Grafiken, Style-, Ton-, Video- oder Animationsdateien, einschlie\u00dflich deren Anordnung auf den Webseiten.<\/p>\n<p>Eine Vervielf\u00e4ltigung oder Verwendung von Webseiten (oder von Teilen daraus) in anderen elektronischen oder gedruckten Publikationen und deren Ver\u00f6ffentlichung (auch im Internet) ist nur nach vorheriger Genehmigung durch die Autoren gestattet.<\/p>\n<p>Weiterhin k\u00f6nnen Bilder, Grafiken, Text- oder sonstige Dateien ganz oder teilweise dem Urheberrecht Dritter unterliegen.<\/p>\n<p><strong>Haftungsausschluss<\/strong><\/p>\n<p>Die Redaktion hat alle in ihrem Bereich bereitgestellten Informationen nach bestem Wissen und Gewissen erarbeitet und gepr\u00fcft. Es wird jedoch keine Gew\u00e4hr f\u00fcr die Aktualit\u00e4t, Richtigkeit, Vollst\u00e4ndigkeit oder Qualit\u00e4t und jederzeitige Verf\u00fcgbarkeit der bereitgestellten Informationen \u00fcbernommen.<\/p>\n<p>F\u00fcr etwaige Sch\u00e4den, die beim Aufrufen oder Herunterladen von Daten durch Computerviren oder der Installation oder Nutzung von Software verursacht werden, wird nicht gehaftet.<\/p>\n<p><strong>Links und Verweise (Disclaimer)<\/strong><\/p>\n<p>Der Herausgeber ist nur f\u00fcr die \u201eeigenen Inhalte\u201d, die er zur Nutzung bereith\u00e4lt, nach den einschl\u00e4gigen Gesetzen verantwortlich. Von diesen eigenen Inhalten sind Querverweise (\u201eLinks\u201d) auf die Webseiten anderer Anbieter zu unterscheiden. Auf deren Inhalt hat der Herausgeber keinen Einfluss und \u00fcbernimmt keine Haftung; f\u00fcr die Inhalte der verlinkten Seiten ist stets der jeweilige Anbieter oder Betreiber der Seiten verantwortlich.<\/p>\n<p>F\u00fcr illegale, fehlerhafte oder unvollst\u00e4ndige Inhalte und insbesondere f\u00fcr Sch\u00e4den, die aus der Nutzung oder Nichtnutzung von Informationen Dritter entstehen, haftet allein der jeweilige Anbieter der Seite, auf welche verwiesen wurde.<\/p>\n<p><strong>Datenschutz <\/strong><\/p>\n<p>Die Nutzung unserer Webseite ist in der Regel ohne Angabe personenbezogener Daten m\u00f6glich. Soweit auf unseren Seiten personenbezogene Daten (beispielsweise Name, Anschrift oder E-Mail-Adressen) erhoben werden, erfolgt dies, soweit m\u00f6glich, stets auf freiwilliger Basis. Diese Daten werden ohne Ihre ausdr\u00fcckliche Zustimmung nicht an Dritte weitergegeben.<\/p>\n<p>Unsere Informationsseiten werden ausschlie\u00dflich auf den zentralen Webservern des Rechenzentrums und der Verwaltung der RWTH Aachen zur Verf\u00fcgung gestellt.<br \/>\nJeder Ihrer Zugriffe auf das Internetangebot der RWTH Aachen wird in einer Protokolldatei gespeichert. Die Daten in der Protokolldatei sind nicht personenbezogen und werden nur zur Optimierung des Internetangebotes ausgewertet. Wir k\u00f6nnen somit nicht nachvollziehen, auf welche Seiten Sie zugegriffen, bzw. welche Dateien Sie abgerufen haben.<br \/>\nIn der Protokolldatei werden folgende Daten gespeichert:<\/p>\n<ul>\n<li>Name der abgerufenen Datei<\/li>\n<li>Datum und Uhrzeit des Abrufs<\/li>\n<li>Meldung, ob der Abruf erfolgreich war<\/li>\n<li>IP-Adresse<\/li>\n<\/ul>\n<p>Im Zuge der Vermarktung der Webseite entstehen auch am Advertising-Server Zugriffsprotokolle. Diese werden ebenfalls nur zu rein statistischen Auswertungen herangezogen und beinhalten keine personenbezogenen Daten.<br \/>\nIn diesen Protokolldateien werden folgende Daten gespeichert:<\/p>\n<ul>\n<li>Name der abgerufenen Datei<\/li>\n<li>Datum und Uhrzeit des Abrufs<\/li>\n<li>Browsertyp<\/li>\n<li>IP-Adresse<\/li>\n<\/ul>\n<p>Auf unserer Seiten sind aktuell keine Funktionen anderer Dienste, wie Twitter, eingebunden.<\/p>\n<p><strong>Analysedienste<\/strong><\/p>\n<p>Unsere Website verwendet Piwik, dabei handelt es sich um einen sogenannten Webanalysedienst. Piwik verwendet sog. \u201cCookies\u201d, das sind Textdateien, die auf Ihrem Computer gespeichert werden und die unsererseits eine Analyse der Benutzung der Webseite erm\u00f6glichen. Zu diesem Zweck werden die durch den Cookie erzeugten Nutzungsinformationen (einschlie\u00dflich Ihrer gek\u00fcrzten IP-Adresse) an unseren Server \u00fcbertragen und zu Nutzungsanalysezwecken gespeichert, was der Webseitenoptimierung unsererseits dient. Ihre IP-Adresse wird bei diesem Vorgang umge\u00adhend anony\u00admi\u00adsiert, so dass Sie als Nutzer f\u00fcr uns anonym bleiben. Die durch den Cookie erzeugten Informationen \u00fcber Ihre Benutzung dieser Webseite werden nicht an Dritte weitergegeben. Sie k\u00f6nnen die Verwendung der Cookies durch eine entsprechende Einstellung Ihrer Browser Software verhindern, es kann jedoch sein, dass Sie in diesem Fall gegebenenfalls nicht s\u00e4mtliche Funktionen dieser Website voll umf\u00e4nglich nutzen k\u00f6nnen.<\/p>\n<p>Wenn Sie mit der Speicherung und Auswertung dieser Daten aus Ihrem Besuch nicht einverstanden sind, dann k\u00f6nnen Sie der Speicherung und Nutzung nachfolgend per Masuklick jederzeit widersprechen. In diesem Fall wird in Ihrem Browser ein sog. Opt-Out-Cookie abgelegt, was zur Folge hat, dass Piwik keinerlei Sitzungsdaten erhebt<em>.<\/em> <strong>Achtung:<\/strong>\u00a0Wenn Sie Ihre Cookies l\u00f6schen, so hat dies zur Folge, dass auch das Opt-Out-Cookie gel\u00f6scht wird und ggf. von Ihnen erneut aktiviert werden muss.<\/p>\n<p><em>(Quelle:\u00a0<\/em><a href=\"http:\/\/www.datenschutzbeauftragter-info.de\/\"><em>www.datenschutzbeauftragter-info.de<\/em><\/a><em>)<\/em><\/p>\n<p><iframe src=\"https:\/\/piwiksd.itc.rwth-aachen.de\/index.php?module=CoreAdminHome&amp;action=optOut&amp;idsite=6&amp;language=de\" data-mce-fragment=\"1\"><\/iframe><\/p>\n<p><strong>Rechtswirksamkeit des Haftungsausschlusses<\/strong><\/p>\n<p>Sofern Teile oder einzelne Formulierungen dieses Textes der geltenden Rechtslage nicht, nicht mehr oder nicht vollst\u00e4ndig entsprechen sollten, bleiben die \u00fcbrigen Teile des Dokumentes in ihrem Inhalt und ihrer G\u00fcltigkeit davon unber\u00fchrt.<\/p>\n<p><strong>Blog Policy<\/strong><\/p>\n<p><em>Kommentare &amp; Regeln<\/em><\/p>\n<p>Dieser Blog ist gedacht als redaktionell gef\u00fchrte Plattform zur freien und kritischen Diskussion und zum Informationsaustausch.<br \/>\nDie Redaktion begr\u00fc\u00dft Leserkommentare! Alle Kommentare werden von uns gelesen und ggf. auch an die jeweilige Fachabteilung oder Institution zur Beantwortung weitergeleitet. Folgende Regeln sind allerdings zu beachten:<\/p>\n<ul>\n<li>Wir pflegen in diesem Blog einen h\u00f6flichen Umgang miteinander. Untersagt sind Beleidigungen genauso wie Inhalte und Pseudonyme die ehrverletzend, jugendgef\u00e4hrdend, politisch oder religi\u00f6s extrem, pornographisch, strafbar, polemisch oder anderweitig inakzeptabel sind.<\/li>\n<li>Eine missbr\u00e4uchliche Nutzung des Blogs f\u00fcr kommerzielle Werbung, Kettenbriefe, Werbung f\u00fcr Webseiten und illegale Aktivit\u00e4ten ist nicht erlaubt.<\/li>\n<li>\u00a0Das Vort\u00e4uschen einer fremden Identit\u00e4t ist verboten.<\/li>\n<li>Unsinnige Texte oder thematisch irrelevante Inhalte sind in unserem Blog ungern gesehen. Kommentare sollten sich daher stets auf zugeh\u00f6rige Artikel beziehen!<\/li>\n<li>Wir behalten uns vor, Kommentare unter thematischen Gesichtspunkten zu ordnen und zusammenzufassen und Kommentare, die gegen die oben genannten Regeln versto\u00dfen oder potentiell rechtswidrigen Inhalt haben, zu l\u00f6schen. Falls Kritik an der Moderierung eines eigenen Kommentars besteht, kann diese an servicedesk@itc.rwth-aachen.de gerichtet werden.<br \/>\nZuwiderhandelnde Blog-Teilnehmer k\u00f6nnen von uns aus dem Blog verwiesen werden.<br \/>\n\u2022 Um gegen Verhaltensweisen vorgehen zu k\u00f6nnen, die gegen die Nutzungsbedingungen oder Regeln versto\u00dfen, sind wir auf Ihre Mithilfe angewiesen. Sollten Sie einen Versto\u00df beobachten, bitten wir um Ihre Unterst\u00fctzung: Bitte melden Sie uns unverz\u00fcglich Verst\u00f6\u00dfe gegen die Nutzungsbedingungen: servicedesk@itc.rwth-aachen.de<\/li>\n<\/ul>\n<\/div>\n<p><\/p>","protected":false},"excerpt":{"rendered":"<p>Urheberrecht Falls nicht anders angegeben, unterliegen alle Seiten auf dem Blog dem Urheberrecht (Copyright) der jeweiligen Autoren. Dies gilt insbesondere f\u00fcr Texte, Bilder, Grafiken, Style-, Ton-, Video- oder Animationsdateien, einschlie\u00dflich [&hellip;]<\/p>\n","protected":false},"author":3066,"featured_media":0,"parent":0,"menu_order":0,"comment_status":"closed","ping_status":"closed","template":"","meta":{"_price":"","_stock":"","_tribe_ticket_header":"","_tribe_default_ticket_provider":"","_ticket_start_date":"","_ticket_end_date":"","_tribe_ticket_show_description":"","_tribe_ticket_show_not_going":false,"_tribe_ticket_use_global_stock":"","_tribe_ticket_global_stock_level":"","_global_stock_mode":"","_global_stock_cap":"","_tribe_rsvp_for_event":"","_tribe_ticket_going_count":"","_tribe_ticket_not_going_count":"","_tribe_tickets_list":"[]","_tribe_ticket_has_attendee_info_fields":false,"c2c_always_allow_admin_comments":false,"footnotes":""},"class_list":["post-4800","page","type-page","status-publish","hentry"],"_links":{"self":[{"href":"https:\/\/blog.rwth-aachen.de\/itc-events\/en\/wp-json\/wp\/v2\/pages\/4800","targetHints":{"allow":["GET"]}}],"collection":[{"href":"https:\/\/blog.rwth-aachen.de\/itc-events\/en\/wp-json\/wp\/v2\/pages"}],"about":[{"href":"https:\/\/blog.rwth-aachen.de\/itc-events\/en\/wp-json\/wp\/v2\/types\/page"}],"author":[{"embeddable":true,"href":"https:\/\/blog.rwth-aachen.de\/itc-events\/en\/wp-json\/wp\/v2\/users\/3066"}],"replies":[{"embeddable":true,"href":"https:\/\/blog.rwth-aachen.de\/itc-events\/en\/wp-json\/wp\/v2\/comments?post=4800"}],"version-history":[{"count":3,"href":"https:\/\/blog.rwth-aachen.de\/itc-events\/en\/wp-json\/wp\/v2\/pages\/4800\/revisions"}],"predecessor-version":[{"id":4841,"href":"https:\/\/blog.rwth-aachen.de\/itc-events\/en\/wp-json\/wp\/v2\/pages\/4800\/revisions\/4841"}],"wp:attachment":[{"href":"https:\/\/blog.rwth-aachen.de\/itc-events\/en\/wp-json\/wp\/v2\/media?parent=4800"}],"curies":[{"name":"wp","href":"https:\/\/api.w.org\/{rel}","templated":true}]}}