{"id":3567,"date":"2021-04-26T14:34:01","date_gmt":"2021-04-26T12:34:01","guid":{"rendered":"https:\/\/blog.rwth-aachen.de\/itc-events\/?page_id=3567"},"modified":"2025-10-17T09:15:09","modified_gmt":"2025-10-17T07:15:09","slug":"rwth-adminrunde","status":"publish","type":"page","link":"https:\/\/blog.rwth-aachen.de\/itc-events\/rwth-adminrunde\/","title":{"rendered":"RWTH Adminrunde"},"content":{"rendered":"<p><img loading=\"lazy\" decoding=\"async\" class=\"wp-image-3568 aligncenter\" src=\"https:\/\/blog.rwth-aachen.de\/itc-events\/files\/2021\/04\/show_picture.asp_.jpg\" alt=\"\" width=\"665\" height=\"341\" srcset=\"https:\/\/blog.rwth-aachen.de\/itc-events\/files\/2021\/04\/show_picture.asp_.jpg 881w, https:\/\/blog.rwth-aachen.de\/itc-events\/files\/2021\/04\/show_picture.asp_-300x154.jpg 300w, https:\/\/blog.rwth-aachen.de\/itc-events\/files\/2021\/04\/show_picture.asp_-768x394.jpg 768w\" sizes=\"auto, (max-width: 665px) 100vw, 665px\" \/><\/p>\n<p>Zwei- bis dreimal im Jahr berichten nicht nur das IT Center, sondern auch Kolleginnen und Kollegen aus anderen zentralen Einrichtungen sowie Instituten und Lehrst\u00fchlen \u00fcber Themen, die gerade bewegen. Neben kompakten Informationen gibt es Raum f\u00fcr Feedback sowie Fragen. Eure R\u00fcckmeldungen flie\u00dfen direkt in unsere Aktivit\u00e4ten und die Weiterentwicklung unserer Services ein \u2013konkret und praxisnah.<\/p>\n<p>Ihr k\u00f6nnt euch selbstst\u00e4ndig zu der <a href=\"https:\/\/lists.rwth-aachen.de\/postorius\/lists\/infoveranstaltung-admin.lists.rwth-aachen.de\/\">Mailingliste hinzuf\u00fcgen.<\/a><\/p>\n<p>Mit dieser Mailingliste <em><strong>infoveranstaltung-admin@lists.rwth-aachen.de<\/strong><\/em> verpasst ihr keine Termine, Themen oder Materialien.<\/p>\n<p>Ihr bekommt:<\/p>\n<ul>\n<li>Vor allem Einladungen zu kommenden Adminrunden<\/li>\n<li>Infos zu besonderen IT-Themen an der RWTH<\/li>\n<\/ul>\n<p>Jetzt anmelden und immer auf dem neuesten Stand der IT-Themen an der RWTH Aachen bleiben!<\/p>\n<h3>Kommende Veranstaltungen<\/h3>\n<ul class=\"ecs-event-list\"><li class=\"ecs-event rwth-adminrunde_ecs_category wiederkehrend_ecs_category\"><h4 class=\"entry-title summary\"><a href=\"https:\/\/blog.rwth-aachen.de\/itc-events\/event\/rwth-adminrunde-juni-2026\/\" rel=\"bookmark\">RWTH Adminrunde Juni 2026<\/a><\/h4><span class=\"duration time\"><span class=\"tribe-event-date-start\">Mittwoch, 10. Juni \u25ba 10:00<\/span> - <span class=\"tribe-event-time\">12:00<\/span><\/span><\/li><\/ul><script type=\"application\/ld+json\">\r\n[{\"@context\":\"http:\/\/schema.org\",\"@type\":\"Event\",\"name\":\"RWTH Adminrunde Juni 2026\",\"description\":\"&lt;p&gt;Name:\\u00a0RWTH Adminrunde Juni 2026 Veranstaltungsart:\\u00a0Informationsveranstaltung Datum: 10.06.2026 Uhrzeit: 10:00-12:00 Uhr Ort:\\u00a0Videokonferenz (Webex) Zielgruppe: Admins der RWTH Aachen und alle weiteren Interessierten der RWTH &nbsp; Beschreibung Die n\\u00e4chste Adminrunde findet am [&hellip;]&lt;\/p&gt;\\\\n\",\"url\":\"https:\/\/blog.rwth-aachen.de\/itc-events\/event\/rwth-adminrunde-juni-2026\/\",\"eventAttendanceMode\":\"https:\/\/schema.org\/OfflineEventAttendanceMode\",\"eventStatus\":\"https:\/\/schema.org\/EventScheduled\",\"startDate\":\"2026-06-10T10:00:00+02:00\",\"endDate\":\"2026-06-10T12:00:00+02:00\",\"location\":{\"@type\":\"Place\",\"name\":\"Online\",\"description\":\"&lt;p&gt;Die genauen Zugangsdaten finden Sie in der jeweiligen Veranstaltung&lt;\/p&gt;\\\\n\",\"url\":\"\",\"address\":{\"@type\":\"PostalAddress\",\"addressCountry\":\"Deutschland\"},\"telephone\":\"\",\"sameAs\":\"\"},\"organizer\":{\"@type\":\"Person\",\"name\":\"IT Center\",\"description\":\"\",\"url\":\"http:\/\/www.itc.rwth-aachen.de\",\"telephone\":\"\",\"email\":\"ev&#101;n&#116;s&#64;i&#116;c.rwth&#45;aac&#104;en&#46;d&#101;\",\"sameAs\":\"http:\/\/www.itc.rwth-aachen.de\"},\"performer\":\"Organization\"}]\r\n<\/script><!--\n Event listing powered by The Events Calendar Shortcode\n https:\/\/eventcalendarnewsletter.com\/the-events-calendar-shortcode\/ \n-->\n<p>&nbsp;<\/p>\n<h3>Vergangene Veranstaltungen<\/h3>\n<ul class=\"ecs-event-list\"><li class=\"ecs-event rwth-adminrunde_ecs_category wiederkehrend_ecs_category\"><h4 class=\"entry-title summary\"><a href=\"https:\/\/blog.rwth-aachen.de\/itc-events\/event\/rwth-adminrunde-februar-2026\/\" rel=\"bookmark\">RWTH Adminrunde Februar 2026<\/a><\/h4><span class=\"duration time\"><span class=\"tribe-event-date-start\">Mittwoch, 4. Februar \u25ba 10:00<\/span> - <span class=\"tribe-event-time\">12:00<\/span><\/span><\/li><li class=\"ecs-event rwth-adminrunde_ecs_category wiederkehrend_ecs_category\"><h4 class=\"entry-title summary\"><a href=\"https:\/\/blog.rwth-aachen.de\/itc-events\/event\/rwth-adminrunde-september-2025\/\" rel=\"bookmark\">RWTH Adminrunde September 2025<\/a><\/h4><span class=\"duration time\"><span class=\"tribe-event-date-start\">Mittwoch, 17. September 2025 \u25ba 10:00<\/span> - <span class=\"tribe-event-time\">12:00<\/span><\/span><\/li><li class=\"ecs-event rwth-adminrunde_ecs_category wiederkehrend_ecs_category\"><h4 class=\"entry-title summary\"><a href=\"https:\/\/blog.rwth-aachen.de\/itc-events\/event\/rwth-adminrunde-april-2025\/\" rel=\"bookmark\">RWTH Adminrunde April 2025<\/a><\/h4><span class=\"duration time\"><span class=\"tribe-event-date-start\">Mittwoch, 2. April 2025 \u25ba 10:15<\/span> - <span class=\"tribe-event-time\">12:00<\/span><\/span><\/li><li class=\"ecs-event rwth-adminrunde_ecs_category wiederkehrend_ecs_category\"><h4 class=\"entry-title summary\"><a href=\"https:\/\/blog.rwth-aachen.de\/itc-events\/event\/rwth-adminrunde-november-2024\/\" rel=\"bookmark\">RWTH Adminrunde November 2024<\/a><\/h4><span class=\"duration time\"><span class=\"tribe-event-date-start\">Mittwoch, 13. November 2024 \u25ba 10:30<\/span> - <span class=\"tribe-event-time\">12:00<\/span><\/span><\/li><li class=\"ecs-event rwth-adminrunde_ecs_category wiederkehrend_ecs_category\"><h4 class=\"entry-title summary\"><a href=\"https:\/\/blog.rwth-aachen.de\/itc-events\/event\/adminrunde-juni-2024\/\" rel=\"bookmark\">RWTH Adminrunde Juni 2024<\/a><\/h4><span class=\"duration time\"><span class=\"tribe-event-date-start\">Mittwoch, 26. Juni 2024 \u25ba 10:00<\/span> - <span class=\"tribe-event-time\">12:00<\/span><\/span><\/li><\/ul><script type=\"application\/ld+json\">\r\n[{\"@context\":\"http:\/\/schema.org\",\"@type\":\"Event\",\"name\":\"RWTH Adminrunde Februar 2026\",\"description\":\"&lt;p&gt;Name:\\u00a0RWTH Adminrunde Februar 2026 Veranstaltungsart:\\u00a0Informationsveranstaltung Datum: Mittwoch, den 4. Februar 2026 Uhrzeit: 10:00-12:00 Uhr Ort:\\u00a0Videokonferenz (Webex) Zielgruppe: Admins der RWTH Aachen und alle weiteren Interessierten der RWTH &nbsp; Beschreibung Die [&hellip;]&lt;\/p&gt;\\\\n\",\"url\":\"https:\/\/blog.rwth-aachen.de\/itc-events\/event\/rwth-adminrunde-februar-2026\/\",\"eventAttendanceMode\":\"https:\/\/schema.org\/OfflineEventAttendanceMode\",\"eventStatus\":\"https:\/\/schema.org\/EventScheduled\",\"startDate\":\"2026-02-04T10:00:00+01:00\",\"endDate\":\"2026-02-04T12:00:00+01:00\",\"organizer\":{\"@type\":\"Person\",\"name\":\"IT Center\",\"description\":\"\",\"url\":\"http:\/\/www.itc.rwth-aachen.de\",\"telephone\":\"\",\"email\":\"e&#118;ents&#64;&#105;t&#99;&#46;&#114;&#119;th&#45;&#97;&#97;&#99;he&#110;&#46;d&#101;\",\"sameAs\":\"http:\/\/www.itc.rwth-aachen.de\"},\"performer\":\"Organization\"},{\"@context\":\"http:\/\/schema.org\",\"@type\":\"Event\",\"name\":\"RWTH Adminrunde September 2025\",\"description\":\"&lt;p&gt;Name:\\u00a0RWTH Adminrunde September 2025 Veranstaltungsart:\\u00a0Informationsveranstaltung Datum: Mittwoch, den 17. September 2025 Uhrzeit: 10:00-12:00 Uhr Ort:\\u00a0Videokonferenz (Webex) Zielgruppe: Admins der RWTH Aachen und alle weiteren Interessierten der RWTH &nbsp; Beschreibung Die [&hellip;]&lt;\/p&gt;\\\\n\",\"url\":\"https:\/\/blog.rwth-aachen.de\/itc-events\/event\/rwth-adminrunde-september-2025\/\",\"eventAttendanceMode\":\"https:\/\/schema.org\/OfflineEventAttendanceMode\",\"eventStatus\":\"https:\/\/schema.org\/EventScheduled\",\"startDate\":\"2025-09-17T10:00:00+02:00\",\"endDate\":\"2025-09-17T12:00:00+02:00\",\"location\":{\"@type\":\"Place\",\"name\":\"Online\",\"description\":\"&lt;p&gt;Die genauen Zugangsdaten finden Sie in der jeweiligen Veranstaltung&lt;\/p&gt;\\\\n\",\"url\":\"\",\"address\":{\"@type\":\"PostalAddress\",\"addressCountry\":\"Deutschland\"},\"telephone\":\"\",\"sameAs\":\"\"},\"performer\":\"Organization\"},{\"@context\":\"http:\/\/schema.org\",\"@type\":\"Event\",\"name\":\"RWTH Adminrunde April 2025\",\"description\":\"&lt;p&gt;Name:\\u00a0RWTH Adminrunde April 2025 Veranstaltungsart:\\u00a0Informationsveranstaltung Datum: Mittwoch, den 2. April 2025 Uhrzeit: 10:15-12:00 Uhr Ort:\\u00a0Videokonferenz Zielgruppe: Admins der RWTH Aachen und alle weiteren Interessierten der RWTH &nbsp; Beschreibung Die n\\u00e4chste [&hellip;]&lt;\/p&gt;\\\\n\",\"url\":\"https:\/\/blog.rwth-aachen.de\/itc-events\/event\/rwth-adminrunde-april-2025\/\",\"eventAttendanceMode\":\"https:\/\/schema.org\/OfflineEventAttendanceMode\",\"eventStatus\":\"https:\/\/schema.org\/EventScheduled\",\"startDate\":\"2025-04-02T10:15:00+02:00\",\"endDate\":\"2025-04-02T12:00:00+02:00\",\"location\":{\"@type\":\"Place\",\"name\":\"Online\",\"description\":\"&lt;p&gt;Die genauen Zugangsdaten finden Sie in der jeweiligen Veranstaltung&lt;\/p&gt;\\\\n\",\"url\":\"\",\"address\":{\"@type\":\"PostalAddress\",\"addressCountry\":\"Deutschland\"},\"telephone\":\"\",\"sameAs\":\"\"},\"organizer\":{\"@type\":\"Person\",\"name\":\"IT Center\",\"description\":\"\",\"url\":\"http:\/\/www.itc.rwth-aachen.de\",\"telephone\":\"\",\"email\":\"ev&#101;&#110;t&#115;&#64;i&#116;&#99;.&#114;wt&#104;&#45;&#97;&#97;ch&#101;n.de\",\"sameAs\":\"http:\/\/www.itc.rwth-aachen.de\"},\"performer\":\"Organization\"},{\"@context\":\"http:\/\/schema.org\",\"@type\":\"Event\",\"name\":\"RWTH Adminrunde November 2024\",\"description\":\"&lt;p&gt;Name:\\u00a0RWTH Adminrunde November 2024 Veranstaltungsart:\\u00a0Informationsveranstaltung Datum: 13. November 2024 Uhrzeit: 10:30 bis 12:00 Uhr Ort:\\u00a0Videokonferenz Zielgruppe:\\u00a0Admins der RWTH Aachen und alle weiteren Interessierten &nbsp; Beschreibung Die n\\u00e4chste Adminrunde findet am [&hellip;]&lt;\/p&gt;\\\\n\",\"url\":\"https:\/\/blog.rwth-aachen.de\/itc-events\/event\/rwth-adminrunde-november-2024\/\",\"eventAttendanceMode\":\"https:\/\/schema.org\/OfflineEventAttendanceMode\",\"eventStatus\":\"https:\/\/schema.org\/EventScheduled\",\"startDate\":\"2024-11-13T10:30:00+01:00\",\"endDate\":\"2024-11-13T12:00:00+01:00\",\"location\":{\"@type\":\"Place\",\"name\":\"Online\",\"description\":\"&lt;p&gt;Die genauen Zugangsdaten finden Sie in der jeweiligen Veranstaltung&lt;\/p&gt;\\\\n\",\"url\":\"\",\"address\":{\"@type\":\"PostalAddress\",\"addressCountry\":\"Deutschland\"},\"telephone\":\"\",\"sameAs\":\"\"},\"performer\":\"Organization\"},{\"@context\":\"http:\/\/schema.org\",\"@type\":\"Event\",\"name\":\"RWTH Adminrunde Juni 2024\",\"description\":\"&lt;p&gt;Name:\\u00a0RWTH Adminrunde Juni 2024 Veranstaltungsart:\\u00a0Informationsveranstaltung Datum: 26. Juni 2024 Uhrzeit:\\u00a010:00 bis 12:00 Uhr Ort:\\u00a0Videokonferenz Zielgruppe:\\u00a0Admins der RWTH Aachen und alle weiteren Interessierten &nbsp; Beschreibung Die n\\u00e4chste Adminrunde findet am Mittwoch, [&hellip;]&lt;\/p&gt;\\\\n\",\"url\":\"https:\/\/blog.rwth-aachen.de\/itc-events\/event\/adminrunde-juni-2024\/\",\"eventAttendanceMode\":\"https:\/\/schema.org\/OfflineEventAttendanceMode\",\"eventStatus\":\"https:\/\/schema.org\/EventScheduled\",\"startDate\":\"2024-06-26T10:00:00+02:00\",\"endDate\":\"2024-06-26T12:00:00+02:00\",\"location\":{\"@type\":\"Place\",\"name\":\"Online\",\"description\":\"&lt;p&gt;Die genauen Zugangsdaten finden Sie in der jeweiligen Veranstaltung&lt;\/p&gt;\\\\n\",\"url\":\"\",\"address\":{\"@type\":\"PostalAddress\",\"addressCountry\":\"Deutschland\"},\"telephone\":\"\",\"sameAs\":\"\"},\"organizer\":{\"@type\":\"Person\",\"name\":\"IT Center\",\"description\":\"\",\"url\":\"http:\/\/www.itc.rwth-aachen.de\",\"telephone\":\"\",\"email\":\"eve&#110;&#116;&#115;&#64;i&#116;&#99;&#46;&#114;w&#116;&#104;&#45;&#97;&#97;ch&#101;&#110;.&#100;e\",\"sameAs\":\"http:\/\/www.itc.rwth-aachen.de\"},\"performer\":\"Organization\"}]\r\n<\/script><!--\n Event listing powered by The Events Calendar Shortcode\n https:\/\/eventcalendarnewsletter.com\/the-events-calendar-shortcode\/ \n-->\n<p><a href=\"https:\/\/blog.rwth-aachen.de\/itc-events\/archiv-rwth-adminrunde\/\">Alle vergangene Veranstaltungen<\/a><\/p>","protected":false},"excerpt":{"rendered":"<p>Zwei- bis dreimal im Jahr berichten nicht nur das IT Center, sondern auch Kolleginnen und Kollegen aus anderen zentralen Einrichtungen sowie Instituten und Lehrst\u00fchlen \u00fcber Themen, die gerade bewegen. Neben [&hellip;]<\/p>\n","protected":false},"author":2589,"featured_media":0,"parent":0,"menu_order":0,"comment_status":"closed","ping_status":"closed","template":"","meta":{"_price":"","_stock":"","_tribe_ticket_header":"","_tribe_default_ticket_provider":"","_tribe_ticket_capacity":"","_ticket_start_date":"","_ticket_end_date":"","_tribe_ticket_show_description":"","_tribe_ticket_show_not_going":false,"_tribe_ticket_use_global_stock":"","_tribe_ticket_global_stock_level":"","_global_stock_mode":"","_global_stock_cap":"","_tribe_rsvp_for_event":"","_tribe_ticket_going_count":"","_tribe_ticket_not_going_count":"","_tribe_tickets_list":"[]","_tribe_ticket_has_attendee_info_fields":false,"c2c_always_allow_admin_comments":false,"footnotes":""},"class_list":["post-3567","page","type-page","status-publish","hentry","cat_rwth-adminrunde","cat_wiederkehrend"],"_links":{"self":[{"href":"https:\/\/blog.rwth-aachen.de\/itc-events\/wp-json\/wp\/v2\/pages\/3567","targetHints":{"allow":["GET"]}}],"collection":[{"href":"https:\/\/blog.rwth-aachen.de\/itc-events\/wp-json\/wp\/v2\/pages"}],"about":[{"href":"https:\/\/blog.rwth-aachen.de\/itc-events\/wp-json\/wp\/v2\/types\/page"}],"author":[{"embeddable":true,"href":"https:\/\/blog.rwth-aachen.de\/itc-events\/wp-json\/wp\/v2\/users\/2589"}],"replies":[{"embeddable":true,"href":"https:\/\/blog.rwth-aachen.de\/itc-events\/wp-json\/wp\/v2\/comments?post=3567"}],"version-history":[{"count":27,"href":"https:\/\/blog.rwth-aachen.de\/itc-events\/wp-json\/wp\/v2\/pages\/3567\/revisions"}],"predecessor-version":[{"id":7633,"href":"https:\/\/blog.rwth-aachen.de\/itc-events\/wp-json\/wp\/v2\/pages\/3567\/revisions\/7633"}],"wp:attachment":[{"href":"https:\/\/blog.rwth-aachen.de\/itc-events\/wp-json\/wp\/v2\/media?parent=3567"}],"curies":[{"name":"wp","href":"https:\/\/api.w.org\/{rel}","templated":true}]}}