{"id":3601,"date":"2021-04-26T15:05:54","date_gmt":"2021-04-26T13:05:54","guid":{"rendered":"https:\/\/blog.rwth-aachen.de\/itc-events\/?page_id=3601"},"modified":"2021-11-26T11:20:43","modified_gmt":"2021-11-26T10:20:43","slug":"infotag","status":"publish","type":"page","link":"https:\/\/blog.rwth-aachen.de\/itc-events\/infotag\/","title":{"rendered":"IT Center Infotag"},"content":{"rendered":"<p><img loading=\"lazy\" decoding=\"async\" class=\"size-medium wp-image-4592 aligncenter\" src=\"https:\/\/blog.rwth-aachen.de\/itc-events\/files\/2021\/06\/information-1481584_1280-300x300.png\" alt=\"\" width=\"300\" height=\"300\" \/><\/p>\n<p class=\"intro\">Das IT Center\u00a0richtet einen j\u00e4hrlichen Infotag aus, der zu einer umfassenden Darstellung des Leistungsangebots beitr\u00e4gt.<\/p>\n<p class=\"Unterueberschrift\"><span style=\"color: #f6a800;\"><strong>Intention<\/strong><\/span><\/p>\n<p>Dabei geht es um die Vorstellung im Sinne eines zentralen IT-Providers der RWTH Aachen sowie als Partner f\u00fcr Forschung und Lehre. Des Weiteren soll diese Plattform zur Dokumentation der Beteiligung des IT Centers an zentralen Projekten der RWTH Aachen bzw. der intensiven Zusammenarbeit mit anderen Einrichtungen (ZHV, BTH, Institute, etc.) dienen.<\/p>\n<p class=\"Unterueberschrift\"><span style=\"color: #f6a800;\"><strong>Schwerpunkte<\/strong><\/span><\/p>\n<p>Auf Basis dieser Anforderungen ergeben sich die drei folgenden Schwerpunkte:<\/p>\n<p>Das IT Center<\/p>\n<ol>\n<li><strong><span style=\"color: #00549f;\">als IT Dienstleister<\/span> <\/strong>(Angebote f\u00fcr Mitarbeitende und Einrichtungen, neue Dienste, anstehende Ver\u00e4nderungen etc.),<\/li>\n<li><strong><span style=\"color: #00549f;\">als Partner<\/span> <\/strong>der Institute in Forschung und Lehre sowie f\u00fcr zentrale Projekte und<\/li>\n<li><span style=\"color: #00549f;\"><strong>als Ausbildungsbetrieb <\/strong><\/span>im IT-Bereich (z. B. MATSE).<\/li>\n<\/ol>\n<p>Neben Vortr\u00e4gen zu oben genannten Schwerpunkten erwarten Sie eine Poster-Ausstellung und hinreichend viel Raum f\u00fcr Einzelgespr\u00e4che und Diskussionen. Dazu bieten wir F\u00fchrungen in der Maschinenhalle und der aixCAVE an.<\/p>\n<p>Der IT Center Infotag richtet sich prim\u00e4r an Kunden, also Angeh\u00f6rige der RWTH sowie enge Kooperationspartner.<\/p>\n<p><strong>Der Infotag 2020 und 2021 <\/strong> <strong>fiel wegen Corona aus. <\/strong><\/p>\n<h3><\/h3>\n<h3>Kommende Veranstaltungen<\/h3>\n<div class=\"ecs-no-events\">Es sind keine anstehenden Veranstaltungen vorhanden.<\/div>\n<p>&nbsp;<\/p>\n<h3>Vergangene Veranstaltungen<\/h3>\n<ul class=\"ecs-event-list\"><li class=\"ecs-event it-center-infotag_ecs_category wiederkehrend_ecs_category\"><h4 class=\"entry-title summary\"><a href=\"https:\/\/blog.rwth-aachen.de\/itc-events\/event\/infotag-2019\/\" rel=\"bookmark\">IT Center Infotag 2019<\/a><\/h4><span class=\"duration time\"><span class=\"tribe-event-date-start\">Mittwoch, 16. Januar 2019 \u25ba 9:15<\/span> - <span class=\"tribe-event-time\">11:00<\/span><\/span><\/li><li class=\"ecs-event it-center-infotag_ecs_category wiederkehrend_ecs_category\"><h4 class=\"entry-title summary\"><a href=\"https:\/\/blog.rwth-aachen.de\/itc-events\/event\/infotag-2018\/\" rel=\"bookmark\">IT Center Infotag 2018<\/a><\/h4><span class=\"duration time\"><span class=\"tribe-event-date-start\">Dienstag, 16. Januar 2018 \u25ba 8:00<\/span> - <span class=\"tribe-event-time\">17:00<\/span><\/span><\/li><li class=\"ecs-event it-center-infotag_ecs_category wiederkehrend_ecs_category\"><h4 class=\"entry-title summary\"><a href=\"https:\/\/blog.rwth-aachen.de\/itc-events\/event\/infotag-2017\/\" rel=\"bookmark\">IT Center Infotag 2017<\/a><\/h4><span class=\"duration time\"><span class=\"tribe-event-date-start\">Mittwoch, 18. Januar 2017 \u25ba 9:15<\/span> - <span class=\"tribe-event-time\">15:00<\/span><\/span><\/li><li class=\"ecs-event it-center-infotag_ecs_category wiederkehrend_ecs_category\"><h4 class=\"entry-title summary\"><a href=\"https:\/\/blog.rwth-aachen.de\/itc-events\/event\/infotag-2016\/\" rel=\"bookmark\">IT Center Infotag 2016<\/a><\/h4><span class=\"duration time\"><span class=\"tribe-event-date-start\">Mittwoch, 20. Januar 2016 \u25ba 9:00<\/span> - <span class=\"tribe-event-time\">15:30<\/span><\/span><\/li><li class=\"ecs-event it-center-infotag_ecs_category wiederkehrend_ecs_category\"><h4 class=\"entry-title summary\"><a href=\"https:\/\/blog.rwth-aachen.de\/itc-events\/event\/infotag-2015\/\" rel=\"bookmark\">IT Center Infotag 2015<\/a><\/h4><span class=\"duration time\"><span class=\"tribe-event-date-start\">Mittwoch, 21. Januar 2015 \u25ba 9:00<\/span> - <span class=\"tribe-event-time\">15:30<\/span><\/span><\/li><\/ul><script type=\"application\/ld+json\">\r\n[{\"@context\":\"http:\/\/schema.org\",\"@type\":\"Event\",\"name\":\"IT Center Infotag 2019\",\"description\":\"&lt;p&gt;Name: IT Center Infotag 2019: &quot;Services und Aktivit\\u00e4ten sowie Technologien von morgen&quot; Veranstaltungsart: Informationsveranstaltung Datum: 16. Januar 2019 Ort: IT Center der RWTH Aachen Zielgruppe: Interessierte &nbsp; Beschreibung Mit dem [&hellip;]&lt;\/p&gt;\\\\n\",\"image\":\"https:\/\/blog.rwth-aachen.de\/itc-events\/files\/2021\/06\/information-1481584_1280-e1624463721699.png\",\"url\":\"https:\/\/blog.rwth-aachen.de\/itc-events\/event\/infotag-2019\/\",\"eventAttendanceMode\":\"https:\/\/schema.org\/OfflineEventAttendanceMode\",\"eventStatus\":\"https:\/\/schema.org\/EventScheduled\",\"startDate\":\"2019-01-16T09:15:00+01:00\",\"endDate\":\"2019-01-16T11:00:00+01:00\",\"performer\":\"Organization\"},{\"@context\":\"http:\/\/schema.org\",\"@type\":\"Event\",\"name\":\"IT Center Infotag 2018\",\"description\":\"&lt;p&gt;Name: IT Center Infotag 2018: &quot;Informieren, Zuh\\u00f6ren und Diskutieren - die Zukunft gemeinsam gestalten&quot; Veranstaltungsart: Informationsveranstaltung Ort: IT Center der RWTH Aachen Zielgruppe:\\u00a0Interessierte &nbsp; Beschreibung Der Infotag 2018 richtete sich [&hellip;]&lt;\/p&gt;\\\\n\",\"image\":\"https:\/\/blog.rwth-aachen.de\/itc-events\/files\/2021\/06\/information-1481584_1280-e1624463721699.png\",\"url\":\"https:\/\/blog.rwth-aachen.de\/itc-events\/event\/infotag-2018\/\",\"eventAttendanceMode\":\"https:\/\/schema.org\/OfflineEventAttendanceMode\",\"eventStatus\":\"https:\/\/schema.org\/EventScheduled\",\"startDate\":\"2018-01-16T08:00:00+01:00\",\"endDate\":\"2018-01-16T17:00:00+01:00\",\"performer\":\"Organization\"},{\"@context\":\"http:\/\/schema.org\",\"@type\":\"Event\",\"name\":\"IT Center Infotag 2017\",\"description\":\"&lt;p&gt;Name: IT Center Infotag 2017: &quot;Services for Simulation and Data Science&quot; Veranstaltungsart: Informationsveranstaltung Datum: 18. Januar 2017 Uhrzeit: 09:00 - 15:00 Uhr Ort: IT Center der RWTH Aachen Zielgruppe: Interessierte [&hellip;]&lt;\/p&gt;\\\\n\",\"image\":\"https:\/\/blog.rwth-aachen.de\/itc-events\/files\/2021\/06\/information-1481584_1280-e1624463721699.png\",\"url\":\"https:\/\/blog.rwth-aachen.de\/itc-events\/event\/infotag-2017\/\",\"eventAttendanceMode\":\"https:\/\/schema.org\/OfflineEventAttendanceMode\",\"eventStatus\":\"https:\/\/schema.org\/EventScheduled\",\"startDate\":\"2017-01-18T09:15:00+01:00\",\"endDate\":\"2017-01-18T15:00:00+01:00\",\"location\":{\"@type\":\"Place\",\"name\":\"Seminarraum 003\/004, IT Center\",\"description\":\"\",\"url\":\"\",\"address\":{\"@type\":\"PostalAddress\",\"streetAddress\":\"Kopernikusstra\\u00dfe 6\",\"addressLocality\":\"Aachen\"},\"telephone\":\"\",\"sameAs\":\"www.itc.rwth-aachen.de\"},\"organizer\":{\"@type\":\"Person\",\"name\":\"IT Center\",\"description\":\"\",\"url\":\"http:\/\/www.itc.rwth-aachen.de\",\"telephone\":\"\",\"email\":\"eve&#110;&#116;&#115;&#64;itc&#46;&#114;wt&#104;&#45;a&#97;c&#104;en.&#100;&#101;\",\"sameAs\":\"http:\/\/www.itc.rwth-aachen.de\"},\"performer\":\"Organization\"},{\"@context\":\"http:\/\/schema.org\",\"@type\":\"Event\",\"name\":\"IT Center Infotag 2016\",\"description\":\"&lt;p&gt;Name: IT Center Infotag 2016: &quot;eScience&quot; Schwerpunkt Forschungsdatenmanagement Veranstaltungsart:\\u00a0 Informationsveranstaltung Datum: 20. Januar 2016 Uhrzeit: 09:00 - 15:30 Uhr Ort: IT Center der RWTH Aachen Zielgruppe: Interessierte &nbsp; Beschreibung Der [&hellip;]&lt;\/p&gt;\\\\n\",\"image\":\"https:\/\/blog.rwth-aachen.de\/itc-events\/files\/2021\/06\/information-1481584_1280-e1624463721699.png\",\"url\":\"https:\/\/blog.rwth-aachen.de\/itc-events\/event\/infotag-2016\/\",\"eventAttendanceMode\":\"https:\/\/schema.org\/OfflineEventAttendanceMode\",\"eventStatus\":\"https:\/\/schema.org\/EventScheduled\",\"startDate\":\"2016-01-20T09:00:00+01:00\",\"endDate\":\"2016-01-20T15:30:00+01:00\",\"location\":{\"@type\":\"Place\",\"name\":\"Seminarraum 003\/004, IT Center\",\"description\":\"\",\"url\":\"\",\"address\":{\"@type\":\"PostalAddress\",\"streetAddress\":\"Kopernikusstra\\u00dfe 6\",\"addressLocality\":\"Aachen\"},\"telephone\":\"\",\"sameAs\":\"www.itc.rwth-aachen.de\"},\"organizer\":{\"@type\":\"Person\",\"name\":\"IT Center\",\"description\":\"\",\"url\":\"http:\/\/www.itc.rwth-aachen.de\",\"telephone\":\"\",\"email\":\"even&#116;s&#64;i&#116;&#99;.&#114;&#119;&#116;h-&#97;ach&#101;&#110;&#46;&#100;e\",\"sameAs\":\"http:\/\/www.itc.rwth-aachen.de\"},\"performer\":\"Organization\"},{\"@context\":\"http:\/\/schema.org\",\"@type\":\"Event\",\"name\":\"IT Center Infotag 2015\",\"description\":\"&lt;p&gt;Name: IT Center Infotag 2015: &quot;Ein Jahr IT Center&quot; Veranstaltungsart: Informationsveranstaltung Datum: 21. Januar 2015 Uhrzeit:09:00 - 15:30 Uhr Ort: IT Center der RWTH Aachen Zielgruppe: Interessierte &nbsp; &nbsp; Beschreibung [&hellip;]&lt;\/p&gt;\\\\n\",\"image\":\"https:\/\/blog.rwth-aachen.de\/itc-events\/files\/2021\/06\/information-1481584_1280-e1624463721699.png\",\"url\":\"https:\/\/blog.rwth-aachen.de\/itc-events\/event\/infotag-2015\/\",\"eventAttendanceMode\":\"https:\/\/schema.org\/OfflineEventAttendanceMode\",\"eventStatus\":\"https:\/\/schema.org\/EventScheduled\",\"startDate\":\"2015-01-21T09:00:00+01:00\",\"endDate\":\"2015-01-21T15:30:00+01:00\",\"location\":{\"@type\":\"Place\",\"name\":\"Seminarraum 003\/004, IT Center\",\"description\":\"\",\"url\":\"\",\"address\":{\"@type\":\"PostalAddress\",\"streetAddress\":\"Kopernikusstra\\u00dfe 6\",\"addressLocality\":\"Aachen\"},\"telephone\":\"\",\"sameAs\":\"www.itc.rwth-aachen.de\"},\"organizer\":{\"@type\":\"Person\",\"name\":\"IT Center\",\"description\":\"\",\"url\":\"http:\/\/www.itc.rwth-aachen.de\",\"telephone\":\"\",\"email\":\"&#101;&#118;ent&#115;&#64;itc.r&#119;&#116;&#104;&#45;&#97;a&#99;&#104;en.&#100;e\",\"sameAs\":\"http:\/\/www.itc.rwth-aachen.de\"},\"performer\":\"Organization\"}]\r\n<\/script><!--\n Event listing powered by The Events Calendar Shortcode\n https:\/\/eventcalendarnewsletter.com\/the-events-calendar-shortcode\/ \n-->\n<p><a href=\"https:\/\/blog.rwth-aachen.de\/itc-events\/archiv-it-center-infotag\/\">Alle vergangene Veranstaltungen<\/a><\/p>","protected":false},"excerpt":{"rendered":"<p>Das IT Center\u00a0richtet einen j\u00e4hrlichen Infotag aus, der zu einer umfassenden Darstellung des Leistungsangebots beitr\u00e4gt. Intention Dabei geht es um die Vorstellung im Sinne eines zentralen IT-Providers der RWTH Aachen [&hellip;]<\/p>\n","protected":false},"author":2589,"featured_media":0,"parent":0,"menu_order":0,"comment_status":"closed","ping_status":"closed","template":"","meta":{"_price":"","_stock":"","_tribe_ticket_header":"","_tribe_default_ticket_provider":"","_ticket_start_date":"","_ticket_end_date":"","_tribe_ticket_show_description":"","_tribe_ticket_show_not_going":false,"_tribe_ticket_use_global_stock":"","_tribe_ticket_global_stock_level":"","_global_stock_mode":"","_global_stock_cap":"","_tribe_rsvp_for_event":"","_tribe_ticket_going_count":"","_tribe_ticket_not_going_count":"","_tribe_tickets_list":"[]","_tribe_ticket_has_attendee_info_fields":false,"c2c_always_allow_admin_comments":false,"footnotes":""},"class_list":["post-3601","page","type-page","status-publish","hentry","cat_it-center-infotag","cat_wiederkehrend"],"_links":{"self":[{"href":"https:\/\/blog.rwth-aachen.de\/itc-events\/wp-json\/wp\/v2\/pages\/3601","targetHints":{"allow":["GET"]}}],"collection":[{"href":"https:\/\/blog.rwth-aachen.de\/itc-events\/wp-json\/wp\/v2\/pages"}],"about":[{"href":"https:\/\/blog.rwth-aachen.de\/itc-events\/wp-json\/wp\/v2\/types\/page"}],"author":[{"embeddable":true,"href":"https:\/\/blog.rwth-aachen.de\/itc-events\/wp-json\/wp\/v2\/users\/2589"}],"replies":[{"embeddable":true,"href":"https:\/\/blog.rwth-aachen.de\/itc-events\/wp-json\/wp\/v2\/comments?post=3601"}],"version-history":[{"count":28,"href":"https:\/\/blog.rwth-aachen.de\/itc-events\/wp-json\/wp\/v2\/pages\/3601\/revisions"}],"predecessor-version":[{"id":5588,"href":"https:\/\/blog.rwth-aachen.de\/itc-events\/wp-json\/wp\/v2\/pages\/3601\/revisions\/5588"}],"wp:attachment":[{"href":"https:\/\/blog.rwth-aachen.de\/itc-events\/wp-json\/wp\/v2\/media?parent=3601"}],"curies":[{"name":"wp","href":"https:\/\/api.w.org\/{rel}","templated":true}]}}