{"id":4269,"date":"2021-05-15T19:38:44","date_gmt":"2021-05-15T17:38:44","guid":{"rendered":"https:\/\/blog.rwth-aachen.de\/itc-events\/?page_id=4269"},"modified":"2021-10-20T12:03:42","modified_gmt":"2021-10-20T10:03:42","slug":"aixcelerate","status":"publish","type":"page","link":"https:\/\/blog.rwth-aachen.de\/itc-events\/aixcelerate\/","title":{"rendered":"aiXcelerate"},"content":{"rendered":"<p>Unser j\u00e4hrlicher Workshop <strong>aiXcelerate<\/strong> ist ein Tuning-Workshop f\u00fcr HPC-Anwender, die mehr dar\u00fcber erfahren m\u00f6chten, wie sie die Leistung ihrer Anwendungen optimieren k\u00f6nnen. Beginnend mit einer grundlegenden Einf\u00fchrung in Tools zur Leistungsanalyse sollen die Teilnehmer praktische Erfahrungen sammeln, indem sie die erlernten Konzepte auf ihre eigenen Codes anwenden.<\/p>\n<p><img loading=\"lazy\" decoding=\"async\" class=\"size-medium wp-image-2780 aligncenter\" src=\"https:\/\/blog.rwth-aachen.de\/itc-events\/files\/2021\/02\/8978551-300x57.png\" alt=\"\" width=\"300\" height=\"57\" srcset=\"https:\/\/blog.rwth-aachen.de\/itc-events\/files\/2021\/02\/8978551-300x57.png 300w, https:\/\/blog.rwth-aachen.de\/itc-events\/files\/2021\/02\/8978551.png 627w\" sizes=\"auto, (max-width: 300px) 100vw, 300px\" \/><\/p>\n<h3><strong>Zielgruppe und Veranstaltungssprache<\/strong><\/h3>\n<p>Dieser Kurs richtet sich an fortgeschrittene HPC-Anwender. Er vermittelt den Teilnehmern die Grundlagen der Leistungsoptimierung und wie sie diese auf ihre eigenen Codes anwenden k\u00f6nnen.<\/p>\n<h4><span style=\"color: #ff9900;\">Die Veranstaltungssprache ist Englisch.<\/span><\/h4>\n<p>&nbsp;<\/p>\n<h3>Anstehende Events<\/h3>\n<div class=\"ecs-no-events\">Es sind keine anstehenden Veranstaltungen vorhanden.<\/div>\n<p>&nbsp;<\/p>\n<h3>Vergangene Events<\/h3>\n<p><ul class=\"ecs-event-list\"><li class=\"ecs-event aixcelerate_ecs_category hpcevents_ecs_category\"><h4 class=\"entry-title summary\"><a href=\"https:\/\/blog.rwth-aachen.de\/itc-events\/event\/aixcelerate-2025\/\" rel=\"bookmark\">aiXcelerate 2025<\/a><\/h4><span class=\"duration time\"><span class=\"tribe-event-date-start\">Dienstag, 2. Dezember 2025 \u25ba 9:00<\/span> - <span class=\"tribe-event-time\">17:00<\/span><\/span><\/li><li class=\"ecs-event aixcelerate_ecs_category hpcevents_ecs_category\"><h4 class=\"entry-title summary\"><a href=\"https:\/\/blog.rwth-aachen.de\/itc-events\/event\/aixcelerate-2024\/\" rel=\"bookmark\">aiXcelerate 2024<\/a><\/h4><span class=\"duration time\"><span class=\"tribe-event-date-start\">Montag, 9. Dezember 2024 \u25ba 9:00<\/span> - <span class=\"tribe-event-date-end\">Mittwoch, 11. Dezember 2024 \u25ba 17:30<\/span><\/span><\/li><li class=\"ecs-event aixcelerate_ecs_category einmalig_ecs_category hpcevents_ecs_category\"><h4 class=\"entry-title summary\"><a href=\"https:\/\/blog.rwth-aachen.de\/itc-events\/event\/vi-hps-porting-and-tuning-workshop-2024\/\" rel=\"bookmark\">VI-HPS Porting and Tuning Workshop 2024<\/a><\/h4><span class=\"duration time\"><span class=\"tribe-event-date-start\">Montag, 26. Februar 2024<\/span> - <span class=\"tribe-event-date-end\">Freitag, 1. M\u00e4rz 2024<\/span><\/span><\/li><li class=\"ecs-event aixcelerate_ecs_category hpcevents_ecs_category wiederkehrend_ecs_category\"><h4 class=\"entry-title summary\"><a href=\"https:\/\/blog.rwth-aachen.de\/itc-events\/event\/aixcelerate-2022\/\" rel=\"bookmark\">aiXcelerate 2022<\/a><\/h4><span class=\"duration time\"><span class=\"tribe-event-date-start\">Montag, 5. Dezember 2022<\/span> - <span class=\"tribe-event-date-end\">Mittwoch, 7. Dezember 2022<\/span><\/span><\/li><li class=\"ecs-event aixcelerate_ecs_category hpcevents_ecs_category wiederkehrend_ecs_category\"><h4 class=\"entry-title summary\"><a href=\"https:\/\/blog.rwth-aachen.de\/itc-events\/event\/aixcelerate-2021\/\" rel=\"bookmark\">aiXcelerate 2021<\/a><\/h4><span class=\"duration time\"><span class=\"tribe-event-date-start\">Montag, 6. Dezember 2021<\/span> - <span class=\"tribe-event-date-end\">Donnerstag, 9. Dezember 2021<\/span><\/span><\/li><\/ul><script type=\"application\/ld+json\">\r\n[{\"@context\":\"http:\/\/schema.org\",\"@type\":\"Event\",\"name\":\"aiXcelerate 2025\",\"description\":\"&lt;p&gt;Der Eintrag ist nur auf Englisch verf\\u00fcgbar.in cooperation with &nbsp; Topic: I\/O and Data Handling for HPC and ML Codes (on CLAIX) Description The annual event aiXcelerate at RWTH Aachen [&hellip;]&lt;\/p&gt;\\\\n\",\"image\":\"https:\/\/blog.rwth-aachen.de\/itc-events\/files\/2022\/09\/NHR4CES_RGB.jpg\",\"url\":\"https:\/\/blog.rwth-aachen.de\/itc-events\/event\/aixcelerate-2025\/\",\"eventAttendanceMode\":\"https:\/\/schema.org\/OfflineEventAttendanceMode\",\"eventStatus\":\"https:\/\/schema.org\/EventScheduled\",\"startDate\":\"2025-12-02T09:00:00+01:00\",\"endDate\":\"2025-12-02T17:00:00+01:00\",\"performer\":\"Organization\"},{\"@context\":\"http:\/\/schema.org\",\"@type\":\"Event\",\"name\":\"aiXcelerate 2024\",\"description\":\"&lt;p&gt;Der Eintrag ist nur auf Englisch verf\\u00fcgbar.in cooperation with &nbsp; Topic: Machine Learning on NVIDIA GPUs Description The annual event aiXcelerate at RWTH Aachen University (NHR4CES@RWTH) is a tuning workshop [&hellip;]&lt;\/p&gt;\\\\n\",\"image\":\"https:\/\/blog.rwth-aachen.de\/itc-events\/files\/2022\/09\/NHR4CES_RGB.jpg\",\"url\":\"https:\/\/blog.rwth-aachen.de\/itc-events\/event\/aixcelerate-2024\/\",\"eventAttendanceMode\":\"https:\/\/schema.org\/OfflineEventAttendanceMode\",\"eventStatus\":\"https:\/\/schema.org\/EventScheduled\",\"startDate\":\"2024-12-09T09:00:00+01:00\",\"endDate\":\"2024-12-11T17:30:00+01:00\",\"performer\":\"Organization\"},{\"@context\":\"http:\/\/schema.org\",\"@type\":\"Event\",\"name\":\"VI-HPS Porting and Tuning Workshop 2024\",\"description\":\"&lt;p&gt;Date and Time: 26th Feb 2024 8:00 am - 1st Mar 2024 6:00 pm Location: IT Center RWTH Aachen &amp; ZIH, TU Dresden Klick here for Registration and further information. [&hellip;]&lt;\/p&gt;\\\\n\",\"url\":\"https:\/\/blog.rwth-aachen.de\/itc-events\/event\/vi-hps-porting-and-tuning-workshop-2024\/\",\"eventAttendanceMode\":\"https:\/\/schema.org\/OfflineEventAttendanceMode\",\"eventStatus\":\"https:\/\/schema.org\/EventScheduled\",\"startDate\":\"2024-02-26T00:00:00+01:00\",\"endDate\":\"2024-03-01T23:59:59+01:00\",\"location\":{\"@type\":\"Place\",\"name\":\"IT Center\",\"description\":\"\",\"url\":\"\",\"address\":{\"@type\":\"PostalAddress\",\"streetAddress\":\"Kopernikusstra\\u00dfe 6\",\"addressLocality\":\"Aachen\",\"addressRegion\":\"NRW\",\"postalCode\":\"52074\",\"addressCountry\":\"Deutschland\"},\"telephone\":\"0241 8024680\",\"sameAs\":\"\"},\"organizer\":{\"@type\":\"Person\",\"name\":\"HPC\",\"description\":\"\",\"url\":\"https:\/\/blog.rwth-aachen.de\/itc-events\/hpc\/\",\"telephone\":\"\",\"email\":\"h&#112;c&#101;&#118;&#101;nt&#64;&#105;tc.&#114;&#119;t&#104;&#45;&#97;a&#99;hen&#46;&#100;e\",\"sameAs\":\"https:\/\/blog.rwth-aachen.de\/itc-events\/hpc\/\"},\"performer\":\"Organization\"},{\"@context\":\"http:\/\/schema.org\",\"@type\":\"Event\",\"name\":\"aiXcelerate 2022\",\"description\":\"&lt;p&gt;Topics: Performance Modelling &amp; Performance Analysis Description The annual event aiXcelerate at RWTH Aachen University (NHR4CES@RWTH) is a tuning workshop for HPC users. It comprises lectures that are open for [&hellip;]&lt;\/p&gt;\\\\n\",\"image\":\"https:\/\/blog.rwth-aachen.de\/itc-events\/files\/2022\/09\/NHR4CES_RGB.jpg\",\"url\":\"https:\/\/blog.rwth-aachen.de\/itc-events\/event\/aixcelerate-2022\/\",\"eventAttendanceMode\":\"https:\/\/schema.org\/OfflineEventAttendanceMode\",\"eventStatus\":\"https:\/\/schema.org\/EventScheduled\",\"startDate\":\"2022-12-05T00:00:00+01:00\",\"endDate\":\"2022-12-07T23:59:59+01:00\",\"location\":{\"@type\":\"Place\",\"name\":\"Seminarraum 003\/004, IT Center\",\"description\":\"\",\"url\":\"\",\"address\":{\"@type\":\"PostalAddress\",\"streetAddress\":\"Kopernikusstra\\u00dfe 6\",\"addressLocality\":\"Aachen\"},\"telephone\":\"\",\"sameAs\":\"www.itc.rwth-aachen.de\"},\"organizer\":{\"@type\":\"Person\",\"name\":\"HPC\",\"description\":\"\",\"url\":\"https:\/\/blog.rwth-aachen.de\/itc-events\/hpc\/\",\"telephone\":\"\",\"email\":\"&#104;pce&#118;e&#110;t&#64;i&#116;c.rw&#116;&#104;&#45;&#97;ac&#104;&#101;n&#46;&#100;e\",\"sameAs\":\"https:\/\/blog.rwth-aachen.de\/itc-events\/hpc\/\"},\"performer\":\"Organization\"},{\"@context\":\"http:\/\/schema.org\",\"@type\":\"Event\",\"name\":\"aiXcelerate 2021\",\"description\":\"&lt;p&gt;Topics: I\/O &amp; ML Description The annual workshop aiXcelerate at RWTH Aachen University (RWTH@NHR4CES) is a tuning workshop for HPC users. It comprises lectures that are open for everyone, and [&hellip;]&lt;\/p&gt;\\\\n\",\"url\":\"https:\/\/blog.rwth-aachen.de\/itc-events\/event\/aixcelerate-2021\/\",\"eventAttendanceMode\":\"https:\/\/schema.org\/OfflineEventAttendanceMode\",\"eventStatus\":\"https:\/\/schema.org\/EventScheduled\",\"startDate\":\"2021-12-06T00:00:00+01:00\",\"endDate\":\"2021-12-09T23:59:59+01:00\",\"location\":{\"@type\":\"Place\",\"name\":\"Online\",\"description\":\"&lt;p&gt;Die genauen Zugangsdaten finden Sie in der jeweiligen Veranstaltung&lt;\/p&gt;\\\\n\",\"url\":\"\",\"address\":{\"@type\":\"PostalAddress\",\"addressCountry\":\"Deutschland\"},\"telephone\":\"\",\"sameAs\":\"\"},\"organizer\":{\"@type\":\"Person\",\"name\":\"HPC\",\"description\":\"\",\"url\":\"https:\/\/blog.rwth-aachen.de\/itc-events\/hpc\/\",\"telephone\":\"\",\"email\":\"&#104;p&#99;e&#118;&#101;n&#116;&#64;itc&#46;rwt&#104;&#45;&#97;&#97;&#99;h&#101;&#110;.&#100;e\",\"sameAs\":\"https:\/\/blog.rwth-aachen.de\/itc-events\/hpc\/\"},\"performer\":\"Organization\"}]\r\n<\/script><!--\n Event listing powered by The Events Calendar Shortcode\n https:\/\/eventcalendarnewsletter.com\/the-events-calendar-shortcode\/ \n--><\/p>","protected":false},"excerpt":{"rendered":"<p>Unser j\u00e4hrlicher Workshop aiXcelerate ist ein Tuning-Workshop f\u00fcr HPC-Anwender, die mehr dar\u00fcber erfahren m\u00f6chten, wie sie die Leistung ihrer Anwendungen optimieren k\u00f6nnen. Beginnend mit einer grundlegenden Einf\u00fchrung in Tools zur [&hellip;]<\/p>\n","protected":false},"author":2856,"featured_media":0,"parent":0,"menu_order":0,"comment_status":"closed","ping_status":"closed","template":"","meta":{"_price":"","_stock":"","_tribe_ticket_header":"","_tribe_default_ticket_provider":"","_ticket_start_date":"","_ticket_end_date":"","_tribe_ticket_show_description":"","_tribe_ticket_show_not_going":false,"_tribe_ticket_use_global_stock":"","_tribe_ticket_global_stock_level":"","_global_stock_mode":"","_global_stock_cap":"","_tribe_rsvp_for_event":"","_tribe_ticket_going_count":"","_tribe_ticket_not_going_count":"","_tribe_tickets_list":"[]","_tribe_ticket_has_attendee_info_fields":false,"c2c_always_allow_admin_comments":false,"footnotes":""},"class_list":["post-4269","page","type-page","status-publish","hentry","cat_aixcelerate","cat_hpcevents","cat_wiederkehrend"],"_links":{"self":[{"href":"https:\/\/blog.rwth-aachen.de\/itc-events\/wp-json\/wp\/v2\/pages\/4269","targetHints":{"allow":["GET"]}}],"collection":[{"href":"https:\/\/blog.rwth-aachen.de\/itc-events\/wp-json\/wp\/v2\/pages"}],"about":[{"href":"https:\/\/blog.rwth-aachen.de\/itc-events\/wp-json\/wp\/v2\/types\/page"}],"author":[{"embeddable":true,"href":"https:\/\/blog.rwth-aachen.de\/itc-events\/wp-json\/wp\/v2\/users\/2856"}],"replies":[{"embeddable":true,"href":"https:\/\/blog.rwth-aachen.de\/itc-events\/wp-json\/wp\/v2\/comments?post=4269"}],"version-history":[{"count":7,"href":"https:\/\/blog.rwth-aachen.de\/itc-events\/wp-json\/wp\/v2\/pages\/4269\/revisions"}],"predecessor-version":[{"id":5412,"href":"https:\/\/blog.rwth-aachen.de\/itc-events\/wp-json\/wp\/v2\/pages\/4269\/revisions\/5412"}],"wp:attachment":[{"href":"https:\/\/blog.rwth-aachen.de\/itc-events\/wp-json\/wp\/v2\/media?parent=4269"}],"curies":[{"name":"wp","href":"https:\/\/api.w.org\/{rel}","templated":true}]}}