{"id":4794,"date":"2021-06-30T14:46:31","date_gmt":"2021-06-30T12:46:31","guid":{"rendered":"https:\/\/blog.rwth-aachen.de\/itc-events\/?page_id=4794"},"modified":"2025-01-10T11:08:44","modified_gmt":"2025-01-10T10:08:44","slug":"impressum","status":"publish","type":"page","link":"https:\/\/blog.rwth-aachen.de\/itc-events\/impressum\/","title":{"rendered":"Impressum"},"content":{"rendered":"<p><em>To satisfy the requirements imposed by German law, this site contains contact and legal information in German language only.<\/em><\/p>\n<p><strong>Herausgeberin<\/strong><\/p>\n<p>Herausgegeben im Auftrag des Rektors der Rheinisch-Westf\u00e4lischen Technischen Hochschule (RWTH) Aachen.<\/p>\n<p>RWTH Aachen<br \/>\nTemplergraben 55<br \/>\n52056 Aachen<\/p>\n<p>Telefon: +49 241 80-1<\/p>\n<p>E-Mail: <a href=\"mailto:webmaster@rwth-aachen.de\">webmaster@rwth-aachen.de<\/a><br \/>\nInternet: <a href=\"http:\/\/www.rwth-aachen.de\/\">www.rwth-aachen.de<\/a><\/p>\n<p>Die RWTH Aachen ist eine K\u00f6rperschaft des \u00f6ffentlichen Rechts. Sie wird durch den Rektor, Univ.-Prof. Dr. rer. nat. Dr. h. c. mult. U. R\u00fcdiger, vertreten.<\/p>\n<p><strong>Zust\u00e4ndige Aufsichtsbeh\u00f6rde<\/strong><\/p>\n<p>Ministerium f\u00fcr Innovation, Wissenschaft, Forschung und Technologie des Landes Nordrhein Westfalen, V\u00f6lklinger Stra\u00dfe 49, 40221 D\u00fcsseldorf.<\/p>\n<p><strong>Umsatzsteuer-Identifikationsnummer<\/strong><\/p>\n<p>Gem\u00e4\u00df \u00a7 27 a Umsatzsteuergesetz: DE 121689807<\/p>\n<p><strong>Inhaltliche Verantwortlichkeit<\/strong><\/p>\n<p>F\u00fcr den Inhalt der Artikel sind die namentlich ausgewiesenen Autoren verantwortlich.<br \/>\nBitte wenden Sie sich bei Fragen und Problemen an die Redakteure des IT-ServiceDesk.<\/p>\n<p>IT-ServiceDesk<br \/>\nSeffenter Weg 23<br \/>\n52074 Aachen<\/p>\n<p>Phone: +49 241 80 24680<br \/>\nFaxFax: +49 241 80 22134<br \/>\nE-Mail: <a href=\"mailto:servicedesk@itc.rwth-aachen.de\">servicedesk@itc.rwth-aachen.de<\/a><\/p>\n<p>Webmaster:<br \/>\nArmin Offermanns<br \/>\nTelefon: +49 241 80-97220<br \/>\nE-Mail: Armin.Offermanns@zhv.rwth-aachen.de<br \/>\nE-Mail Webredaktion: <a href=\"mailto:webmaster@zhv.rwth-aachen.de\">webmaster@zhv.rwth-aachen.de<\/a><\/p>\n","protected":false},"excerpt":{"rendered":"<p>To satisfy the requirements imposed by German law, this site contains contact and legal information in German language only. Herausgeberin Herausgegeben im Auftrag des Rektors der Rheinisch-Westf\u00e4lischen Technischen Hochschule (RWTH) [&hellip;]<\/p>\n","protected":false},"author":3066,"featured_media":0,"parent":0,"menu_order":0,"comment_status":"closed","ping_status":"closed","template":"","meta":{"_price":"","_stock":"","_tribe_ticket_header":"","_tribe_default_ticket_provider":"","_ticket_start_date":"","_ticket_end_date":"","_tribe_ticket_show_description":"","_tribe_ticket_show_not_going":false,"_tribe_ticket_use_global_stock":"","_tribe_ticket_global_stock_level":"","_global_stock_mode":"","_global_stock_cap":"","_tribe_rsvp_for_event":"","_tribe_ticket_going_count":"","_tribe_ticket_not_going_count":"","_tribe_tickets_list":"[]","_tribe_ticket_has_attendee_info_fields":false,"c2c_always_allow_admin_comments":false,"footnotes":""},"class_list":["post-4794","page","type-page","status-publish","hentry"],"_links":{"self":[{"href":"https:\/\/blog.rwth-aachen.de\/itc-events\/wp-json\/wp\/v2\/pages\/4794","targetHints":{"allow":["GET"]}}],"collection":[{"href":"https:\/\/blog.rwth-aachen.de\/itc-events\/wp-json\/wp\/v2\/pages"}],"about":[{"href":"https:\/\/blog.rwth-aachen.de\/itc-events\/wp-json\/wp\/v2\/types\/page"}],"author":[{"embeddable":true,"href":"https:\/\/blog.rwth-aachen.de\/itc-events\/wp-json\/wp\/v2\/users\/3066"}],"replies":[{"embeddable":true,"href":"https:\/\/blog.rwth-aachen.de\/itc-events\/wp-json\/wp\/v2\/comments?post=4794"}],"version-history":[{"count":2,"href":"https:\/\/blog.rwth-aachen.de\/itc-events\/wp-json\/wp\/v2\/pages\/4794\/revisions"}],"predecessor-version":[{"id":7321,"href":"https:\/\/blog.rwth-aachen.de\/itc-events\/wp-json\/wp\/v2\/pages\/4794\/revisions\/7321"}],"wp:attachment":[{"href":"https:\/\/blog.rwth-aachen.de\/itc-events\/wp-json\/wp\/v2\/media?parent=4794"}],"curies":[{"name":"wp","href":"https:\/\/api.w.org\/{rel}","templated":true}]}}