{"id":70,"date":"2015-04-20T12:20:53","date_gmt":"2015-04-20T10:20:53","guid":{"rendered":"https:\/\/blog.rwth-aachen.de\/it-sd\/?page_id=70"},"modified":"2025-01-10T11:07:59","modified_gmt":"2025-01-10T10:07:59","slug":"impressum-2","status":"publish","type":"page","link":"https:\/\/blog.rwth-aachen.de\/itc\/en\/impressum-2\/","title":{"rendered":"Impressum"},"content":{"rendered":"<div class=\"twoclick_social_bookmarks_post_70 social_share_privacy clearfix 1.6.4 locale-en_US sprite-en_US\"><\/div><div class=\"twoclick-js\"><script type=\"text\/javascript\">\/* <![CDATA[ *\/\njQuery(document).ready(function($){if($('.twoclick_social_bookmarks_post_70')){$('.twoclick_social_bookmarks_post_70').socialSharePrivacy({\"txt_help\":\"Wenn Sie diese Felder durch einen Klick aktivieren, werden Informationen an Facebook, Twitter, Flattr, Xing, t3n, LinkedIn, Pinterest oder Google eventuell ins Ausland \\u00fcbertragen und unter Umst\\u00e4nden auch dort gespeichert. N\\u00e4heres erfahren Sie durch einen Klick auf das <em>i<\\\/em>.\",\"settings_perma\":\"Dauerhaft aktivieren und Daten\\u00fcber-tragung zustimmen:\",\"info_link\":\"http:\\\/\\\/www.heise.de\\\/ct\\\/artikel\\\/2-Klicks-fuer-mehr-Datenschutz-1333879.html\",\"uri\":\"https:\\\/\\\/blog.rwth-aachen.de\\\/itc\\\/en\\\/impressum-2\\\/\",\"post_id\":70,\"post_title_referrer_track\":\"Impressum\",\"display_infobox\":\"on\"});}});\n\/* ]]> *\/<\/script><\/div><p><em>To satisfy the requirements imposed by German law, this site contains contact and legal information in German language only.<\/em><\/p>\n<p><strong>Herausgeberin<\/strong><\/p>\n<p>Herausgegeben im Auftrag des Rektors der Rheinisch-Westf\u00e4lischen Technischen Hochschule (RWTH) Aachen.<\/p>\n<p>RWTH Aachen<br \/>\nTemplergraben 55<br \/>\n52056 Aachen<\/p>\n<p>Telefon: +49 241 80-1<\/p>\n<p>E-Mail: <a href=\"mailto:webmaster@rwth-aachen.de\">webmaster@rwth-aachen.de<\/a><br \/>\nInternet: <a href=\"http:\/\/www.rwth-aachen.de\/\">www.rwth-aachen.de<\/a><\/p>\n<p>Die RWTH Aachen ist eine K\u00f6rperschaft des \u00f6ffentlichen Rechts. Sie wird durch den Rektor, Univ.-Prof. Dr. rer. nat. Dr. h. c. mult. U. R\u00fcdiger, vertreten.<\/p>\n<p><strong>Zust\u00e4ndige Aufsichtsbeh\u00f6rde<\/strong><\/p>\n<p>Ministerium f\u00fcr Innovation, Wissenschaft, Forschung und Technologie des Landes Nordrhein Westfalen, V\u00f6lklinger Stra\u00dfe 49, 40221 D\u00fcsseldorf.<\/p>\n<p><strong>Umsatzsteuer-Identifikationsnummer<\/strong><\/p>\n<p>Gem\u00e4\u00df \u00a7 27 a Umsatzsteuergesetz: DE 121689807<\/p>\n<p><strong>Inhaltliche Verantwortlichkeit<\/strong><\/p>\n<p>F\u00fcr den Inhalt der Artikel sind die namentlich ausgewiesenen Autoren verantwortlich.<br \/>\nBitte wenden Sie sich bei Fragen und Problemen an die Redakteure des IT-ServiceDesk.<\/p>\n<p>IT-ServiceDesk<br \/>\nSeffenter Weg 23<br \/>\n52074 Aachen<\/p>\n<p>Phone: +49 241 80 24680<br \/>\nFaxFax: +49 241 80 22134<br \/>\nE-Mail: <a href=\"mailto:servicedesk@itc.rwth-aachen.de\">servicedesk@itc.rwth-aachen.de<\/a><\/p>\n<p>Webmaster:<br \/>\nArmin Offermanns<br \/>\nTelefon: +49 241 80-97220<br \/>\nE-Mail: Armin.Offermanns@zhv.rwth-aachen.de<br \/>\nE-Mail Webredaktion: <a href=\"mailto:webmaster@zhv.rwth-aachen.de\">webmaster@zhv.rwth-aachen.de<\/a><\/p>\n","protected":false},"excerpt":{"rendered":"<p>To satisfy the requirements imposed by German law, this site contains contact and legal information in German language only. Herausgeberin Herausgegeben im Auftrag des Rektors der Rheinisch-Westf\u00e4lischen Technischen Hochschule (RWTH) [&hellip;]<\/p>\n","protected":false},"author":377,"featured_media":0,"parent":0,"menu_order":3,"comment_status":"closed","ping_status":"closed","template":"","meta":{"c2c_always_allow_admin_comments":false,"footnotes":""},"class_list":["post-70","page","type-page","status-publish","hentry"],"aioseo_notices":[],"_links":{"self":[{"href":"https:\/\/blog.rwth-aachen.de\/itc\/en\/wp-json\/wp\/v2\/pages\/70","targetHints":{"allow":["GET"]}}],"collection":[{"href":"https:\/\/blog.rwth-aachen.de\/itc\/en\/wp-json\/wp\/v2\/pages"}],"about":[{"href":"https:\/\/blog.rwth-aachen.de\/itc\/en\/wp-json\/wp\/v2\/types\/page"}],"author":[{"embeddable":true,"href":"https:\/\/blog.rwth-aachen.de\/itc\/en\/wp-json\/wp\/v2\/users\/377"}],"replies":[{"embeddable":true,"href":"https:\/\/blog.rwth-aachen.de\/itc\/en\/wp-json\/wp\/v2\/comments?post=70"}],"version-history":[{"count":3,"href":"https:\/\/blog.rwth-aachen.de\/itc\/en\/wp-json\/wp\/v2\/pages\/70\/revisions"}],"predecessor-version":[{"id":21083,"href":"https:\/\/blog.rwth-aachen.de\/itc\/en\/wp-json\/wp\/v2\/pages\/70\/revisions\/21083"}],"wp:attachment":[{"href":"https:\/\/blog.rwth-aachen.de\/itc\/en\/wp-json\/wp\/v2\/media?parent=70"}],"curies":[{"name":"wp","href":"https:\/\/api.w.org\/{rel}","templated":true}]}}