{"id":10787,"date":"2022-01-03T14:46:06","date_gmt":"2022-01-03T13:46:06","guid":{"rendered":"https:\/\/blog.rwth-aachen.de\/itc\/?page_id=10787"},"modified":"2024-08-13T11:51:05","modified_gmt":"2024-08-13T09:51:05","slug":"ueber-uns","status":"publish","type":"page","link":"https:\/\/blog.rwth-aachen.de\/itc\/ueber-uns\/","title":{"rendered":"\u00dcber Uns"},"content":{"rendered":"<div class=\"twoclick_social_bookmarks_post_10787 social_share_privacy clearfix 1.6.4 locale-de_DE sprite-de_DE\"><\/div><div class=\"twoclick-js\"><script type=\"text\/javascript\">\/* <![CDATA[ *\/\njQuery(document).ready(function($){if($('.twoclick_social_bookmarks_post_10787')){$('.twoclick_social_bookmarks_post_10787').socialSharePrivacy({\"txt_help\":\"Wenn Sie diese Felder durch einen Klick aktivieren, werden Informationen an Facebook, Twitter, Flattr, Xing, t3n, LinkedIn, Pinterest oder Google eventuell ins Ausland \\u00fcbertragen und unter Umst\\u00e4nden auch dort gespeichert. N\\u00e4heres erfahren Sie durch einen Klick auf das <em>i<\\\/em>.\",\"settings_perma\":\"Dauerhaft aktivieren und Daten\\u00fcber-tragung zustimmen:\",\"info_link\":\"http:\\\/\\\/www.heise.de\\\/ct\\\/artikel\\\/2-Klicks-fuer-mehr-Datenschutz-1333879.html\",\"uri\":\"https:\\\/\\\/blog.rwth-aachen.de\\\/itc\\\/ueber-uns\\\/\",\"post_id\":10787,\"post_title_referrer_track\":\"%C3%9Cber+Uns\",\"display_infobox\":\"on\"});}});\n\/* ]]> *\/<\/script><\/div><p>&nbsp;<\/p>\n<h3><span style=\"color: #00549f;\">Willkommen auf dem offiziellen Blog des IT Centers<\/span><\/h3>\n<p>Als zentrale Einrichtung der RWTH Aachen University unterst\u00fctzt das IT Center die IT-Prozesse der Hochschule, stellt IT-Basisdienste bereit und erbringt individuelle IT-Services f\u00fcr die Einrichtungen der RWTH.<\/p>\n<p><img loading=\"lazy\" decoding=\"async\" class=\"alignleft wp-image-11435\" src=\"https:\/\/blog.rwth-aachen.de\/itc\/files\/2022\/04\/Piktorgamm-ueber-uns-150x150.png\" alt=\"Piktogramm Team\" width=\"90\" height=\"90\" srcset=\"https:\/\/blog.rwth-aachen.de\/itc\/files\/2022\/04\/Piktorgamm-ueber-uns-150x150.png 150w, https:\/\/blog.rwth-aachen.de\/itc\/files\/2022\/04\/Piktorgamm-ueber-uns-50x50.png 50w, https:\/\/blog.rwth-aachen.de\/itc\/files\/2022\/04\/Piktorgamm-ueber-uns.png 236w\" sizes=\"auto, (max-width: 90px) 100vw, 90px\" \/><\/p>\n<p>2015 wurde der IT Center Blog als moderne Informations- und Kommunikationsplattform gegr\u00fcndet. Seitdem hat unser Blog immer mehr an Bekanntheit und auch Beliebtheit gewonnen. Diese konstant positive Entwicklung spiegelt sich auch in den Besucherzahlen, Seitenansichten und Interaktionen wider.\u00a0Unsere Artikel richten sich an Studierende, Mitarbeitende, IT-Admins sowie Kooperationspartner der RWTH Aachen University und dar\u00fcber hinaus an alle Interessierte.<\/p>\n<div id=\"attachment_19059\" style=\"width: 210px\" class=\"wp-caption alignright\"><a href=\"https:\/\/blog.rwth-aachen.de\/itc\/files\/2024\/04\/DSC_9640-Verbessert-NR_web.jpg\"><img loading=\"lazy\" decoding=\"async\" aria-describedby=\"caption-attachment-19059\" class=\"wp-image-19059 size-medium\" src=\"https:\/\/blog.rwth-aachen.de\/itc\/files\/2024\/04\/DSC_9640-Verbessert-NR_web-200x300.jpg\" alt=\"Redaktionsteam, Gruppenfoto auf der Treppe im Foyer\" width=\"200\" height=\"300\" srcset=\"https:\/\/blog.rwth-aachen.de\/itc\/files\/2024\/04\/DSC_9640-Verbessert-NR_web-200x300.jpg 200w, https:\/\/blog.rwth-aachen.de\/itc\/files\/2024\/04\/DSC_9640-Verbessert-NR_web-683x1024.jpg 683w, https:\/\/blog.rwth-aachen.de\/itc\/files\/2024\/04\/DSC_9640-Verbessert-NR_web.jpg 720w\" sizes=\"auto, (max-width: 200px) 100vw, 200px\" \/><\/a><p id=\"caption-attachment-19059\" class=\"wp-caption-text\">Das Redaktionsteam des IT Centers<br \/>Quelle: Eigene Darstellung<\/p><\/div>\n<p>Der Blog wird im Rahmen des Aufgabenbereichs \u201eAu\u00dfenkommunikation\u201c von uns, den Gruppenmitgliedern der Gruppe Marketing &amp; Eventmanagement (kurz Marie) innerhalb der Abteilung Service &amp; Kommunikation (kurz SeKo) betreut. In Zusammenarbeit mit den Kolleginnen und Kollegen aus den verschiedenen Abteilungen des IT Centers schreiben wir im Redaktionsteam mehrmals w\u00f6chentlich interessante und n\u00fctzliche Artikel, um euch regelm\u00e4\u00dfig \u00fcber aktuelle Entwicklungen auf dem Laufenden zu halten.<\/p>\n<p>Erg\u00e4nzend dazu ver\u00f6ffentlichen wir Tipps und Anregungen rund um den Umgang mit den Services des IT Centers. Wir erm\u00f6glichen Einblicke in den Arbeitsalltag am IT Center, bieten interessante Gewinnspiele, verfassen Blogserien zu spannenden Themen und posten auch mal einen Feel-Good-Beitrag zur Auflockerung deines Alltags. Aber auch in Krisenzeiten dienen der Blog sowie unsere Social Media Kan\u00e4le als proaktive und transparente Kommunikationswerkzeuge. Bereits seit dem 1. April 2016 k\u00f6nnt ihr unsere Beitr\u00e4ge kommentieren &#8211; der erste Schritt f\u00fcr mehr Austausch in der Community und damit mehr N\u00e4he zu den Lesenden.<\/p>\n<p>Wir verfassen alle Beitr\u00e4ge bilingual \u2013 denn immerhin studieren, forschen, lehren und arbeiten \u00fcber 57.000 Menschen aus mehr als 125 L\u00e4ndern an der RWTH Aachen und wir m\u00f6chten euch alle an unseren Informationen teilhaben lassen. Wir freuen uns \u00fcber Feedback und den Austausch mit dir \u2013 hinterlasst uns gerne eure Kommentare unter unseren Beitr\u00e4gen.<\/p>","protected":false},"excerpt":{"rendered":"<p>&nbsp; Willkommen auf dem offiziellen Blog des IT Centers Als zentrale Einrichtung der RWTH Aachen University unterst\u00fctzt das IT Center die IT-Prozesse der Hochschule, stellt IT-Basisdienste bereit und erbringt individuelle [&hellip;]<\/p>\n","protected":false},"author":3066,"featured_media":0,"parent":0,"menu_order":2,"comment_status":"closed","ping_status":"closed","template":"","meta":{"c2c_always_allow_admin_comments":false,"footnotes":""},"class_list":["post-10787","page","type-page","status-publish","hentry"],"aioseo_notices":[],"_links":{"self":[{"href":"https:\/\/blog.rwth-aachen.de\/itc\/wp-json\/wp\/v2\/pages\/10787","targetHints":{"allow":["GET"]}}],"collection":[{"href":"https:\/\/blog.rwth-aachen.de\/itc\/wp-json\/wp\/v2\/pages"}],"about":[{"href":"https:\/\/blog.rwth-aachen.de\/itc\/wp-json\/wp\/v2\/types\/page"}],"author":[{"embeddable":true,"href":"https:\/\/blog.rwth-aachen.de\/itc\/wp-json\/wp\/v2\/users\/3066"}],"replies":[{"embeddable":true,"href":"https:\/\/blog.rwth-aachen.de\/itc\/wp-json\/wp\/v2\/comments?post=10787"}],"version-history":[{"count":15,"href":"https:\/\/blog.rwth-aachen.de\/itc\/wp-json\/wp\/v2\/pages\/10787\/revisions"}],"predecessor-version":[{"id":20085,"href":"https:\/\/blog.rwth-aachen.de\/itc\/wp-json\/wp\/v2\/pages\/10787\/revisions\/20085"}],"wp:attachment":[{"href":"https:\/\/blog.rwth-aachen.de\/itc\/wp-json\/wp\/v2\/media?parent=10787"}],"curies":[{"name":"wp","href":"https:\/\/api.w.org\/{rel}","templated":true}]}}