{"id":17,"date":"2012-12-20T14:20:38","date_gmt":"2012-12-20T12:20:38","guid":{"rendered":"https:\/\/blog.rwth-aachen.de\/kreativesschreiben\/?page_id=17"},"modified":"2015-06-09T12:33:36","modified_gmt":"2015-06-09T10:33:36","slug":"impressum","status":"publish","type":"page","link":"https:\/\/blog.rwth-aachen.de\/kreativesschreiben\/impressum\/","title":{"rendered":"Impressum"},"content":{"rendered":"<div class=\"twoclick_social_bookmarks_post_17 social_share_privacy clearfix 1.6.4 locale-de_DE sprite-de_DE\"><\/div><div class=\"twoclick-js\"><script type=\"text\/javascript\">\/* <![CDATA[ *\/\njQuery(document).ready(function($){if($('.twoclick_social_bookmarks_post_17')){$('.twoclick_social_bookmarks_post_17').socialSharePrivacy({\"txt_help\":\"Wenn Sie diese Felder durch einen Klick aktivieren, werden Informationen an Facebook, Twitter, Flattr, Xing, t3n, LinkedIn, Pinterest oder Google eventuell ins Ausland \\u00fcbertragen und unter Umst\\u00e4nden auch dort gespeichert. N\\u00e4heres erfahren Sie durch einen Klick auf das <em>i<\\\/em>.\",\"settings_perma\":\"Dauerhaft aktivieren und Daten\\u00fcber-tragung zustimmen:\",\"info_link\":\"http:\\\/\\\/www.heise.de\\\/ct\\\/artikel\\\/2-Klicks-fuer-mehr-Datenschutz-1333879.html\",\"uri\":\"https:\\\/\\\/blog.rwth-aachen.de\\\/kreativesschreiben\\\/impressum\\\/\",\"post_id\":17,\"post_title_referrer_track\":\"Impressum\",\"display_infobox\":\"on\"});}});\n\/* ]]> *\/<\/script><\/div><p><strong><a href=\"https:\/\/blog.rwth-aachen.de\/kreativesschreiben\/files\/2012\/12\/IMG_1315.jpg\"><img loading=\"lazy\" decoding=\"async\" class=\" size-medium wp-image-786 alignleft\" src=\"https:\/\/blog.rwth-aachen.de\/kreativesschreiben\/files\/2012\/12\/IMG_1315-300x225.jpg\" alt=\"IMG_1315\" width=\"300\" height=\"225\" srcset=\"https:\/\/blog.rwth-aachen.de\/kreativesschreiben\/files\/2012\/12\/IMG_1315-300x225.jpg 300w, https:\/\/blog.rwth-aachen.de\/kreativesschreiben\/files\/2012\/12\/IMG_1315-1024x768.jpg 1024w\" sizes=\"auto, (max-width: 300px) 100vw, 300px\" \/><\/a><\/strong><\/p>\n<p>&nbsp;<\/p>\n<p>&nbsp;<\/p>\n<p>&nbsp;<\/p>\n<p>&nbsp;<\/p>\n<p>&nbsp;<\/p>\n<p>&nbsp;<\/p>\n<p><strong>Herausgeber<\/strong><\/p>\n<p>Herausgegeben im Auftrag des Rektors der Rheinisch-Westf\u00e4lischen Technischen Hochschule (RWTH) Aachen.<\/p>\n<p>RWTH Aachen<br \/>\nTemplergraben 55<br \/>\n52056 Aachen<\/p>\n<p>Telefon: +49 241 80-1<br \/>\nTelefax: +49 241 80-92100<\/p>\n<p>Internet: <a title=\"www.rwth-aachen.de\" href=\"www.rwth-aachen.de\">www.rwth-aachen.de<\/a><\/p>\n<p>Die RWTH Aachen ist eine K\u00f6rperschaft des \u00f6ffentlichen Rechts. Sie wird durch den Rektor, Herrn Univ.-Prof. Dr.-Ing. Ernst M. Schmachtenberg, vertreten.<\/p>\n<p><strong>Zust\u00e4ndige Aufsichtsbeh\u00f6rde<\/strong><\/p>\n<p>Ministerium f\u00fcr Innovation, Wissenschaft, Forschung und Technologie des Landes Nordrhein Westfalen, V\u00f6lklinger Stra\u00dfe 49, 40221 D\u00fcsseldorf.<\/p>\n<p><strong>Umsatzsteuer-Identifikationsnummer<\/strong><\/p>\n<p>Gem\u00e4\u00df \u00a7 27 a Umsatzsteuergesetz: DE 121689807<\/p>\n<p><strong>Inhaltliche Verantwortlichkeit<\/strong><\/p>\n<p>F\u00fcr die Richtigkeit und Aktualit\u00e4t der Inhalte sind die jeweiligen Ersteller der einzelnen Seiten verantwortlich:<\/p>\n<p>&nbsp;<\/p>\n<p>Dr. Christoph Leuchter<br \/>\nTelefon: +49(0)241\/80-96537<br \/>\nE-Mail: <a title=\"christoph.leuchter@rwth-aachen.de\" href=\"christoph.leuchter@rwth-aachen.de\">christoph.leuchter@rwth-aachen.de<\/a><\/p>\n<p>Die Webseiten der Zentralen Hochschulverwaltung, der Zentralen Einrichtungen, der Gruppenvertretungen, der Institute, Lehrst\u00fchle sowie Lehr- und Forschungsgebiete werden von den von diesen beauftragten Webkoordinatoren bzw. Webmastern eigenst\u00e4ndig betreut. Details zu Fragen der Haftung sind im <a title=\"Disclaimer\" href=\"http:\/\/http:\/\/www.rwth-aachen.de\/go\/id\/cesv\">Disclaimer<\/a> nachzulesen.<\/p>\n","protected":false},"excerpt":{"rendered":"<p>&nbsp; &nbsp; &nbsp; &nbsp; &nbsp; &nbsp; Herausgeber Herausgegeben im Auftrag des Rektors der Rheinisch-Westf\u00e4lischen Technischen Hochschule (RWTH) Aachen. RWTH Aachen Templergraben 55 52056 Aachen Telefon: +49 241 80-1 Telefax: +49 [&hellip;]<\/p>\n","protected":false},"author":1,"featured_media":0,"parent":0,"menu_order":0,"comment_status":"open","ping_status":"open","template":"","meta":{"c2c_always_allow_admin_comments":false,"footnotes":""},"class_list":["post-17","page","type-page","status-publish","hentry"],"_links":{"self":[{"href":"https:\/\/blog.rwth-aachen.de\/kreativesschreiben\/wp-json\/wp\/v2\/pages\/17","targetHints":{"allow":["GET"]}}],"collection":[{"href":"https:\/\/blog.rwth-aachen.de\/kreativesschreiben\/wp-json\/wp\/v2\/pages"}],"about":[{"href":"https:\/\/blog.rwth-aachen.de\/kreativesschreiben\/wp-json\/wp\/v2\/types\/page"}],"author":[{"embeddable":true,"href":"https:\/\/blog.rwth-aachen.de\/kreativesschreiben\/wp-json\/wp\/v2\/users\/1"}],"replies":[{"embeddable":true,"href":"https:\/\/blog.rwth-aachen.de\/kreativesschreiben\/wp-json\/wp\/v2\/comments?post=17"}],"version-history":[{"count":10,"href":"https:\/\/blog.rwth-aachen.de\/kreativesschreiben\/wp-json\/wp\/v2\/pages\/17\/revisions"}],"predecessor-version":[{"id":789,"href":"https:\/\/blog.rwth-aachen.de\/kreativesschreiben\/wp-json\/wp\/v2\/pages\/17\/revisions\/789"}],"wp:attachment":[{"href":"https:\/\/blog.rwth-aachen.de\/kreativesschreiben\/wp-json\/wp\/v2\/media?parent=17"}],"curies":[{"name":"wp","href":"https:\/\/api.w.org\/{rel}","templated":true}]}}