{"id":17,"date":"2013-04-22T12:14:20","date_gmt":"2013-04-22T10:14:20","guid":{"rendered":"https:\/\/blog.rwth-aachen.de\/lehre\/?page_id=17"},"modified":"2016-04-27T12:19:37","modified_gmt":"2016-04-27T10:19:37","slug":"mitmachen","status":"publish","type":"page","link":"https:\/\/blog.rwth-aachen.de\/lehre\/mitmachen\/","title":{"rendered":"Mitmachen?!"},"content":{"rendered":"<p>&nbsp;<\/p>\n<div id=\"attachment_393\" style=\"width: 310px\" class=\"wp-caption alignleft\"><img loading=\"lazy\" decoding=\"async\" aria-describedby=\"caption-attachment-393\" class=\"size-medium wp-image-393 \" src=\"https:\/\/blog.rwth-aachen.de\/lehre\/files\/2013\/06\/mitmachen_keyboard-300x176.jpg\" alt=\"mitmachen_keyboard\" width=\"300\" height=\"176\" srcset=\"https:\/\/blog.rwth-aachen.de\/lehre\/files\/2013\/06\/mitmachen_keyboard-300x176.jpg 300w, https:\/\/blog.rwth-aachen.de\/lehre\/files\/2013\/06\/mitmachen_keyboard.jpg 482w\" sizes=\"auto, (max-width: 300px) 100vw, 300px\" \/><p id=\"caption-attachment-393\" class=\"wp-caption-text\"><\/p>\n<p style=\"font-size: xx-small;\"><a href=\"http:\/\/www.flickr.com\/photos\/breadslice\/2588649799\/in\/photostream\">Bildquelle Original<\/a> | <a href=\"http:\/\/creativecommons.org\/licenses\/by-nc\/2.0\/\">CC BY-NC 2.0<\/a><\/p>\n<p>&nbsp;<\/p>\n<p><\/p><\/div>\n<p>An der RWTH gibt es derzeit \u00fcber 40.000 Studierende, 500 Professorinnen und Professoren sowie rund 2.000 Wissenschaftlerinnen und Wissenschaftler. Sie alle machen in ihrem Hochschulalltag intensive Erfahrungen mit dem Lernen und Lehren. Wir m\u00f6chten Sie ermuntern und dazu aufrufen, diese Erfahrungen mit Ihren Kolleginnen und Kollegen bzw. Ihren Kommilitoninnen und Kommilitonen zu teilen. Das <span style=\"color: #00549f;\"><b><i>log<\/i><\/b><i><span style=\"color: #8ebae5;\"><strong>buch<\/strong><\/span> <b>lehre<\/b><\/i><\/span> m\u00f6chte Ihnen die M\u00f6glichkeit geben, von den Erfahrungen anderer zu profitieren, sich inspirieren zu lassen, Fragen zu stellen oder auch selbst mit Beitr\u00e4gen zu einem lebendigen Austausch \u00fcber die M\u00f6glichkeiten und Chancen einer guten Hochschullehre beizutragen.<\/p>\n<p>&nbsp;<\/p>\n<p><strong><i>Auf dem Laufenden bleiben:<\/i><\/strong><\/p>\n<p>Abonnieren Sie <a href=\"https:\/\/blog.rwth-aachen.de\/lehre\/feed\/\" target=\"_blank\">die neuen Beitr\u00e4ge<\/a> und\/oder <a href=\"https:\/\/blog.rwth-aachen.de\/lehre\/comments\/feed\/\" target=\"_blank\">Kommentare<\/a> auf unserer Seite ganz einfach als rss-Feeds und Sie verpassen keine Neuigkeiten mehr. Zudem k\u00f6nnen Sie sich mithilfe eines E-Mail-Abonnements \u00fcber die aktuellen Beitr\u00e4ge informieren.<\/p>\n<p>&nbsp;<\/p>\n<p><strong><i>Kommentieren<\/i><\/strong><\/p>\n<p>Sie haben Fragen, Hinweise oder Anregungen zu einem bestimmten Blogbeitrag? Dann schreiben Sie ganz einfach einen Kommentar direkt unter den Artikel. Wom\u00f6glich gibt es auch bereits Kommentare dort, auf die Sie antworten k\u00f6nnen.<\/p>\n<p><b>\u00a0<\/b><\/p>\n<p><strong><i>Beitr\u00e4ge schreiben<\/i><\/strong><\/p>\n<p>Sie m\u00f6chten selbst ein Thema aus dem Bereich der Hochschullehre auf unserer Seite mit einbringen und eine Diskussion anregen oder \u00fcber Ihre Erfahrungen berichten? Sehr gern! Wir freuen uns \u00fcber jede neue Autorin und jeden neuen Autor auf unserer Seite. <a href=\"https:\/\/blog.rwth-aachen.de\/lehre\/kontakt\/\">Kontaktieren Sie uns<\/a> einfach kurz und wir richten Ihnen einen Autorenzugang ein und erkl\u00e4ren auch gerne die weiteren Funktionen unseres Blogs.<\/p>\n<p><b>\u00a0<\/b><\/p>\n<p><strong><a href=\"https:\/\/blog.rwth-aachen.de\/lehre\/kontakt\/\"><i>Direkter Kontakt<\/i><\/a><\/strong><\/p>\n<p>Nat\u00fcrlich k\u00f6nnen Sie uns jederzeit erreichen und mit uns sprechen, uns fragen oder von Ihren Ideen erz\u00e4hlen und Vorschl\u00e4ge machen. Rufen Sie uns einfach an oder mailen Sie uns.<\/p>\n<div class=\"twoclick_social_bookmarks_post_17 social_share_privacy clearfix 1.6.4 locale-de_DE sprite-de_DE\"><\/div><div class=\"twoclick-js\"><script type=\"text\/javascript\">\/* <![CDATA[ *\/\njQuery(document).ready(function($){if($('.twoclick_social_bookmarks_post_17')){$('.twoclick_social_bookmarks_post_17').socialSharePrivacy({\"services\":{\"facebook\":{\"status\":\"on\",\"txt_info\":\"2 Klicks f\\u00fcr mehr Datenschutz: Erst wenn Sie hier klicken, wird der Button aktiv und Sie k\\u00f6nnen Ihre Empfehlung an Facebook senden. Schon beim Aktivieren werden Daten an Dritte \\u00fcbertragen - siehe <em>i<\\\/em>.\",\"perma_option\":\"off\",\"action\":\"like\",\"language\":\"de_DE\"},\"twitter\":{\"reply_to\":\"\",\"tweet_text\":\"Mitmachen%3F%21%20%C2%BB%20Logbuch%20Lehre\",\"status\":\"on\",\"txt_info\":\"2 Klicks f\\u00fcr mehr Datenschutz: Erst wenn Sie hier klicken, wird der Button aktiv und Sie k\\u00f6nnen Ihre Empfehlung an Twitter senden. Schon beim Aktivieren werden Daten an Dritte \\u00fcbertragen - siehe <em>i<\\\/em>.\",\"perma_option\":\"off\",\"language\":\"de\",\"referrer_track\":\"\"},\"gplus\":{\"status\":\"on\",\"txt_info\":\"2 Klicks f\\u00fcr mehr Datenschutz: Erst wenn Sie hier klicken, wird der Button aktiv und Sie k\\u00f6nnen Ihre Empfehlung an Google+ senden. Schon beim Aktivieren werden Daten an Dritte \\u00fcbertragen - siehe <em>i<\\\/em>.\",\"perma_option\":\"off\",\"referrer_track\":\"\"},\"pinterest\":{\"status\":\"on\",\"the_excerpt\":\"Mitmachen?!\",\"txt_info\":\"2 Klicks f\\u00fcr mehr Datenschutz: Erst wenn Sie hier klicken, wird der Button aktiv und Sie k\\u00f6nnen Ihre Empfehlung an Pinterest senden. Schon beim Aktivieren werden Daten an Dritte \\u00fcbertragen - siehe <em>i<\\\/em>.\",\"perma_option\":\"off\",\"media\":\"https:\\\/\\\/blog.rwth-aachen.de\\\/lehre\\\/files\\\/2013\\\/06\\\/mitmachen_keyboard.jpg\"}},\"txt_help\":\"Wenn Sie diese Felder durch einen Klick aktivieren, werden Informationen an Facebook, Twitter, Flattr, Xing, t3n, LinkedIn, Pinterest oder Google eventuell ins Ausland \\u00fcbertragen und unter Umst\\u00e4nden auch dort gespeichert. N\\u00e4heres erfahren Sie durch einen Klick auf das <em>i<\\\/em>.\",\"settings_perma\":\"Dauerhaft aktivieren und Daten\\u00fcber-tragung zustimmen:\",\"info_link\":\"http:\\\/\\\/www.heise.de\\\/ct\\\/artikel\\\/2-Klicks-fuer-mehr-Datenschutz-1333879.html\",\"uri\":\"https:\\\/\\\/blog.rwth-aachen.de\\\/lehre\\\/mitmachen\\\/\",\"post_id\":17,\"post_title_referrer_track\":\"Mitmachen%3F%21\",\"display_infobox\":\"on\"});}});\n\/* ]]> *\/<\/script><\/div>","protected":false},"excerpt":{"rendered":"<p>&nbsp; An der RWTH gibt es derzeit \u00fcber 40.000 Studierende, 500 Professorinnen und Professoren sowie rund 2.000 Wissenschaftlerinnen und Wissenschaftler. Sie alle machen in ihrem Hochschulalltag intensive Erfahrungen mit dem [&hellip;]<\/p>\n","protected":false},"author":13,"featured_media":0,"parent":0,"menu_order":1,"comment_status":"open","ping_status":"open","template":"","meta":{"c2c_always_allow_admin_comments":false,"footnotes":""},"class_list":["post-17","page","type-page","status-publish","hentry"],"_links":{"self":[{"href":"https:\/\/blog.rwth-aachen.de\/lehre\/wp-json\/wp\/v2\/pages\/17","targetHints":{"allow":["GET"]}}],"collection":[{"href":"https:\/\/blog.rwth-aachen.de\/lehre\/wp-json\/wp\/v2\/pages"}],"about":[{"href":"https:\/\/blog.rwth-aachen.de\/lehre\/wp-json\/wp\/v2\/types\/page"}],"author":[{"embeddable":true,"href":"https:\/\/blog.rwth-aachen.de\/lehre\/wp-json\/wp\/v2\/users\/13"}],"replies":[{"embeddable":true,"href":"https:\/\/blog.rwth-aachen.de\/lehre\/wp-json\/wp\/v2\/comments?post=17"}],"version-history":[{"count":26,"href":"https:\/\/blog.rwth-aachen.de\/lehre\/wp-json\/wp\/v2\/pages\/17\/revisions"}],"predecessor-version":[{"id":6939,"href":"https:\/\/blog.rwth-aachen.de\/lehre\/wp-json\/wp\/v2\/pages\/17\/revisions\/6939"}],"wp:attachment":[{"href":"https:\/\/blog.rwth-aachen.de\/lehre\/wp-json\/wp\/v2\/media?parent=17"}],"curies":[{"name":"wp","href":"https:\/\/api.w.org\/{rel}","templated":true}]}}