{"id":5,"date":"2014-12-03T10:00:44","date_gmt":"2014-12-03T09:00:44","guid":{"rendered":"https:\/\/blog.rwth-aachen.de\/lehre\/?page_id=5"},"modified":"2015-05-05T09:41:44","modified_gmt":"2015-05-05T07:41:44","slug":"impressum","status":"publish","type":"page","link":"https:\/\/blog.rwth-aachen.de\/lehre\/impressum\/","title":{"rendered":"Impressum"},"content":{"rendered":"<div id=\"post-57\">\n<div>\n<p><em>To satisfy the requirements imposed by German law, this site contains contact and legal information in German language only.<\/em><\/p>\n<h4><strong>Herausgeberin<\/strong><\/h4>\n<p>Herausgegeben im Auftrag des Rektors der Rheinisch-Westf\u00e4lischen Technischen Hochschule (RWTH) Aachen.<\/p>\n<p>RWTH Aachen<br \/>\nTemplergraben 55<br \/>\n52056 Aachen<\/p>\n<p>Telefon: +49 241 80-1<br \/>\nTelefax: +49 241 80-92312<\/p>\n<p>E-Mail: <a href=\"mailto:webmaster@rwth-aachen.de\">webmaster[at]rwth-aachen.de<\/a><br \/>\nInternet: <a href=\"http:\/\/www.rwth-aachen.de\/\">www.rwth-aachen.de<\/a><\/p>\n<p>Die RWTH Aachen ist eine K\u00f6rperschaft des \u00f6ffentlichen Rechts. Sie wird durch den Rektor, Univ.-Prof. Dr.-Ing. Ernst M. Schmachtenberg, vertreten.<\/p>\n<h4><strong>Zust\u00e4ndige Aufsichtsbeh\u00f6rde<\/strong><\/h4>\n<p>Ministerium f\u00fcr Innovation, Wissenschaft, Forschung und Technologie des Landes Nordrhein Westfalen, V\u00f6lklinger Stra\u00dfe 49, 40221 D\u00fcsseldorf.<\/p>\n<h4><strong>Umsatzsteuer-Identifikationsnummer<\/strong><\/h4>\n<p>Gem\u00e4\u00df \u00a7 27 a Umsatzsteuergesetz: DE 121689807<\/p>\n<h4><strong><br \/>\nInhaltliche Verantwortlichkeit<\/strong><\/h4>\n<p>F\u00fcr die Richtigkeit und Aktualit\u00e4t der Inhalte sind die jeweiligen Erstellerinnen und Ersteller der einzelnen Seiten verantwortlich.<br \/>\nF\u00fcr den Inhalt der Artikel sind die namentlich ausgewiesenen Autoren verantwortlich.<br \/>\nBitte wenden Sie sich bei Fragen und Problemen an den Redakteur des <b><i>log<\/i><\/b><i><strong>buch<\/strong> <b>lehre<\/b><\/i>.<\/p>\n<p>Fragen zum Webangebot beantwortet die Abteilung 6.2 \u2013 Lehre an der RWTH Aachen:<\/p>\n<p>Dezernat 6<br \/>\nAbteilung 6.2 \u2013 ZHV<\/p>\n<p>Templergraben 55<br \/>\n52062 Aachen<\/p>\n<p>Telefon: +49 241 80 98105<br \/>\nE-Mail: <a href=\"mailto:Michael.Heuters@zhv.rwth-aachen.de\" target=\"_blank\">michael.heuters[at]zhv.rwth-aachen.de<\/a><\/p>\n<p><strong>Redaktion<\/strong><\/p>\n<ul>\n<li>Michael\u00a0Heuters<\/li>\n<\/ul>\n<p>Telefon: +49 241 80 98105<br \/>\nE-Mail: <a href=\"mailto:michael.heuters@zhv.rwth-aachen.de\" target=\"_blank\">michael.heuters[at]zhv.rwth-aachen.de<\/a><\/p>\n<div><\/div>\n<p>f\u00fcr den <strong>Bereich <em>f\u00fcr &amp; von Studis<\/em><\/strong>:<\/p>\n<div><\/div>\n<p>AStA der RWTH Aachen<br \/>\nReferat f\u00fcr Lehre und Hochschulkommunikation<\/p>\n<div>\n<ul>\n<li>Projektleiter <em>Ben Kadereit<\/em><\/li>\n<\/ul>\n<\/div>\n<div><\/div>\n<p>Tel.: +49-(0)241-80 93792<\/p>\n<div>E-Mail: <a href=\"mailto:bkadereit@asta.rwth-aachen.de\" target=\"_blank\">bkadereit[at]asta.rwth-aachen.de<\/a><\/div>\n<div><\/div>\n<div><\/div>\n<div><\/div>\n<\/div>\n<\/div>\n<div class=\"twoclick_social_bookmarks_post_5 social_share_privacy clearfix 1.6.4 locale-de_DE sprite-de_DE\"><\/div><div class=\"twoclick-js\"><script type=\"text\/javascript\">\/* <![CDATA[ *\/\njQuery(document).ready(function($){if($('.twoclick_social_bookmarks_post_5')){$('.twoclick_social_bookmarks_post_5').socialSharePrivacy({\"services\":{\"facebook\":{\"status\":\"on\",\"txt_info\":\"2 Klicks f\\u00fcr mehr Datenschutz: Erst wenn Sie hier klicken, wird der Button aktiv und Sie k\\u00f6nnen Ihre Empfehlung an Facebook senden. Schon beim Aktivieren werden Daten an Dritte \\u00fcbertragen - siehe <em>i<\\\/em>.\",\"perma_option\":\"off\",\"action\":\"like\",\"language\":\"de_DE\"},\"twitter\":{\"reply_to\":\"\",\"tweet_text\":\"Impressum%20%C2%BB%20Logbuch%20Lehre\",\"status\":\"on\",\"txt_info\":\"2 Klicks f\\u00fcr mehr Datenschutz: Erst wenn Sie hier klicken, wird der Button aktiv und Sie k\\u00f6nnen Ihre Empfehlung an Twitter senden. Schon beim Aktivieren werden Daten an Dritte \\u00fcbertragen - siehe <em>i<\\\/em>.\",\"perma_option\":\"off\",\"language\":\"de\",\"referrer_track\":\"\"},\"gplus\":{\"status\":\"on\",\"txt_info\":\"2 Klicks f\\u00fcr mehr Datenschutz: Erst wenn Sie hier klicken, wird der Button aktiv und Sie k\\u00f6nnen Ihre Empfehlung an Google+ senden. Schon beim Aktivieren werden Daten an Dritte \\u00fcbertragen - siehe <em>i<\\\/em>.\",\"perma_option\":\"off\",\"referrer_track\":\"\"}},\"txt_help\":\"Wenn Sie diese Felder durch einen Klick aktivieren, werden Informationen an Facebook, Twitter, Flattr, Xing, t3n, LinkedIn, Pinterest oder Google eventuell ins Ausland \\u00fcbertragen und unter Umst\\u00e4nden auch dort gespeichert. N\\u00e4heres erfahren Sie durch einen Klick auf das <em>i<\\\/em>.\",\"settings_perma\":\"Dauerhaft aktivieren und Daten\\u00fcber-tragung zustimmen:\",\"info_link\":\"http:\\\/\\\/www.heise.de\\\/ct\\\/artikel\\\/2-Klicks-fuer-mehr-Datenschutz-1333879.html\",\"uri\":\"https:\\\/\\\/blog.rwth-aachen.de\\\/lehre\\\/impressum\\\/\",\"post_id\":5,\"post_title_referrer_track\":\"Impressum\",\"display_infobox\":\"on\"});}});\n\/* ]]> *\/<\/script><\/div>","protected":false},"excerpt":{"rendered":"<p>To satisfy the requirements imposed by German law, this site contains contact and legal information in German language only. Herausgeberin Herausgegeben im Auftrag des Rektors der Rheinisch-Westf\u00e4lischen Technischen Hochschule (RWTH) [&hellip;]<\/p>\n","protected":false},"author":1,"featured_media":0,"parent":0,"menu_order":0,"comment_status":"open","ping_status":"open","template":"","meta":{"c2c_always_allow_admin_comments":false,"footnotes":""},"class_list":["post-5","page","type-page","status-publish","hentry"],"_links":{"self":[{"href":"https:\/\/blog.rwth-aachen.de\/lehre\/wp-json\/wp\/v2\/pages\/5","targetHints":{"allow":["GET"]}}],"collection":[{"href":"https:\/\/blog.rwth-aachen.de\/lehre\/wp-json\/wp\/v2\/pages"}],"about":[{"href":"https:\/\/blog.rwth-aachen.de\/lehre\/wp-json\/wp\/v2\/types\/page"}],"author":[{"embeddable":true,"href":"https:\/\/blog.rwth-aachen.de\/lehre\/wp-json\/wp\/v2\/users\/1"}],"replies":[{"embeddable":true,"href":"https:\/\/blog.rwth-aachen.de\/lehre\/wp-json\/wp\/v2\/comments?post=5"}],"version-history":[{"count":28,"href":"https:\/\/blog.rwth-aachen.de\/lehre\/wp-json\/wp\/v2\/pages\/5\/revisions"}],"predecessor-version":[{"id":5366,"href":"https:\/\/blog.rwth-aachen.de\/lehre\/wp-json\/wp\/v2\/pages\/5\/revisions\/5366"}],"wp:attachment":[{"href":"https:\/\/blog.rwth-aachen.de\/lehre\/wp-json\/wp\/v2\/media?parent=5"}],"curies":[{"name":"wp","href":"https:\/\/api.w.org\/{rel}","templated":true}]}}