{"id":245,"date":"2023-10-30T12:21:16","date_gmt":"2023-10-30T11:21:16","guid":{"rendered":"https:\/\/blog.rwth-aachen.de\/nextstep\/?page_id=245"},"modified":"2026-01-03T17:22:18","modified_gmt":"2026-01-03T16:22:18","slug":"internship-program","status":"publish","type":"page","link":"https:\/\/blog.rwth-aachen.de\/nextstep\/internship-program\/","title":{"rendered":"Internship"},"content":{"rendered":"<p><a href=\"#Internship Programme at the German University of Technology in Oman (GUtech)\">englishversion<\/a><\/p>\n<h2><strong>Praktikum an der German University of Technology in Oman (GUtech)<\/strong><\/h2>\n<p>Die German University of Technology in Oman (GUtech) wurde 2007 in Zusammenarbeit mit der RWTH Aachen in Muscat gegr\u00fcndet, der Hauptstadt des Sultanats Oman.<\/p>\n<p>Jedes Semester sucht die GUtech wieder engagierte Praktikantinnen und Praktikanten, die Spa\u00df haben, im interkulturellen Umfeld einer jungen Universit\u00e4t Lehrt\u00e4tigkeiten f\u00fcr ingenieurs- und wirtschaftswissenschaftliche Studieng\u00e4nge zu \u00fcbernehmen. Hierf\u00fcr werden Studierende f\u00fcr die folgenden Studienrichtungen gesucht:<\/p>\n<ul>\n<li>Angewandte Geowissenschaften &#8211; <strong>Ein Bachelor-Abschluss ist die Mindestanforderung f\u00fcr die Bewerbung<\/strong><\/li>\n<li>Informatik<\/li>\n<li>Ingenieurswissenschaften (Umwelttechnik, Verfahrenstechnik und Maschinenbau) &#8211; <strong>Ein Bachelor-Abschluss ist die Mindestanforderung f\u00fcr die Bewerbung<\/strong><\/li>\n<li>Betriebswirtschaftslehre und Logistik<\/li>\n<li>St\u00e4dtebau und Architektur<\/li>\n<\/ul>\n<p class=\"Zwischenueberschrift\"><strong>\u00dcberblick<\/strong><\/p>\n<ul>\n<li>Zeitraum abh\u00e4ngig vom jeweiligen Department<\/li>\n<li>Bezahltes Praktikum sowie organisierte, bezahlte Unterkunft<\/li>\n<li>\u00dcbernahme der Reisekosten<\/li>\n<li>M\u00f6glichkeit, das Praktikum f\u00fcr ein anschlie\u00dfende Bachelor-\/ Masterarbeit zu nutzen<\/li>\n<li>Sprachpraxis verbessern, internationale Erfahrungen sammeln, Fachkenntnisse vertiefen<\/li>\n<\/ul>\n<p class=\"Zwischenueberschrift\"><strong>Aufgaben<\/strong><\/p>\n<ul>\n<li>Unterst\u00fctzung der Hochschullehrenden in ihren Veranstaltungen<\/li>\n<li>Sprechstunden f\u00fcr fachliche Fragen zu Lehrf\u00e4chern<\/li>\n<li>Vorbereitung von Vorlesungen, \u00dcbungen und Tests<\/li>\n<li>Evtl. Werkstatt-Arbeiten<\/li>\n<li>Eigenst\u00e4ndiges Leiten von Tutorien<\/li>\n<\/ul>\n<p class=\"Zwischenueberschrift\"><strong>Profil<\/strong><\/p>\n<ul>\n<li><b>Junior Intern<\/b>: Bachelorabschluss oder mind. 4. Fachsemester<\/li>\n<li><b>Senior Intern<\/b>: Absolventen mit Masterabschluss<\/li>\n<li>Studierende der Informatik, BWL, Chemie, Physik, Mathematik, oder Ingenieurwissenschaften<\/li>\n<li>Lehramtstudierende der Informatik, BWL, Chemie, Physik, Mathematik, oder Ingenieurwissenschaften<\/li>\n<li>Erste Erfahrungen in der Betreuung von Tutorien<\/li>\n<li>Sicherer Umgang mit der englischen Sprache<\/li>\n<li>Zur\u00fcckhaltung bei kulturell gepr\u00e4gten Differenzen<\/li>\n<li>Geduld, gute Umgangsformen und Teamf\u00e4higkeit<\/li>\n<\/ul>\n<p><strong>Bewerbung<\/strong><\/p>\n<p>Einzureichende Dokumente:<\/p>\n<ul>\n<li>Bewerbungsformular (auf Anfrage erh\u00e4ltlich: <a href=\"mailto:Internship@gutech.rwth-aachen.de\">internship@gutech.rwth-aachen.de<\/a>)<\/li>\n<li>Motivationsschreiben<\/li>\n<li>Lebenslauf<\/li>\n<li>Zeugnisse (Bachelor- oder Masterzeugnis, falls vorhanden)<\/li>\n<li>Notenauszug<\/li>\n<\/ul>\n<p>Bitte senden Sie Ihre Bewerbung an: <a href=\"mailto:Internship@gutech.rwth-aachen.de\">internship@gutech.rwth-aachen.de<\/a><\/p>\n<p><strong>Aktuelle Bewerbungsfristen:<\/strong><\/p>\n<p>Bewerbungen f\u00fcr das Wintersemester eines jeden Jahres (September bis Januar) sind bis zum <strong>31. Mai<\/strong> m\u00f6glich.<\/p>\n<p>Bewerbungen f\u00fcr das Sommersemester eines jeden Jahres (Februar bis Juni) sind bis zum <strong>30. November<\/strong> m\u00f6glich.<\/p>\n<p class=\"Zwischenueberschrift\"><strong>Kontakt:<\/strong><\/p>\n<p>Bei Interesse oder Fragen melden Sie sich gerne bei folgender Mailadresse: <a href=\"mailto:internship@gutech.rwth-aachen.de\">internship@gutech.rwth-aachen.de<\/a><\/p>\n<p>Wenn Sie an einem akademischen Austausch an der GUtech interessiert sind, wenden Sie sich bitte an das <a href=\"https:\/\/www.rwth-aachen.de\/cms\/root\/Die-RWTH\/Einrichtungen\/Verwaltung\/Dezernate\/Internationale-Hochschulbeziehungen\/~rdb\/Abteilung-2-3-Mobilitaet\/\">International Office der RWTH Aachen<\/a>.<\/p>\n<p>Weitere Informationen zu <a href=\"https:\/\/www.gutech.edu.om\/international-office\/\">internationalen Programmen der GUtech<\/a>.<\/p>\n<p>&nbsp;<\/p>\n<h2 style=\"font-weight: 400;\"><strong>Internship Programme at the <\/strong><strong>German University of Technology in Oman (GUtech)<\/strong><\/h2>\n<p style=\"font-weight: 400;\">The German University of Technology in Oman (GUtech) was founded in 2007 in Muscat, the capital of the sultanate, in cooperation with RWTH Aachen University.<\/p>\n<p style=\"font-weight: 400;\">Each semster GUtech is looking for enthusiastic interns who are looking forward to assuming their teaching activities for engineering and economic courses in the intercultural environment of a young university. We are looking for students for the following fields of study:<\/p>\n<ul>\n<li>Applied Geoscience &#8211; <strong>A Bachelor&#8217;s degree is the minimum requirement for application<\/strong><\/li>\n<li>Computer Science<\/li>\n<li>Engineering (Environmental, Process and Mechanical Engineering) &#8211; <strong>A Bachelor&#8217;s degree is the minimum requirement for application<\/strong><\/li>\n<li>Business Administration and Logistics<\/li>\n<li>Urban Planning and Architecture<\/li>\n<\/ul>\n<p style=\"font-weight: 400;\"><strong>Overview<\/strong><\/p>\n<ul>\n<li>Period of time is depends on the specific department<\/li>\n<li>Paid internship, paid and organized accommodation<\/li>\n<li>Travel costs will be covered<\/li>\n<li>Internship can be used for a subsequent bachelor\u2019s or master\u2019s thesis<\/li>\n<li>Language practice<\/li>\n<li>International experience<\/li>\n<li>Deepening of technical knowledge<\/li>\n<\/ul>\n<p style=\"font-weight: 400;\"><strong>Tasks and Responsibilities<\/strong><\/p>\n<ul>\n<li>Supporting lecturers and courses<\/li>\n<li>Giving consultation hours for technical issues of questions concerning the lectures<\/li>\n<li>Preparing lectures, exercises and exams<\/li>\n<li>Supervising workshops<\/li>\n<li>Leading of tutorials<\/li>\n<\/ul>\n<p style=\"font-weight: 400;\"><strong>Your Profile<\/strong><\/p>\n<ul>\n<li><strong>Junior Intern:\u00a0<\/strong>bachelor\u2019s degree or at least four semesters of consecutive studies<\/li>\n<li><strong>Senior Intern:\u00a0<\/strong>graduate with a master\u2019s degree<\/li>\n<li>Fields of study: Computer Science, Business Administration, Chemistry, Physics, Mathematics or Engineering (also educational science students from these fields of study)<\/li>\n<li>Experience with mentoring of tutorials<\/li>\n<li>Good English skills<\/li>\n<li>Restraint concerning cultural differences<\/li>\n<li>Patience, good manners and ability to work in a team<\/li>\n<\/ul>\n<p><strong>Application<\/strong><\/p>\n<p>Documents to submit:<\/p>\n<ul>\n<li>Application survey (available on request: <a href=\"mailto:Internship@gutech.rwth-aachen.de\">internship@gutech.rwth-aachen.de<\/a>)<\/li>\n<li>Motivation letter<\/li>\n<li>Curriculum vitae<\/li>\n<li>Certificates (bachelor\u2019s or master\u2019s certificate, if available)<\/li>\n<li>Overview of grades<\/li>\n<\/ul>\n<p>Please submit your application to: <a href=\"mailto:Internship@gutech.rwth-aachen.de\">internship@gutech.rwth-aachen.de<\/a><\/p>\n<p><strong>Current Application Deadlines<\/strong><\/p>\n<p>Applications for the winter semester of each year (September to January) are possible until <strong>31 May<\/strong>.<\/p>\n<p>Applications for the summer semester of each year (February to June) are possible until <strong>30 November<\/strong>.<\/p>\n<p id=\"tw-target-text\" class=\"tw-data-text tw-text-large tw-ta\" dir=\"ltr\" data-placeholder=\"\u00dcbersetzung\" data-ved=\"2ahUKEwia253e8bGCAxVhVeUKHf9JCHkQ3ewLegQIBhAQ\"><strong><span class=\"Y2IQFc\" lang=\"en\">Contact: <\/span><\/strong><\/p>\n<p class=\"tw-data-text tw-text-large tw-ta\" dir=\"ltr\" data-placeholder=\"\u00dcbersetzung\" data-ved=\"2ahUKEwia253e8bGCAxVhVeUKHf9JCHkQ3ewLegQIBhAQ\"><span class=\"Y2IQFc\" lang=\"en\">If you are interested or have any questions, please contact us at the following email address: <a href=\"mailto:internship@gutech.rwth-aachen.de\">internship@gutech.rwth-aachen.de<\/a><\/span><\/p>\n<p dir=\"ltr\" data-placeholder=\"\u00dcbersetzung\" data-ved=\"2ahUKEwia253e8bGCAxVhVeUKHf9JCHkQ3ewLegQIBhAQ\">If you are interested in an academic exchange at GUtech, please contact the <a href=\"https:\/\/www.rwth-aachen.de\/cms\/root\/Die-RWTH\/Einrichtungen\/Verwaltung\/Dezernate\/Internationale-Hochschulbeziehungen\/~rdb\/Abteilung-2-3-Mobilitaet\/\">International Office der RWTH Aachen<\/a>.<\/p>\n<p dir=\"ltr\" data-placeholder=\"\u00dcbersetzung\" data-ved=\"2ahUKEwia253e8bGCAxVhVeUKHf9JCHkQ3ewLegQIBhAQ\">More information about the <a href=\"https:\/\/www.gutech.edu.om\/international-office\/\">international programmes at GUtech<\/a>.<\/p>\n<p dir=\"ltr\" data-placeholder=\"\u00dcbersetzung\" data-ved=\"2ahUKEwia253e8bGCAxVhVeUKHf9JCHkQ3ewLegQIBhAQ\">\n","protected":false},"excerpt":{"rendered":"<p>englishversion Praktikum an der German University of Technology in Oman (GUtech) Die German University of Technology in Oman (GUtech) wurde 2007 in Zusammenarbeit mit der RWTH Aachen in Muscat gegr\u00fcndet, [&hellip;]<\/p>\n","protected":false},"author":5468,"featured_media":0,"parent":0,"menu_order":4,"comment_status":"closed","ping_status":"closed","template":"","meta":{"c2c_always_allow_admin_comments":false,"footnotes":""},"class_list":["post-245","page","type-page","status-publish","hentry"],"_links":{"self":[{"href":"https:\/\/blog.rwth-aachen.de\/nextstep\/wp-json\/wp\/v2\/pages\/245","targetHints":{"allow":["GET"]}}],"collection":[{"href":"https:\/\/blog.rwth-aachen.de\/nextstep\/wp-json\/wp\/v2\/pages"}],"about":[{"href":"https:\/\/blog.rwth-aachen.de\/nextstep\/wp-json\/wp\/v2\/types\/page"}],"author":[{"embeddable":true,"href":"https:\/\/blog.rwth-aachen.de\/nextstep\/wp-json\/wp\/v2\/users\/5468"}],"replies":[{"embeddable":true,"href":"https:\/\/blog.rwth-aachen.de\/nextstep\/wp-json\/wp\/v2\/comments?post=245"}],"version-history":[{"count":40,"href":"https:\/\/blog.rwth-aachen.de\/nextstep\/wp-json\/wp\/v2\/pages\/245\/revisions"}],"predecessor-version":[{"id":444,"href":"https:\/\/blog.rwth-aachen.de\/nextstep\/wp-json\/wp\/v2\/pages\/245\/revisions\/444"}],"wp:attachment":[{"href":"https:\/\/blog.rwth-aachen.de\/nextstep\/wp-json\/wp\/v2\/media?parent=245"}],"curies":[{"name":"wp","href":"https:\/\/api.w.org\/{rel}","templated":true}]}}