{"id":41,"date":"2021-10-11T09:49:39","date_gmt":"2021-10-11T07:49:39","guid":{"rendered":"https:\/\/blog.rwth-aachen.de\/nextstep\/?page_id=41"},"modified":"2023-11-09T10:45:34","modified_gmt":"2023-11-09T09:45:34","slug":"international-office","status":"publish","type":"page","link":"https:\/\/blog.rwth-aachen.de\/nextstep\/projekt\/partner\/rwth-aachen-university\/international-office\/","title":{"rendered":"International Office der RWTH Aachen"},"content":{"rendered":"<h3 class=\"Zwischenueberschrift\">Dezernat 2.0 &#8211; Internationale Hochschulbeziehungen<\/h3>\n<h4 class=\"Zwischenueberschrift\">Dezernat<\/h4>\n<p>Das Dezernat 2.0 &#8211; Internationale Hochschulbeziehungen &#8211; koordiniert die internationalen Beziehungen der RWTH Aachen, entwickelt Programme mit ausl\u00e4ndischen Partnerhochschulen und ber\u00e4t und unterst\u00fctzt internationale Studierende, Promovierende und Wissenschaftler\/innen. Die Mitarbeiterinnen und Mitarbeiter sind zust\u00e4ndig f\u00fcr die Beratung, Zulassung und Einschreibung internationaler Studierender, die ein Auslandssemester oder einen Abschluss an der RWTH anstreben. Dar\u00fcber hinaus entwickeln sie Konzepte zur Rekrutierung internationaler Studierender und verwalten die Finanzen f\u00fcr internationale Projekte. Neben den Incomings koordiniert die RWTH Partnerschaften mit Hochschulen weltweit und ber\u00e4t RWTH-Studierende zu Wegen ins Ausland sowie Austauschprogrammen und Auslandsaufenthalten (Outgoings).<\/p>\n<p>Die RWTH begreift Internationalisierung durch ihr Selbstverst\u00e4ndnis als global agierende, internationale Universit\u00e4t als Querschnittsthema f\u00fcr s\u00e4mtliche Hochschulangeh\u00f6rigen und Einrichtungen. Als Teil der Zentralen Hochschulverwaltung versteht sich das Dezernat f\u00fcr Internationale Hochschulbeziehungen als Schnittstelle zwischen dem administrativen Korps, der Studierendenschaft und den Fakult\u00e4ten.<\/p>\n<p>Im Rahmen der Kooperation mit der GUtech im Oman bestehen beidseitige Austausch- und F\u00f6rderm\u00f6glichkeiten f\u00fcr Studierende und Absolventen. Diese beinhalten neben Auslandssemestern auch Sommerkurse, Praktika, Sprachkurse sowie ein Tutorenprogramm.<\/p>\n<p><a href=\"http:\/\/www.rwth-aachen.de\/internationales\/\">Mehr&#8230;<\/a><\/p>\n","protected":false},"excerpt":{"rendered":"<p>Dezernat 2.0 &#8211; Internationale Hochschulbeziehungen Dezernat Das Dezernat 2.0 &#8211; Internationale Hochschulbeziehungen &#8211; koordiniert die internationalen Beziehungen der RWTH Aachen, entwickelt Programme mit ausl\u00e4ndischen Partnerhochschulen und ber\u00e4t und unterst\u00fctzt internationale [&hellip;]<\/p>\n","protected":false},"author":3619,"featured_media":0,"parent":34,"menu_order":0,"comment_status":"closed","ping_status":"closed","template":"","meta":{"c2c_always_allow_admin_comments":false,"footnotes":""},"class_list":["post-41","page","type-page","status-publish","hentry"],"_links":{"self":[{"href":"https:\/\/blog.rwth-aachen.de\/nextstep\/wp-json\/wp\/v2\/pages\/41","targetHints":{"allow":["GET"]}}],"collection":[{"href":"https:\/\/blog.rwth-aachen.de\/nextstep\/wp-json\/wp\/v2\/pages"}],"about":[{"href":"https:\/\/blog.rwth-aachen.de\/nextstep\/wp-json\/wp\/v2\/types\/page"}],"author":[{"embeddable":true,"href":"https:\/\/blog.rwth-aachen.de\/nextstep\/wp-json\/wp\/v2\/users\/3619"}],"replies":[{"embeddable":true,"href":"https:\/\/blog.rwth-aachen.de\/nextstep\/wp-json\/wp\/v2\/comments?post=41"}],"version-history":[{"count":4,"href":"https:\/\/blog.rwth-aachen.de\/nextstep\/wp-json\/wp\/v2\/pages\/41\/revisions"}],"predecessor-version":[{"id":299,"href":"https:\/\/blog.rwth-aachen.de\/nextstep\/wp-json\/wp\/v2\/pages\/41\/revisions\/299"}],"up":[{"embeddable":true,"href":"https:\/\/blog.rwth-aachen.de\/nextstep\/wp-json\/wp\/v2\/pages\/34"}],"wp:attachment":[{"href":"https:\/\/blog.rwth-aachen.de\/nextstep\/wp-json\/wp\/v2\/media?parent=41"}],"curies":[{"name":"wp","href":"https:\/\/api.w.org\/{rel}","templated":true}]}}