{"id":49,"date":"2021-10-11T09:54:06","date_gmt":"2021-10-11T07:54:06","guid":{"rendered":"https:\/\/blog.rwth-aachen.de\/nextstep\/?page_id=49"},"modified":"2023-11-07T13:32:16","modified_gmt":"2023-11-07T12:32:16","slug":"cls-sam","status":"publish","type":"page","link":"https:\/\/blog.rwth-aachen.de\/nextstep\/projekt\/partner\/rwth-aachen-university\/cls-sam\/","title":{"rendered":"CLS"},"content":{"rendered":"<h3 class=\"Zwischenueberschrift\">Center f\u00fcr Lehr- und Lernservices an der RWTH Aachen<\/h3>\n<p>Das Center f\u00fcr Lehr- und Lernservices (CLS) b\u00fcndelt die Kr\u00e4fte von f\u00fcnf Abteilungen. Eine davon ist das SAM-Team, welches f\u00fcr die Aktivit\u00e4ten des CLS an der GUtech verantwortlich ist. Forschungsschwerpunkte des Lehr- und Forschungsgebiets unter Leitung von Priv. Doz. Dr. Malte Persike sind das SelfAssessment-Tool, Bildungs\u00fcberg\u00e4nge, Lehrermotivation, Leistungsemotionen, Drop-out Online-Learning und kooperative Lern- und Arbeitsformen.\u00a0<a href=\"https:\/\/cls.rwth-aachen.de\/go\/id\/wqacp\/?lidx=1\">Mehr&#8230;<\/a><\/p>\n<h4 class=\"Zwischenueberschrift\">Bisherige Zusammenarbeit mit der GUtech<\/h4>\n<p>Im Dezember 2014 stand bei einer ersten Fact-Finding Mission des SAM-Teams in Muscat die Kl\u00e4rung, inwieweit Studieninteressierte in ihrer Orientierung und Vorbereitung auf ein Studium an der GUtech durch die Implementierung von Online-SelfAssessments unterst\u00fctzt werden k\u00f6nnen, im Fokus. Auf dieser Basis ist ein Kurzprojekt (ab Dezember 2015) definiert worden, dessen Ziel die Modulentwicklung f\u00fcr die Implementierung eines ersten Self-Assessments an der GUtech darstellt. In Bedarfs- und Anforderungsanalysen konnte Inhalte zu den vier Themenschwerpunkten Mathematik, Computer-Skills, Interessen und Motivation identifiziert und in zielgruppenspezifische Aufgabenformate eingebettet werden. Die erstellten Module wurden in Studierendengruppen des Foundation Year der GUtech sowie an omanischen Schulen in Muscat getestet und in der Folge optimiert. Zudem gestaltete das SAM-Team das Design, die servertechnische Umsetzung (Bereitstellung von Ressourcen, Server, Hosting, etc.) sowie die Realisierung der technischen Plattform f\u00fcr das Self-Assessment.<\/p>\n<p>Das Self-Assessment der GUtech stellt die erste erfolgreiche internationale Adaption der RWTH-Applikation durch das SAM-Team dar. Eine weitere Anwendung, sowohl zu Studienberatungs- als auch zu Marketingzwecken, ist sehr erstrebenswert.<\/p>\n<p>Das Self-Assessment wurde im Rahmen vom Step2Future-Projekt (2017-2021) umgesetzt.<\/p>\n<h4 class=\"Zwischenueberschrift\">nextSTEP-Projekt<\/h4>\n<p>Die CLS arbeitet zusammen mit dem LFI an der Etablierung von Learning Analytics (welche an der RWTH Aachen entwickelt wurden) an der GUtech.<\/p>\n","protected":false},"excerpt":{"rendered":"<p>Center f\u00fcr Lehr- und Lernservices an der RWTH Aachen Das Center f\u00fcr Lehr- und Lernservices (CLS) b\u00fcndelt die Kr\u00e4fte von f\u00fcnf Abteilungen. Eine davon ist das SAM-Team, welches f\u00fcr die [&hellip;]<\/p>\n","protected":false},"author":3619,"featured_media":0,"parent":34,"menu_order":0,"comment_status":"closed","ping_status":"closed","template":"","meta":{"c2c_always_allow_admin_comments":false,"footnotes":""},"class_list":["post-49","page","type-page","status-publish","hentry"],"_links":{"self":[{"href":"https:\/\/blog.rwth-aachen.de\/nextstep\/wp-json\/wp\/v2\/pages\/49","targetHints":{"allow":["GET"]}}],"collection":[{"href":"https:\/\/blog.rwth-aachen.de\/nextstep\/wp-json\/wp\/v2\/pages"}],"about":[{"href":"https:\/\/blog.rwth-aachen.de\/nextstep\/wp-json\/wp\/v2\/types\/page"}],"author":[{"embeddable":true,"href":"https:\/\/blog.rwth-aachen.de\/nextstep\/wp-json\/wp\/v2\/users\/3619"}],"replies":[{"embeddable":true,"href":"https:\/\/blog.rwth-aachen.de\/nextstep\/wp-json\/wp\/v2\/comments?post=49"}],"version-history":[{"count":6,"href":"https:\/\/blog.rwth-aachen.de\/nextstep\/wp-json\/wp\/v2\/pages\/49\/revisions"}],"predecessor-version":[{"id":282,"href":"https:\/\/blog.rwth-aachen.de\/nextstep\/wp-json\/wp\/v2\/pages\/49\/revisions\/282"}],"up":[{"embeddable":true,"href":"https:\/\/blog.rwth-aachen.de\/nextstep\/wp-json\/wp\/v2\/pages\/34"}],"wp:attachment":[{"href":"https:\/\/blog.rwth-aachen.de\/nextstep\/wp-json\/wp\/v2\/media?parent=49"}],"curies":[{"name":"wp","href":"https:\/\/api.w.org\/{rel}","templated":true}]}}