{"id":56,"date":"2021-10-11T10:02:53","date_gmt":"2021-10-11T08:02:53","guid":{"rendered":"https:\/\/blog.rwth-aachen.de\/nextstep\/?page_id=56"},"modified":"2021-10-11T10:02:53","modified_gmt":"2021-10-11T08:02:53","slug":"gutech","status":"publish","type":"page","link":"https:\/\/blog.rwth-aachen.de\/nextstep\/projekt\/partner\/gutech\/","title":{"rendered":"GUtech"},"content":{"rendered":"<h3 class=\"Zwischenueberschrift\">German University of Technology in Oman<\/h3>\n<div id=\"wrapper-3\" role=\"main\">\n<div id=\"main\" role=\"article\">\n<div class=\"text\">\n<p>Im Jahr 2007 wurde in Muscat die German University of Technology in Oman, kurz GUtech, durch Unterst\u00fctzung der RWTH Aachen er\u00f6ffnet. Auf private Initiative von Sheikh Abdullah al-Salmi und Sheikh Saud Bin Ali al Khalili hin wurde diese Technische Universit\u00e4t im Oman gegr\u00fcndet. Die RWTH Aachen koordiniert in Zusammenarbeit mit den omanischen Stiftern den Aufbau dieser Universit\u00e4t nach ihren akademischen Vorgaben. Im Vordergrund steht hierbei das Zusammenwirken von Lehre, Forschung und der regionalen Wirtschaft, wie es an der RWTH erfolgreich etabliert ist.<\/p>\n<h4 class=\"Unterueberschrift\">Mission<\/h4>\n<p><i>\u201cThe German University of Technology in Oman (GUtech) strives to become a leading university of technology in Oman and the wider region, thus defining the highest standards in education, research and innovation.\u201d<\/i><\/p>\n<h4 class=\"Unterueberschrift\">Vision<\/h4>\n<p><i>\u201cGUtech provides students with the education required to become highly qualified and socially responsible graduates, guided by German excellence in science and technology with a firm grounding in Oman`s culture and heritage. The University fosters creative and critical thinking to advance research and development and, through this, aims at serving society as a whole.\u201c<\/i><\/p>\n<h4 class=\"Unterueberschrift\">Values<\/h4>\n<p><i>\u201cGUtech is committed to ethical principles in all of its undertakings. In particular, the University welcomes students and employees from both genders, all ethnic, geographical, cultural and religious backgrounds. The University encourages association in peace and with tolerance, and welcomes further intercultural exchange between Oman and Germany.\u201d<\/i><\/p>\n<p><a href=\"http:\/\/www.gutech.edu.om\/\" target=\"_blank\" rel=\"noopener\">Mehr&#8230;<\/a><\/p>\n<\/div>\n<\/div>\n<\/div>\n<div class=\"article-metadata\"><\/div>\n","protected":false},"excerpt":{"rendered":"<p>German University of Technology in Oman Im Jahr 2007 wurde in Muscat die German University of Technology in Oman, kurz GUtech, durch Unterst\u00fctzung der RWTH Aachen er\u00f6ffnet. Auf private Initiative [&hellip;]<\/p>\n","protected":false},"author":3619,"featured_media":0,"parent":15,"menu_order":0,"comment_status":"closed","ping_status":"closed","template":"","meta":{"c2c_always_allow_admin_comments":false,"footnotes":""},"class_list":["post-56","page","type-page","status-publish","hentry"],"_links":{"self":[{"href":"https:\/\/blog.rwth-aachen.de\/nextstep\/wp-json\/wp\/v2\/pages\/56","targetHints":{"allow":["GET"]}}],"collection":[{"href":"https:\/\/blog.rwth-aachen.de\/nextstep\/wp-json\/wp\/v2\/pages"}],"about":[{"href":"https:\/\/blog.rwth-aachen.de\/nextstep\/wp-json\/wp\/v2\/types\/page"}],"author":[{"embeddable":true,"href":"https:\/\/blog.rwth-aachen.de\/nextstep\/wp-json\/wp\/v2\/users\/3619"}],"replies":[{"embeddable":true,"href":"https:\/\/blog.rwth-aachen.de\/nextstep\/wp-json\/wp\/v2\/comments?post=56"}],"version-history":[{"count":1,"href":"https:\/\/blog.rwth-aachen.de\/nextstep\/wp-json\/wp\/v2\/pages\/56\/revisions"}],"predecessor-version":[{"id":57,"href":"https:\/\/blog.rwth-aachen.de\/nextstep\/wp-json\/wp\/v2\/pages\/56\/revisions\/57"}],"up":[{"embeddable":true,"href":"https:\/\/blog.rwth-aachen.de\/nextstep\/wp-json\/wp\/v2\/pages\/15"}],"wp:attachment":[{"href":"https:\/\/blog.rwth-aachen.de\/nextstep\/wp-json\/wp\/v2\/media?parent=56"}],"curies":[{"name":"wp","href":"https:\/\/api.w.org\/{rel}","templated":true}]}}