{"id":58,"date":"2021-10-11T10:05:10","date_gmt":"2021-10-11T08:05:10","guid":{"rendered":"https:\/\/blog.rwth-aachen.de\/nextstep\/?page_id=58"},"modified":"2023-11-09T10:44:46","modified_gmt":"2023-11-09T09:44:46","slug":"international-office","status":"publish","type":"page","link":"https:\/\/blog.rwth-aachen.de\/nextstep\/projekt\/partner\/gutech\/international-office\/","title":{"rendered":"International Office der GUtech"},"content":{"rendered":"<h3 class=\"Zwischenueberschrift\">International Office der GUtech<\/h3>\n<p>Das International Office der German University of Technology in Oman (GUtech) unterst\u00fctzt und realisiert Internationalisierungsma\u00dfnahmen der Universit\u00e4t \u2013 von internationalen universit\u00e4ren Partnerschaften \u00fcber individuellen studentischen Austausch und Fachkurse in Deutschland bis zur Vermarktung des Studienangebots der GUtech au\u00dferhalb Omans.<\/p>\n<p>Die Kooperation der RWTH Aachen und der GUtech und die daraus resultierenden Projekte, M\u00f6glichkeiten f\u00fcr Studierende und der verst\u00e4rkte Deutschlandbezug der GUtech sind hierbei von zentraler Bedeutung. Intern bereichert sie das Studium f\u00fcr Studierende der GUtech auf vielf\u00e4ltige Weise, wie zum Beispiel durch den vermehrten Einsatz von Blended Learning Technologien oder durch den akademischen und kulturellen Austausch mit Interns aus Deutschland. Extern tr\u00e4gt die Kooperation ma\u00dfgeblich zur Attraktivit\u00e4t des Studienangebots der GUtech bei.<\/p>\n<p>Das International Office unterst\u00fctzt die enge Zusammenarbeit beider Universit\u00e4ten als zentrale Anlaufstelle an der GUtech f\u00fcr intra- und interuniversit\u00e4re sowie externe Anfragen, was sowohl zur Verbesserung der Kommunikationsstrukturen als auch zur Verstetigung und Steigerung der Sichtbarkeit der Projektergebnisse beitragen soll.<\/p>\n","protected":false},"excerpt":{"rendered":"<p>International Office der GUtech Das International Office der German University of Technology in Oman (GUtech) unterst\u00fctzt und realisiert Internationalisierungsma\u00dfnahmen der Universit\u00e4t \u2013 von internationalen universit\u00e4ren Partnerschaften \u00fcber individuellen studentischen Austausch [&hellip;]<\/p>\n","protected":false},"author":3619,"featured_media":0,"parent":56,"menu_order":0,"comment_status":"closed","ping_status":"closed","template":"","meta":{"c2c_always_allow_admin_comments":false,"footnotes":""},"class_list":["post-58","page","type-page","status-publish","hentry"],"_links":{"self":[{"href":"https:\/\/blog.rwth-aachen.de\/nextstep\/wp-json\/wp\/v2\/pages\/58","targetHints":{"allow":["GET"]}}],"collection":[{"href":"https:\/\/blog.rwth-aachen.de\/nextstep\/wp-json\/wp\/v2\/pages"}],"about":[{"href":"https:\/\/blog.rwth-aachen.de\/nextstep\/wp-json\/wp\/v2\/types\/page"}],"author":[{"embeddable":true,"href":"https:\/\/blog.rwth-aachen.de\/nextstep\/wp-json\/wp\/v2\/users\/3619"}],"replies":[{"embeddable":true,"href":"https:\/\/blog.rwth-aachen.de\/nextstep\/wp-json\/wp\/v2\/comments?post=58"}],"version-history":[{"count":2,"href":"https:\/\/blog.rwth-aachen.de\/nextstep\/wp-json\/wp\/v2\/pages\/58\/revisions"}],"predecessor-version":[{"id":298,"href":"https:\/\/blog.rwth-aachen.de\/nextstep\/wp-json\/wp\/v2\/pages\/58\/revisions\/298"}],"up":[{"embeddable":true,"href":"https:\/\/blog.rwth-aachen.de\/nextstep\/wp-json\/wp\/v2\/pages\/56"}],"wp:attachment":[{"href":"https:\/\/blog.rwth-aachen.de\/nextstep\/wp-json\/wp\/v2\/media?parent=58"}],"curies":[{"name":"wp","href":"https:\/\/api.w.org\/{rel}","templated":true}]}}