{"id":78,"date":"2021-10-25T16:56:24","date_gmt":"2021-10-25T14:56:24","guid":{"rendered":"https:\/\/blog.rwth-aachen.de\/nextstep\/?page_id=78"},"modified":"2023-11-09T10:55:55","modified_gmt":"2023-11-09T09:55:55","slug":"step2go","status":"publish","type":"page","link":"https:\/\/blog.rwth-aachen.de\/nextstep\/aktuell\/step2go\/","title":{"rendered":"Step2Go"},"content":{"rendered":"<h3 class=\"Zwischenueberschrift\">Projektbeschreibung<\/h3>\n<p>Seit 2013 erh\u00e4lt das Step2Go-Projekt eine F\u00f6rderung im Rahmen des Erg\u00e4nzungsprogramms \u201eTNB-STEP \u2013 St\u00e4rkung und Exzellenz durch Profilbildung f\u00fcr transnationale Bildungsprojekte\u201c.<\/p>\n<ul>\n<li>Einrichtung von Studienprogrammen und Weiterbildungsangeboten auf neuer Auf- und Ausbaustufe<\/li>\n<li>Installation von neuen innovativen Strukturen und Komponenten in Lehre und Forschung<\/li>\n<li>St\u00e4rkung des Deutschlandbezugs und erweiterte Netzwerkbildung<\/li>\n<\/ul>\n<p>&nbsp;<\/p>\n<h3 class=\"Zwischenueberschrift\">Ma\u00dfnahmen<\/h3>\n<p>Nachfolgende Ma\u00dfnahmen wurden im Rahmen des Projektes erarbeitet und an der GUtech umgesetzt:<\/p>\n<ul>\n<li>Prototypische Entwicklung von vier Masterstudieng\u00e4ngen<\/li>\n<li>Konzeption eines Promotionsmodells ab 2015\/2016<\/li>\n<li>Konzeption eines Center of Blended Learning<\/li>\n<li>Aufbau des Cooperative Learning (Case Study und Project Work)<\/li>\n<li>Praktikantenaustausch<\/li>\n<li>Self-Assessment (2015 bis 2017)<\/li>\n<li>Student Life Cycle (2015)<\/li>\n<li>Absolventenbefragung (2015)<\/li>\n<\/ul>\n","protected":false},"excerpt":{"rendered":"<p>Projektbeschreibung Seit 2013 erh\u00e4lt das Step2Go-Projekt eine F\u00f6rderung im Rahmen des Erg\u00e4nzungsprogramms \u201eTNB-STEP \u2013 St\u00e4rkung und Exzellenz durch Profilbildung f\u00fcr transnationale Bildungsprojekte\u201c. Einrichtung von Studienprogrammen und Weiterbildungsangeboten auf neuer Auf- [&hellip;]<\/p>\n","protected":false},"author":3619,"featured_media":0,"parent":85,"menu_order":0,"comment_status":"closed","ping_status":"closed","template":"","meta":{"c2c_always_allow_admin_comments":false,"footnotes":""},"class_list":["post-78","page","type-page","status-publish","hentry"],"_links":{"self":[{"href":"https:\/\/blog.rwth-aachen.de\/nextstep\/wp-json\/wp\/v2\/pages\/78","targetHints":{"allow":["GET"]}}],"collection":[{"href":"https:\/\/blog.rwth-aachen.de\/nextstep\/wp-json\/wp\/v2\/pages"}],"about":[{"href":"https:\/\/blog.rwth-aachen.de\/nextstep\/wp-json\/wp\/v2\/types\/page"}],"author":[{"embeddable":true,"href":"https:\/\/blog.rwth-aachen.de\/nextstep\/wp-json\/wp\/v2\/users\/3619"}],"replies":[{"embeddable":true,"href":"https:\/\/blog.rwth-aachen.de\/nextstep\/wp-json\/wp\/v2\/comments?post=78"}],"version-history":[{"count":1,"href":"https:\/\/blog.rwth-aachen.de\/nextstep\/wp-json\/wp\/v2\/pages\/78\/revisions"}],"predecessor-version":[{"id":79,"href":"https:\/\/blog.rwth-aachen.de\/nextstep\/wp-json\/wp\/v2\/pages\/78\/revisions\/79"}],"up":[{"embeddable":true,"href":"https:\/\/blog.rwth-aachen.de\/nextstep\/wp-json\/wp\/v2\/pages\/85"}],"wp:attachment":[{"href":"https:\/\/blog.rwth-aachen.de\/nextstep\/wp-json\/wp\/v2\/media?parent=78"}],"curies":[{"name":"wp","href":"https:\/\/api.w.org\/{rel}","templated":true}]}}