{"id":80,"date":"2021-10-25T16:57:01","date_gmt":"2021-10-25T14:57:01","guid":{"rendered":"https:\/\/blog.rwth-aachen.de\/nextstep\/?page_id=80"},"modified":"2023-11-09T10:55:37","modified_gmt":"2023-11-09T09:55:37","slug":"qms","status":"publish","type":"page","link":"https:\/\/blog.rwth-aachen.de\/nextstep\/aktuell\/qms\/","title":{"rendered":"QMS"},"content":{"rendered":"<h3 class=\"Zwischenueberschrift\">Projektbeschreibung<\/h3>\n<p>Von 2007 bis 2012 wurde der Aufbau des Qualit\u00e4tsmanagementsystems vom DAAD im Programm \u201eTNB \u2013 Studienangebote deutscher Hochschulen im Ausland\u201c aus Mitteln des Bundesministeriums f\u00fcr Bildung und Forschung (BMBF) gef\u00f6rdert.<\/p>\n<ul>\n<li>Das Projekt besch\u00e4ftigte sich mit der Implementierung eines alle Teilbereiche der Universit\u00e4t einschlie\u00dfenden Qualit\u00e4tsmanagementsystems (QMS)<\/li>\n<li>Der Fokus liegt auf der Sicherung der Qualit\u00e4t der Lehre<\/li>\n<li>Der Aufbauprozess der GUtech wird ma\u00dfgeblich unterst\u00fctzt<\/li>\n<\/ul>\n<p>&nbsp;<\/p>\n<h3 class=\"Zwischenueberschrift\">Ma\u00dfnahmen<\/h3>\n<p>Nachfolgende Ma\u00dfnahmen wurden w\u00e4hrend der Projektlaufzeit erabeitet und an der GUtech umgesetzt:<\/p>\n<ul>\n<li>Aufbau und Implementierung eines QMS<\/li>\n<li>Evaluierung der Lehrveranstaltungen und Studieng\u00e4nge<\/li>\n<li>Qualit\u00e4tssichernde Ma\u00dfnahmen f\u00fcr die Studierenden<\/li>\n<li>Aufbau eines Netzwerks zur kontinuierlichen Anpassung der Lehre an die Bedarfe von Industrie und Gesellschaft<\/li>\n<\/ul>\n","protected":false},"excerpt":{"rendered":"<p>Projektbeschreibung Von 2007 bis 2012 wurde der Aufbau des Qualit\u00e4tsmanagementsystems vom DAAD im Programm \u201eTNB \u2013 Studienangebote deutscher Hochschulen im Ausland\u201c aus Mitteln des Bundesministeriums f\u00fcr Bildung und Forschung (BMBF) [&hellip;]<\/p>\n","protected":false},"author":3619,"featured_media":0,"parent":85,"menu_order":0,"comment_status":"closed","ping_status":"closed","template":"","meta":{"c2c_always_allow_admin_comments":false,"footnotes":""},"class_list":["post-80","page","type-page","status-publish","hentry"],"_links":{"self":[{"href":"https:\/\/blog.rwth-aachen.de\/nextstep\/wp-json\/wp\/v2\/pages\/80","targetHints":{"allow":["GET"]}}],"collection":[{"href":"https:\/\/blog.rwth-aachen.de\/nextstep\/wp-json\/wp\/v2\/pages"}],"about":[{"href":"https:\/\/blog.rwth-aachen.de\/nextstep\/wp-json\/wp\/v2\/types\/page"}],"author":[{"embeddable":true,"href":"https:\/\/blog.rwth-aachen.de\/nextstep\/wp-json\/wp\/v2\/users\/3619"}],"replies":[{"embeddable":true,"href":"https:\/\/blog.rwth-aachen.de\/nextstep\/wp-json\/wp\/v2\/comments?post=80"}],"version-history":[{"count":1,"href":"https:\/\/blog.rwth-aachen.de\/nextstep\/wp-json\/wp\/v2\/pages\/80\/revisions"}],"predecessor-version":[{"id":81,"href":"https:\/\/blog.rwth-aachen.de\/nextstep\/wp-json\/wp\/v2\/pages\/80\/revisions\/81"}],"up":[{"embeddable":true,"href":"https:\/\/blog.rwth-aachen.de\/nextstep\/wp-json\/wp\/v2\/pages\/85"}],"wp:attachment":[{"href":"https:\/\/blog.rwth-aachen.de\/nextstep\/wp-json\/wp\/v2\/media?parent=80"}],"curies":[{"name":"wp","href":"https:\/\/api.w.org\/{rel}","templated":true}]}}