{"id":2,"date":"2018-08-31T13:51:54","date_gmt":"2018-08-31T11:51:54","guid":{"rendered":"https:\/\/blog.rwth-aachen.de\/pads\/?page_id=2"},"modified":"2018-10-18T17:31:27","modified_gmt":"2018-10-18T15:31:27","slug":"beispiel-seite","status":"publish","type":"page","link":"https:\/\/blog.rwth-aachen.de\/pads\/beispiel-seite\/","title":{"rendered":"Impressum"},"content":{"rendered":"<p><img loading=\"lazy\" decoding=\"async\" class=\"alignnone size-medium wp-image-7\" src=\"https:\/\/blog.rwth-aachen.de\/pads\/files\/2018\/10\/rwth_pads_en_rgb-300x71.jpg\" alt=\"\" width=\"300\" height=\"71\" \/><\/p>\n<div id=\"wrapper-3\" role=\"main\">\n<div id=\"main\" role=\"article\">\n<div class=\"text\">\n<p class=\"Zwischenueberschrift\">Herausgeberin<\/p>\n<p>Herausgegeben im Auftrag des Rektors der Rheinisch-Westf\u00e4lischen Technischen Hochschule (RWTH) Aachen.<\/p>\n<p>RWTH Aachen<br \/>\nTemplergraben 55<br \/>\n52062 Aachen (Hausanschrift)<br \/>\n52056 Aachen (Postanschrift)<\/p>\n<p>Telefon: +49 241 80 1<br \/>\nTelefax: +49 241 80 92312<br \/>\nE-Mail: <a class=\"email\" href=\"mailto:info@rwth-aachen.de\">info@rwth-aachen.de<\/a><\/p>\n<p>Die RWTH Aachen ist eine K\u00f6rperschaft des \u00f6ffentlichen Rechts. Sie wird durch den Rektor, Univ.-Prof. Dr. rer. nat. Dr. h.c. mult. Ulrich R\u00fcdiger, vertreten.<\/p>\n<p class=\"Zwischenueberschrift\">Zust\u00e4ndige Aufsichtsbeh\u00f6rde<\/p>\n<p>Ministerium f\u00fcr Kultur und Wissenschaft des Landes Nordrhein Westfalen, V\u00f6lklinger Stra\u00dfe 49, 40221 D\u00fcsseldorf.<\/p>\n<p class=\"Zwischenueberschrift\">Umsatzsteuer-Identifikationsnummer<\/p>\n<p>Gem\u00e4\u00df \u00a7 27 a Umsatzsteuergesetz: DE 121689807<\/p>\n<p class=\"Zwischenueberschrift\">Inhaltliche Verantwortlichkeit<\/p>\n<p>Ansprechpartner: Detlef Wetzeler<\/p>\n<p>Telefon: +49 241 80 21905<br \/>\nE-Mail: <a class=\"email\" href=\"mailto:wetzeler@pads.rwth-aachen.de\">wetzeler@pads.rwth-aachen.de<\/a><\/p>\n<p>Webmaster: Detlef Wetzeler<\/p>\n<p>Telefon: +49 241 80 21905<br \/>\nE-Mail: <a class=\"email\" href=\"mailto:wetzeler@pads.rwth-aachen.de\">wetzeler@pads.rwth-aachen.de<\/a><\/p>\n<p>Dieses Impressum gilt ebenso f\u00fcr unsere Social-Media-Pr\u00e4senz: Twitter<\/p>\n<p>Die Webseiten der Zentralen Hochschulverwaltung, der Zentralen Einrichtungen, der Gruppenvertretungen, der Institute, Lehrst\u00fchle sowie Lehr- und Forschungsgebiete werden von den von diesen beauftragten Webkoordinatorinnen und Webkoordinatoren beziehungsweise deren Webmastern eigenst\u00e4ndig betreut. Details zu Fragen der Haftung sind in der <a class=\"internal\" href=\"http:\/\/www.pads.rwth-aachen.de\/go\/id\/pnes\/\" target=\"_self\">Datenschutzerkl\u00e4rung<\/a> nachzulesen.<\/p>\n<\/div>\n<div class=\"teaser-row first-child\"><\/div>\n<\/div>\n<\/div>\n<div class=\"article-metadata\"><\/div>\n<p>&nbsp;<\/p>\n","protected":false},"excerpt":{"rendered":"<p>Herausgeberin Herausgegeben im Auftrag des Rektors der Rheinisch-Westf\u00e4lischen Technischen Hochschule (RWTH) Aachen. RWTH Aachen Templergraben 55 52062 Aachen (Hausanschrift) 52056 Aachen (Postanschrift) Telefon: +49 241 80 1 Telefax: +49 241 [&hellip;]<\/p>\n","protected":false},"author":588,"featured_media":0,"parent":0,"menu_order":0,"comment_status":"closed","ping_status":"open","template":"","meta":{"c2c_always_allow_admin_comments":false,"footnotes":""},"class_list":["post-2","page","type-page","status-publish","hentry"],"_links":{"self":[{"href":"https:\/\/blog.rwth-aachen.de\/pads\/wp-json\/wp\/v2\/pages\/2","targetHints":{"allow":["GET"]}}],"collection":[{"href":"https:\/\/blog.rwth-aachen.de\/pads\/wp-json\/wp\/v2\/pages"}],"about":[{"href":"https:\/\/blog.rwth-aachen.de\/pads\/wp-json\/wp\/v2\/types\/page"}],"author":[{"embeddable":true,"href":"https:\/\/blog.rwth-aachen.de\/pads\/wp-json\/wp\/v2\/users\/588"}],"replies":[{"embeddable":true,"href":"https:\/\/blog.rwth-aachen.de\/pads\/wp-json\/wp\/v2\/comments?post=2"}],"version-history":[{"count":7,"href":"https:\/\/blog.rwth-aachen.de\/pads\/wp-json\/wp\/v2\/pages\/2\/revisions"}],"predecessor-version":[{"id":25,"href":"https:\/\/blog.rwth-aachen.de\/pads\/wp-json\/wp\/v2\/pages\/2\/revisions\/25"}],"wp:attachment":[{"href":"https:\/\/blog.rwth-aachen.de\/pads\/wp-json\/wp\/v2\/media?parent=2"}],"curies":[{"name":"wp","href":"https:\/\/api.w.org\/{rel}","templated":true}]}}