{"id":290,"date":"2021-08-11T10:35:53","date_gmt":"2021-08-11T08:35:53","guid":{"rendered":"https:\/\/blog.rwth-aachen.de\/robotik\/?page_id=290"},"modified":"2024-04-11T12:11:08","modified_gmt":"2024-04-11T10:11:08","slug":"igmr","status":"publish","type":"page","link":"https:\/\/blog.rwth-aachen.de\/robotik\/igmr\/","title":{"rendered":"IGMR"},"content":{"rendered":"<p><img loading=\"lazy\" decoding=\"async\" class=\"alignnone wp-image-918\" src=\"https:\/\/blog.rwth-aachen.de\/robotik\/files\/2024\/04\/Robotik_Blog_Banner_Entwurf-300x84.png\" alt=\"\" width=\"839\" height=\"235\" srcset=\"https:\/\/blog.rwth-aachen.de\/robotik\/files\/2024\/04\/Robotik_Blog_Banner_Entwurf-300x84.png 300w, https:\/\/blog.rwth-aachen.de\/robotik\/files\/2024\/04\/Robotik_Blog_Banner_Entwurf-1024x288.png 1024w, https:\/\/blog.rwth-aachen.de\/robotik\/files\/2024\/04\/Robotik_Blog_Banner_Entwurf-768x216.png 768w, https:\/\/blog.rwth-aachen.de\/robotik\/files\/2024\/04\/Robotik_Blog_Banner_Entwurf-1536x432.png 1536w, https:\/\/blog.rwth-aachen.de\/robotik\/files\/2024\/04\/Robotik_Blog_Banner_Entwurf-2048x576.png 2048w\" sizes=\"auto, (max-width: 839px) 100vw, 839px\" \/><\/p>\n<p>Das <a href=\"https:\/\/www.igmr.rwth-aachen.de\" target=\"_blank\" rel=\"noopener\"><strong>I<\/strong>nstitut f\u00fcr <strong>G<\/strong>etriebetechnik, <strong>M<\/strong>aschinendynamik und <strong>R<\/strong>obotik (<strong>IGMR<\/strong>)<\/a> der Rheinisch-Westf\u00e4lischen Technischen Hochschule (RWTH) Aachen besteht bereits seit 1959.<\/p>\n<p>In Lehre und Forschung besch\u00e4ftigen sich die Mitarbeiter des IGMR mit der Analyse, Auslegung und Optimierung von Bewegungseinrichtungen unterschiedlichster Art. Diese Vielfalt (z.B. Kurvengetriebe, Kurbelgetriebe, R\u00e4der- und Zugmittelgetriebe sowie deren Kombinationen) ist ansatzweise im Getriebelexikon dargestellt.<\/p>\n<p>Bei allen Bewegungseinrichtungen ist das Institut der kompetente Partner f\u00fcr die L\u00f6sung kinematischer, dynamischer oder schwingungstechnischer Aufgabenstellungen. Die Kompetenz des IGMR zeigt sich sowohl bei der Struktur- und Ma\u00dfsynthese als auch in den Bereichen Toleranzuntersuchung, Messtechnik, Auslegung gesteuerter Antriebe (z.B. elektronische Kurvenscheibe), Kurvengetriebe, Bahnplanung und Bewegungsdesign.<\/p>\n<p>Die L\u00f6sung f\u00e4cher\u00fcbergreifender Forschungsaufgaben wird durch die Zusammenarbeit mit anderen Hochschulinstituten und der Industrie erm\u00f6glicht.<\/p>\n<p style=\"text-align: left;\">Weitere Informationen finden Sie auf unserer <a href=\"https:\/\/www.igmr.rwth-aachen.de\" target=\"_blank\" rel=\"noopener\">Institutsseite<\/a>.<\/p>\n<p><\/p>","protected":false},"excerpt":{"rendered":"<p>Das Institut f\u00fcr Getriebetechnik, Maschinendynamik und Robotik (IGMR) der Rheinisch-Westf\u00e4lischen Technischen Hochschule (RWTH) Aachen besteht bereits seit 1959. In Lehre und Forschung besch\u00e4ftigen sich die Mitarbeiter des IGMR mit der [&hellip;]<\/p>\n","protected":false},"author":146,"featured_media":0,"parent":0,"menu_order":0,"comment_status":"closed","ping_status":"closed","template":"","meta":{"c2c_always_allow_admin_comments":false,"footnotes":""},"class_list":["post-290","page","type-page","status-publish","hentry"],"_links":{"self":[{"href":"https:\/\/blog.rwth-aachen.de\/robotik\/wp-json\/wp\/v2\/pages\/290","targetHints":{"allow":["GET"]}}],"collection":[{"href":"https:\/\/blog.rwth-aachen.de\/robotik\/wp-json\/wp\/v2\/pages"}],"about":[{"href":"https:\/\/blog.rwth-aachen.de\/robotik\/wp-json\/wp\/v2\/types\/page"}],"author":[{"embeddable":true,"href":"https:\/\/blog.rwth-aachen.de\/robotik\/wp-json\/wp\/v2\/users\/146"}],"replies":[{"embeddable":true,"href":"https:\/\/blog.rwth-aachen.de\/robotik\/wp-json\/wp\/v2\/comments?post=290"}],"version-history":[{"count":5,"href":"https:\/\/blog.rwth-aachen.de\/robotik\/wp-json\/wp\/v2\/pages\/290\/revisions"}],"predecessor-version":[{"id":922,"href":"https:\/\/blog.rwth-aachen.de\/robotik\/wp-json\/wp\/v2\/pages\/290\/revisions\/922"}],"wp:attachment":[{"href":"https:\/\/blog.rwth-aachen.de\/robotik\/wp-json\/wp\/v2\/media?parent=290"}],"curies":[{"name":"wp","href":"https:\/\/api.w.org\/{rel}","templated":true}]}}