{"id":10,"date":"2025-05-22T13:55:14","date_gmt":"2025-05-22T13:55:14","guid":{"rendered":"https:\/\/blog.rwth-aachen.de\/robotunn\/?page_id=10"},"modified":"2025-05-23T09:46:45","modified_gmt":"2025-05-23T09:46:45","slug":"ueber-uns","status":"publish","type":"page","link":"https:\/\/blog.rwth-aachen.de\/robotunn\/ueber-uns\/","title":{"rendered":"\u00dcber uns"},"content":{"rendered":"<p><strong>Projekttitel:<\/strong> Robotergest\u00fctzte Bestandsaufnahme von U-Bahn-Tunneln zur Generierung digitaler Zwillinge und pr\u00e4diktiver Instandhaltung<br \/>\n<strong>Projektakronym:<\/strong> RoboTUNN<br \/>\n<strong>Projektlaufzeit:<\/strong> 08\/2024 &#8211; 07\/2027 (36 Monate)<br \/>\n<strong>F\u00f6rdervolumen: <\/strong>~ 2.600.000 \u20ac<br \/>\n<strong>F\u00f6rdermittelgeber:<\/strong> <a href=\"https:\/\/www.bmv.de\/DE\/Themen\/Digitales\/mFund\/Ueberblick\/ueberblick.html\">F\u00f6rderprogramm mFUND des BMDV<\/a><\/p>\n<p><strong>Projektpartner:<\/strong><br \/>\n<strong><img loading=\"lazy\" decoding=\"async\" class=\"wp-image-26 alignnone\" src=\"https:\/\/blog.rwth-aachen.de\/robotunn\/files\/2025\/05\/logo2-300x131.png\" alt=\"\" width=\"601\" height=\"263\" srcset=\"https:\/\/blog.rwth-aachen.de\/robotunn\/files\/2025\/05\/logo2-300x131.png 300w, https:\/\/blog.rwth-aachen.de\/robotunn\/files\/2025\/05\/logo2-1024x446.png 1024w, https:\/\/blog.rwth-aachen.de\/robotunn\/files\/2025\/05\/logo2-768x335.png 768w, https:\/\/blog.rwth-aachen.de\/robotunn\/files\/2025\/05\/logo2.png 1187w\" sizes=\"auto, (max-width: 601px) 100vw, 601px\" \/><\/strong><\/p>\n<p><a href=\"https:\/\/www.icom.rwth-aachen.de\/\">ICoM &#8211; Institut f\u00fcr Baumanagement, Digitales Bauen und Robotik im Bauwesen<\/a> der <a href=\"https:\/\/www.rwth-aachen.de\/\">RWTH Aachen University<\/a> (Projektkoordination)<br \/>\n<a href=\"https:\/\/www.inatech.uni-freiburg.de\/de\">Institut f\u00fcr Nachhaltige Technische Systeme<\/a> (INATECH), Universit\u00e4t Freiburg, Freiburg<br \/>\n<a href=\"https:\/\/www.statsoft.de\/\">StatSoft GmbH<\/a>, Hamburg<br \/>\n<a href=\"https:\/\/www.lat.de\/ueber-uns\/\">LAT Funkanlagen<\/a>, Berlin<br \/>\n<a href=\"https:\/\/albert-ing.com\/\">albert.ing GmbH<\/a>, Frankfurt am Main<br \/>\n<a href=\"https:\/\/isac-gmbh.com\/\">ISAC GmbH<\/a>, Aachen<\/p>\n<p><strong>Assoziierte Partner:<\/strong><br \/>\n<strong><img loading=\"lazy\" decoding=\"async\" class=\" wp-image-31 alignnone\" src=\"https:\/\/blog.rwth-aachen.de\/robotunn\/files\/2025\/05\/assoziierte_partner-300x136.png\" alt=\"\" width=\"426\" height=\"193\" srcset=\"https:\/\/blog.rwth-aachen.de\/robotunn\/files\/2025\/05\/assoziierte_partner-300x136.png 300w, https:\/\/blog.rwth-aachen.de\/robotunn\/files\/2025\/05\/assoziierte_partner-1024x465.png 1024w, https:\/\/blog.rwth-aachen.de\/robotunn\/files\/2025\/05\/assoziierte_partner-768x349.png 768w, https:\/\/blog.rwth-aachen.de\/robotunn\/files\/2025\/05\/assoziierte_partner.png 1079w\" sizes=\"auto, (max-width: 426px) 100vw, 426px\" \/><\/strong><\/p>\n<p><a href=\"https:\/\/www.wienerlinien.at\/\">Wiener Linien<\/a><br \/>\n<a href=\"https:\/\/www.bvg.de\/de\">Berliner Verkehrsbetriebe<\/a><br \/>\n<a href=\"https:\/\/www.kvb.koeln\/\">K\u00f6lner Verkehrs-Betriebe AG<\/a><br \/>\n<a href=\"https:\/\/www.dbinfrago.com\/web\">DB InfraGO AG<\/a><\/p>\n<p><strong>\u00dcber das F\u00f6rderprogramm mFUND des BMDV<\/strong><br \/>\nIm Rahmen der Innovationsinitiative mFUND f\u00f6rdert das BMDV seit 2016 datenbasierte Forschungs- und Entwicklungsprojekte f\u00fcr die digitale und vernetzte Mobilit\u00e4t der Zukunft. Die Projektf\u00f6rderung wird erg\u00e4nzt durch eine aktive fachliche Vernetzung zwischen Akteuren aus Politik, Wirtschaft, Verwaltung und Forschung. Die Bereitstellung von offenen Daten erfolgt \u00fcber die Mobilithek. Weitere Informationen finden Sie unter <a href=\"http:\/\/www.mFUND.de\">www.mFUND.de<\/a>.<\/p>\n<p><img loading=\"lazy\" decoding=\"async\" class=\"alignnone wp-image-33\" src=\"https:\/\/blog.rwth-aachen.de\/robotunn\/files\/2025\/05\/mfund_bmdv-300x76.png\" alt=\"\" width=\"343\" height=\"87\" srcset=\"https:\/\/blog.rwth-aachen.de\/robotunn\/files\/2025\/05\/mfund_bmdv-300x76.png 300w, https:\/\/blog.rwth-aachen.de\/robotunn\/files\/2025\/05\/mfund_bmdv-1024x260.png 1024w, https:\/\/blog.rwth-aachen.de\/robotunn\/files\/2025\/05\/mfund_bmdv-768x195.png 768w, https:\/\/blog.rwth-aachen.de\/robotunn\/files\/2025\/05\/mfund_bmdv.png 1183w\" sizes=\"auto, (max-width: 343px) 100vw, 343px\" \/><\/p>\n","protected":false},"excerpt":{"rendered":"<p>Projekttitel: Robotergest\u00fctzte Bestandsaufnahme von U-Bahn-Tunneln zur Generierung digitaler Zwillinge und pr\u00e4diktiver Instandhaltung Projektakronym: RoboTUNN Projektlaufzeit: 08\/2024 &#8211; 07\/2027 (36 Monate) F\u00f6rdervolumen: ~ 2.600.000 \u20ac F\u00f6rdermittelgeber: F\u00f6rderprogramm mFUND des BMDV Projektpartner: [&hellip;]<\/p>\n","protected":false},"author":6520,"featured_media":0,"parent":0,"menu_order":1,"comment_status":"closed","ping_status":"closed","template":"","meta":{"c2c_always_allow_admin_comments":false,"footnotes":""},"class_list":["post-10","page","type-page","status-publish","hentry"],"_links":{"self":[{"href":"https:\/\/blog.rwth-aachen.de\/robotunn\/wp-json\/wp\/v2\/pages\/10","targetHints":{"allow":["GET"]}}],"collection":[{"href":"https:\/\/blog.rwth-aachen.de\/robotunn\/wp-json\/wp\/v2\/pages"}],"about":[{"href":"https:\/\/blog.rwth-aachen.de\/robotunn\/wp-json\/wp\/v2\/types\/page"}],"author":[{"embeddable":true,"href":"https:\/\/blog.rwth-aachen.de\/robotunn\/wp-json\/wp\/v2\/users\/6520"}],"replies":[{"embeddable":true,"href":"https:\/\/blog.rwth-aachen.de\/robotunn\/wp-json\/wp\/v2\/comments?post=10"}],"version-history":[{"count":11,"href":"https:\/\/blog.rwth-aachen.de\/robotunn\/wp-json\/wp\/v2\/pages\/10\/revisions"}],"predecessor-version":[{"id":36,"href":"https:\/\/blog.rwth-aachen.de\/robotunn\/wp-json\/wp\/v2\/pages\/10\/revisions\/36"}],"wp:attachment":[{"href":"https:\/\/blog.rwth-aachen.de\/robotunn\/wp-json\/wp\/v2\/media?parent=10"}],"curies":[{"name":"wp","href":"https:\/\/api.w.org\/{rel}","templated":true}]}}