{"id":19,"date":"2025-05-23T07:49:30","date_gmt":"2025-05-23T07:49:30","guid":{"rendered":"https:\/\/blog.rwth-aachen.de\/robotunn\/?page_id=19"},"modified":"2025-09-17T15:20:49","modified_gmt":"2025-09-17T15:20:49","slug":"robotunn","status":"publish","type":"page","link":"https:\/\/blog.rwth-aachen.de\/robotunn\/","title":{"rendered":"RoboTUNN"},"content":{"rendered":"<p><strong>Herzlich Willkommen auf dem Blog des Forschungsprojektes <a href=\"https:\/\/www.bmv.de\/SharedDocs\/DE\/Artikel\/DG\/mfund-projekte\/robotunn.html\">RoboTUNN<\/a>! Folgen Sie uns gerne um auf dem aktuellen Stand zu den Ergebnissen des Projektes zu bleiben!<\/strong><\/p>\n<p><img loading=\"lazy\" decoding=\"async\" class=\"wp-image-41 aligncenter\" src=\"https:\/\/blog.rwth-aachen.de\/robotunn\/files\/2025\/05\/robotunn_01-300x169.png\" alt=\"\" width=\"608\" height=\"343\" srcset=\"https:\/\/blog.rwth-aachen.de\/robotunn\/files\/2025\/05\/robotunn_01-300x169.png 300w, https:\/\/blog.rwth-aachen.de\/robotunn\/files\/2025\/05\/robotunn_01-1024x577.png 1024w, https:\/\/blog.rwth-aachen.de\/robotunn\/files\/2025\/05\/robotunn_01-768x433.png 768w, https:\/\/blog.rwth-aachen.de\/robotunn\/files\/2025\/05\/robotunn_01-1536x865.png 1536w, https:\/\/blog.rwth-aachen.de\/robotunn\/files\/2025\/05\/robotunn_01-2048x1153.png 2048w\" sizes=\"auto, (max-width: 608px) 100vw, 608px\" \/><\/p>\n<p>Die langj\u00e4hrige Betriebsdauer deutscher U-Bahn-Tunnel erfordert eine erh\u00f6hte Inspektion der Bauwerksstruktur und des Leitungsverlaufs. Derzeit werden Inspektionen manuell durchgef\u00fchrt und sind mit hohen Ressourceninvestitionen sowie Sicherheitsrisiken verbunden. Hinzu kommt eine heterogene und inkonsistente Datengrundlage. Die Herausforderung liegt in der autonomen Inspektion und der Schaffung konsistenter digitaler Zwillinge (DZ) f\u00fcr das pr\u00e4diktive Instandhaltungsmanagement.<\/p>\n<p>Das Projektziel besteht in der autonomen Bestandsaufnahme und Schadensdetektion von U-Bahn-Tunneln mittels mobiler Robotik und echtzeitf\u00e4higer K\u00fcnstlicher Intelligenz (Echtzeit-KI) sowie in der Erstellung eines DZ, mit dem Ziel eines pr\u00e4diktiven Instandhaltungsmanagements. Die Basis f\u00fcr die Entwicklung des DZs bilden Daten der digitalen Bestandsaufnahmen aber auch Bestandsunterlagen und \u00f6ffentlich zug\u00e4ngliche relevante Datenbanken sowie die Verlinkung der Datens\u00e4tze.<\/p>\n<p>Aufbauend auf einer Analyse des Status quo vorhandener Erhaltungsprozesse von U-Bahn-Anlagen und der Analyse m\u00f6glicher sowie relevanter Schadensarten werden Anforderungen an das Gesamtsystem spezifiziert. Basierend auf der Analyse wird ein autonomes Robotersystem zur digitalen Bestandsaufnahme, zur Schadensdetektion sowie zur DZ-Generierung entwickelt. Das Gesamtsystem wird anschlie\u00dfend im Rahmen von mehreren Projektdemonstratoren erprobt und in einer Wirtschaftlichkeitsuntersuchung bewertet.<\/p>\n<p>Das Forschungsprojekt <a href=\"https:\/\/www.icom.rwth-aachen.de\/cms\/icom\/forschung\/forschungsprojekte\/~bjioai\/xxx\/\">RoboTUNN<\/a> startete am 01.08.2024 und hat eine Laufzeit von drei Jahren. Das Projekt wird im Rahmen der <a href=\"https:\/\/www.bmv.de\/DE\/Themen\/Digitales\/mFund\/Ueberblick\/ueberblick.html\">Innovationsinitiative mFUND<\/a> durch das <a href=\"https:\/\/bmdv.bund.de\/\">Bundesministeriums f\u00fcr Digitales und Verkehr (BMDV)<\/a> gef\u00f6rdert. Neben dem <a href=\"https:\/\/www.icom.rwth-aachen.de\">ICoM<\/a> wird das Projekt au\u00dferdem vom <a href=\"https:\/\/www.inatech.uni-freiburg.de\/de\">Institut f\u00fcr Nachhaltige Technische Systeme (INATECH)<\/a>, <a href=\"https:\/\/www.albert-ing.com\/\">albert.ing GmbH<\/a>, <a href=\"https:\/\/isac-gmbh.com\/\">ISAC GmbH<\/a>, <a href=\"https:\/\/www.lat.de\/\">LAT Funkanlagen-Service GmbH<\/a> und der <a href=\"https:\/\/www.statsoft.de\/\">StatSoft GmbH<\/a> bearbeitet.<\/p>\n","protected":false},"excerpt":{"rendered":"<p>Herzlich Willkommen auf dem Blog des Forschungsprojektes RoboTUNN! Folgen Sie uns gerne um auf dem aktuellen Stand zu den Ergebnissen des Projektes zu bleiben! Die langj\u00e4hrige Betriebsdauer deutscher U-Bahn-Tunnel erfordert [&hellip;]<\/p>\n","protected":false},"author":6520,"featured_media":0,"parent":0,"menu_order":0,"comment_status":"closed","ping_status":"closed","template":"","meta":{"c2c_always_allow_admin_comments":false,"footnotes":""},"class_list":["post-19","page","type-page","status-publish","hentry"],"_links":{"self":[{"href":"https:\/\/blog.rwth-aachen.de\/robotunn\/wp-json\/wp\/v2\/pages\/19","targetHints":{"allow":["GET"]}}],"collection":[{"href":"https:\/\/blog.rwth-aachen.de\/robotunn\/wp-json\/wp\/v2\/pages"}],"about":[{"href":"https:\/\/blog.rwth-aachen.de\/robotunn\/wp-json\/wp\/v2\/types\/page"}],"author":[{"embeddable":true,"href":"https:\/\/blog.rwth-aachen.de\/robotunn\/wp-json\/wp\/v2\/users\/6520"}],"replies":[{"embeddable":true,"href":"https:\/\/blog.rwth-aachen.de\/robotunn\/wp-json\/wp\/v2\/comments?post=19"}],"version-history":[{"count":15,"href":"https:\/\/blog.rwth-aachen.de\/robotunn\/wp-json\/wp\/v2\/pages\/19\/revisions"}],"predecessor-version":[{"id":64,"href":"https:\/\/blog.rwth-aachen.de\/robotunn\/wp-json\/wp\/v2\/pages\/19\/revisions\/64"}],"wp:attachment":[{"href":"https:\/\/blog.rwth-aachen.de\/robotunn\/wp-json\/wp\/v2\/media?parent=19"}],"curies":[{"name":"wp","href":"https:\/\/api.w.org\/{rel}","templated":true}]}}