{"id":2,"date":"2013-08-07T10:08:47","date_gmt":"2013-08-07T08:08:47","guid":{"rendered":"https:\/\/blog.rwth-aachen.de\/sam\/?page_id=2"},"modified":"2025-06-18T15:14:09","modified_gmt":"2025-06-18T13:14:09","slug":"projekt","status":"publish","type":"page","link":"https:\/\/blog.rwth-aachen.de\/sam\/projekt\/","title":{"rendered":"Das Projekt"},"content":{"rendered":"<div id=\"sam_column_right\" style=\"width: 212px; padding-left: 40px; padding-right: 40px; padding-bottom: 40px; border-left: 1px solid #ccc; float: right; margin-left: 20px; margin-top: -60px;\">\n<p><img loading=\"lazy\" decoding=\"async\" class=\" wp-image-109 alignright\" style=\"padding-bottom: 60px;\" src=\"https:\/\/blog.rwth-aachen.de\/sam\/files\/2014\/02\/rwth_sam_bild_rgb.jpg\" alt=\"Projektlogo SelfAssessment\" width=\"180\" height=\"52\" \/><\/p>\n<p><a href=\"https:\/\/blog.rwth-aachen.de\/sam\/aufbau-sam\/\">Wie ist SAM aufgebaut?<\/a><\/p>\n<p><a href=\"https:\/\/blog.rwth-aachen.de\/sam\/beispielaufgaben\/\">Was wird abgefragt?<\/a><\/p>\n<p><a href=\"https:\/\/blog.rwth-aachen.de\/sam\/einschreibevoraussetzung\/\">Warum ist SAM Voraussetzung zur Einschreibung?<\/a><\/p>\n<p><a href=\"https:\/\/blog.rwth-aachen.de\/sam\/sam-und-studienerfolg\/\">Wie h\u00e4ngen SAM und Studienerfolg zusammen?<\/a><\/p>\n<p><a href=\"https:\/\/blog.rwth-aachen.de\/sam\/datenqualitaet\/\">Wie wird die Datenqualit\u00e4t garantiert?<\/a><\/p>\n<p><a href=\"https:\/\/blog.rwth-aachen.de\/sam\/die-software\/\">Die Software Testmaker<\/a><\/p>\n<p>&nbsp;<\/p>\n<\/div>\n<p>SelfAssessments (<strong>SAM<\/strong>) werden an der RWTH Aachen schon seit \u00fcber zwanzig Jahren konzipiert und entwickelt, um Studieninteressierten bei der Studienfachwahl, -beratung und -vorbereitung bestm\u00f6glich und sinnvoll unterst\u00fctzen zu k\u00f6nnen. Diese webbasierten Studienorientierungsangebote bieten neben den \u00fcblichen Fach- und Sachinformationen Studieninteressierten die M\u00f6glichkeit, St\u00e4rken und Schw\u00e4chen zu reflektieren. SAM unterst\u00fctzt Sch\u00fclerinnen und Sch\u00fcler bei einer eigenverantwortlichen Entscheidung f\u00fcr einen konkreten Studiengang. Dies geschieht durch eine pers\u00f6nliche online gef\u00fchrte Selbsteinsch\u00e4tzung. Ziel ist eine m\u00f6glichst fr\u00fche Auseinandersetzung der Sch\u00fclerinnen und Sch\u00fcler mit einer m\u00f6glichen Studienentscheidung, eine gut informierte Studienwahl und dadurch eine Reduktion von Studienabbr\u00fcchen und Studienfachwechslern sowie einer \u00fcberdurchschnittlich langen Studiendauer.<\/p>\n<p>Derzeit gibt es an der RWTH ein Orientierungs-SelfAssessment und elf Studienfeld-SelfAssessments:\u00a0<a title=\"Informationen zum SelfAssessment im Webangebot der RWTH Aachen\" href=\"www.rwth-aachen.de\/selfassessment\" target=\"_blank\" rel=\"noopener\">www.rwth-aachen.de\/selfassessment<\/a>.<\/p>\n","protected":false},"excerpt":{"rendered":"<p>Wie ist SAM aufgebaut? Was wird abgefragt? Warum ist SAM Voraussetzung zur Einschreibung? Wie h\u00e4ngen SAM und Studienerfolg zusammen? Wie wird die Datenqualit\u00e4t garantiert? Die Software Testmaker &nbsp; SelfAssessments (SAM) [&hellip;]<\/p>\n","protected":false},"author":15,"featured_media":0,"parent":0,"menu_order":1,"comment_status":"closed","ping_status":"closed","template":"","meta":{"c2c_always_allow_admin_comments":false,"footnotes":""},"class_list":["post-2","page","type-page","status-publish","hentry"],"_links":{"self":[{"href":"https:\/\/blog.rwth-aachen.de\/sam\/wp-json\/wp\/v2\/pages\/2","targetHints":{"allow":["GET"]}}],"collection":[{"href":"https:\/\/blog.rwth-aachen.de\/sam\/wp-json\/wp\/v2\/pages"}],"about":[{"href":"https:\/\/blog.rwth-aachen.de\/sam\/wp-json\/wp\/v2\/types\/page"}],"author":[{"embeddable":true,"href":"https:\/\/blog.rwth-aachen.de\/sam\/wp-json\/wp\/v2\/users\/15"}],"replies":[{"embeddable":true,"href":"https:\/\/blog.rwth-aachen.de\/sam\/wp-json\/wp\/v2\/comments?post=2"}],"version-history":[{"count":57,"href":"https:\/\/blog.rwth-aachen.de\/sam\/wp-json\/wp\/v2\/pages\/2\/revisions"}],"predecessor-version":[{"id":1094,"href":"https:\/\/blog.rwth-aachen.de\/sam\/wp-json\/wp\/v2\/pages\/2\/revisions\/1094"}],"wp:attachment":[{"href":"https:\/\/blog.rwth-aachen.de\/sam\/wp-json\/wp\/v2\/media?parent=2"}],"curies":[{"name":"wp","href":"https:\/\/api.w.org\/{rel}","templated":true}]}}