{"id":263,"date":"2013-11-27T17:46:29","date_gmt":"2013-11-27T15:46:29","guid":{"rendered":"https:\/\/blog.rwth-aachen.de\/sam\/?page_id=263"},"modified":"2013-11-27T17:46:29","modified_gmt":"2013-11-27T15:46:29","slug":"datenqualitaet","status":"publish","type":"page","link":"https:\/\/blog.rwth-aachen.de\/sam\/datenqualitaet\/","title":{"rendered":"Datenqualit\u00e4t"},"content":{"rendered":"<p>Daten, die online generiert werden, erfordern ein besonderes Augenmerk auf die Datenqualit\u00e4t. Denn: Teilnehmer klicken sich oftmals einfach nur durch die Antworten durch, um schnell zum Teilnahmezertifikat zu gelangen oder f\u00fchren das SAM sogar mehrfach durch. Daher werden die SAM-Daten mit einem ausgekl\u00fcgelten Filtersystem bereinigt, bevor weitere Berechnungen wie die Vorhersage von Studienerfolg m\u00f6glich sind. Filtergr\u00f6\u00dfen sind unter anderem die Ernsthaftigkeit, mit denen die Fragen laut eigener Einsch\u00e4tzung der Teilnehmer beantwortet werden, die durchschnittliche Bearbeitungszeit, die Anzahl bearbeiteter Fragen pro Modul oder die Varianz des Antwortverhaltens.<\/p>\n","protected":false},"excerpt":{"rendered":"<p>Daten, die online generiert werden, erfordern ein besonderes Augenmerk auf die Datenqualit\u00e4t. Denn: Teilnehmer klicken sich oftmals einfach nur durch die Antworten durch, um schnell zum Teilnahmezertifikat zu gelangen oder [&hellip;]<\/p>\n","protected":false},"author":26,"featured_media":0,"parent":0,"menu_order":0,"comment_status":"open","ping_status":"open","template":"","meta":{"c2c_always_allow_admin_comments":false,"footnotes":""},"class_list":["post-263","page","type-page","status-publish","hentry"],"_links":{"self":[{"href":"https:\/\/blog.rwth-aachen.de\/sam\/wp-json\/wp\/v2\/pages\/263","targetHints":{"allow":["GET"]}}],"collection":[{"href":"https:\/\/blog.rwth-aachen.de\/sam\/wp-json\/wp\/v2\/pages"}],"about":[{"href":"https:\/\/blog.rwth-aachen.de\/sam\/wp-json\/wp\/v2\/types\/page"}],"author":[{"embeddable":true,"href":"https:\/\/blog.rwth-aachen.de\/sam\/wp-json\/wp\/v2\/users\/26"}],"replies":[{"embeddable":true,"href":"https:\/\/blog.rwth-aachen.de\/sam\/wp-json\/wp\/v2\/comments?post=263"}],"version-history":[{"count":1,"href":"https:\/\/blog.rwth-aachen.de\/sam\/wp-json\/wp\/v2\/pages\/263\/revisions"}],"predecessor-version":[{"id":264,"href":"https:\/\/blog.rwth-aachen.de\/sam\/wp-json\/wp\/v2\/pages\/263\/revisions\/264"}],"wp:attachment":[{"href":"https:\/\/blog.rwth-aachen.de\/sam\/wp-json\/wp\/v2\/media?parent=263"}],"curies":[{"name":"wp","href":"https:\/\/api.w.org\/{rel}","templated":true}]}}