{"id":266,"date":"2013-11-27T17:49:39","date_gmt":"2013-11-27T15:49:39","guid":{"rendered":"https:\/\/blog.rwth-aachen.de\/sam\/?page_id=266"},"modified":"2013-11-27T17:49:39","modified_gmt":"2013-11-27T15:49:39","slug":"die-software","status":"publish","type":"page","link":"https:\/\/blog.rwth-aachen.de\/sam\/die-software\/","title":{"rendered":"Die Software"},"content":{"rendered":"<p>Zwecks Optimierung wird die SAM-Software Testmaker kontinuierlich weiterentwickelt. Die einzelnen Studienfeld-SAM erhalten sukzessive ein Update.\u00a0 Prinzipiell erfolgt ein Versionswechsel nach der Evaluation eines SelfAssessments. Im Rahmen einer Evaluation wird \u00fcberpr\u00fcft, ob die Aufgaben im SelfAssessment den Teilnehmern eine zuverl\u00e4ssige R\u00fcckmeldung zu ihren St\u00e4rken und Schw\u00e4chen geben. Hierzu schauen sich die Evaluatoren unter anderem an, ob die Aufgabenstellungen klar gestellt sind und ob die Teilnehmer die Aufgaben gut l\u00f6sen k\u00f6nnen. Dies erfolgt \u00fcberwiegend mit Hilfe von statistischen Methoden. In einem zweiten Schritt werden Verbesserungsma\u00dfnahmen erarbeitet und alternative Aufgaben und Darstellungsm\u00f6glichkeiten entwickelt.<\/p>\n","protected":false},"excerpt":{"rendered":"<p>Zwecks Optimierung wird die SAM-Software Testmaker kontinuierlich weiterentwickelt. Die einzelnen Studienfeld-SAM erhalten sukzessive ein Update.\u00a0 Prinzipiell erfolgt ein Versionswechsel nach der Evaluation eines SelfAssessments. Im Rahmen einer Evaluation wird \u00fcberpr\u00fcft, [&hellip;]<\/p>\n","protected":false},"author":26,"featured_media":0,"parent":0,"menu_order":0,"comment_status":"open","ping_status":"open","template":"","meta":{"c2c_always_allow_admin_comments":false,"footnotes":""},"class_list":["post-266","page","type-page","status-publish","hentry"],"_links":{"self":[{"href":"https:\/\/blog.rwth-aachen.de\/sam\/wp-json\/wp\/v2\/pages\/266","targetHints":{"allow":["GET"]}}],"collection":[{"href":"https:\/\/blog.rwth-aachen.de\/sam\/wp-json\/wp\/v2\/pages"}],"about":[{"href":"https:\/\/blog.rwth-aachen.de\/sam\/wp-json\/wp\/v2\/types\/page"}],"author":[{"embeddable":true,"href":"https:\/\/blog.rwth-aachen.de\/sam\/wp-json\/wp\/v2\/users\/26"}],"replies":[{"embeddable":true,"href":"https:\/\/blog.rwth-aachen.de\/sam\/wp-json\/wp\/v2\/comments?post=266"}],"version-history":[{"count":1,"href":"https:\/\/blog.rwth-aachen.de\/sam\/wp-json\/wp\/v2\/pages\/266\/revisions"}],"predecessor-version":[{"id":267,"href":"https:\/\/blog.rwth-aachen.de\/sam\/wp-json\/wp\/v2\/pages\/266\/revisions\/267"}],"wp:attachment":[{"href":"https:\/\/blog.rwth-aachen.de\/sam\/wp-json\/wp\/v2\/media?parent=266"}],"curies":[{"name":"wp","href":"https:\/\/api.w.org\/{rel}","templated":true}]}}