{"id":291,"date":"2013-11-29T11:00:44","date_gmt":"2013-11-29T09:00:44","guid":{"rendered":"https:\/\/blog.rwth-aachen.de\/sam\/?page_id=291"},"modified":"2013-11-29T11:00:44","modified_gmt":"2013-11-29T09:00:44","slug":"einschreibevoraussetzung","status":"publish","type":"page","link":"https:\/\/blog.rwth-aachen.de\/sam\/einschreibevoraussetzung\/","title":{"rendered":"Einschreibevoraussetzung"},"content":{"rendered":"<p>Seit dem Wintersemester 2011\/12 muss, wer sich an der RWTH f\u00fcr einen Bachelor- oder Lehramtsstudiengang einschreiben m\u00f6chte, die Teilnahme an dem entsprechenden Studienfeld-SAM vorweisen. Ausgenommen davon sind die medizinischen Studieng\u00e4nge. Das SAM-Ergebnis beeinflusst dabei nicht, ob der Bewerber einen Studienplatz erh\u00e4lt oder nicht. Mit der verpflichtenden SAM-Teilnahme m\u00f6chte die RWTH Studieninteressierte motivieren, sich fr\u00fchzeitig und bewusst mit ihrer Studienwahl auseinanderzusetzen. Denn die SelfAssessments sind eine erste Orientierungshilfe und zeigen die Anforderungen im Studium auf. Sie geben dem Teilnehmer eine genaue R\u00fcckmeldung \u00fcber St\u00e4rken und Schw\u00e4chen und informieren, welche allgemeinen und facheigenen Beratungs- und F\u00f6rderangebote vor der Aufnahme des Studiums m\u00f6glich sind. <\/p>\n","protected":false},"excerpt":{"rendered":"<p>Seit dem Wintersemester 2011\/12 muss, wer sich an der RWTH f\u00fcr einen Bachelor- oder Lehramtsstudiengang einschreiben m\u00f6chte, die Teilnahme an dem entsprechenden Studienfeld-SAM vorweisen. Ausgenommen davon sind die medizinischen Studieng\u00e4nge. [&hellip;]<\/p>\n","protected":false},"author":26,"featured_media":0,"parent":0,"menu_order":0,"comment_status":"open","ping_status":"open","template":"","meta":{"c2c_always_allow_admin_comments":false,"footnotes":""},"class_list":["post-291","page","type-page","status-publish","hentry"],"_links":{"self":[{"href":"https:\/\/blog.rwth-aachen.de\/sam\/wp-json\/wp\/v2\/pages\/291","targetHints":{"allow":["GET"]}}],"collection":[{"href":"https:\/\/blog.rwth-aachen.de\/sam\/wp-json\/wp\/v2\/pages"}],"about":[{"href":"https:\/\/blog.rwth-aachen.de\/sam\/wp-json\/wp\/v2\/types\/page"}],"author":[{"embeddable":true,"href":"https:\/\/blog.rwth-aachen.de\/sam\/wp-json\/wp\/v2\/users\/26"}],"replies":[{"embeddable":true,"href":"https:\/\/blog.rwth-aachen.de\/sam\/wp-json\/wp\/v2\/comments?post=291"}],"version-history":[{"count":2,"href":"https:\/\/blog.rwth-aachen.de\/sam\/wp-json\/wp\/v2\/pages\/291\/revisions"}],"predecessor-version":[{"id":296,"href":"https:\/\/blog.rwth-aachen.de\/sam\/wp-json\/wp\/v2\/pages\/291\/revisions\/296"}],"wp:attachment":[{"href":"https:\/\/blog.rwth-aachen.de\/sam\/wp-json\/wp\/v2\/media?parent=291"}],"curies":[{"name":"wp","href":"https:\/\/api.w.org\/{rel}","templated":true}]}}