{"id":30,"date":"2013-08-07T13:03:18","date_gmt":"2013-08-07T11:03:18","guid":{"rendered":"https:\/\/blog.rwth-aachen.de\/sam\/?page_id=30"},"modified":"2025-03-14T15:39:38","modified_gmt":"2025-03-14T13:39:38","slug":"impressum","status":"publish","type":"page","link":"https:\/\/blog.rwth-aachen.de\/sam\/impressum\/","title":{"rendered":"Impressum"},"content":{"rendered":"<p><em>To satisfy the requirements imposed by German law, this site contains contact and legal information in German language only.<\/em><\/p>\n<h3><span style=\"color: #000000;\">Herausgeberin<\/span><\/h3>\n<p>Herausgegeben im Auftrag des Rektors der RWTH Aachen University.<\/p>\n<p>RWTH Aachen<br \/>\nTemplergraben 55<br \/>\n52062 Aachen (Hausanschrift)<br \/>\n52056 Aachen (Postanschrift)<\/p>\n<p>Telefon: +49 241 80 1<br \/>\nTelefax: +49 241 80 92312<br \/>\nE-Mail:\u00a0<a href=\"mailto:impressum@rwth-aachen.de\">impressum@rwth-aachen.de<\/a><\/p>\n<p>Die RWTH Aachen University ist eine K\u00f6rperschaft des \u00f6ffentlichen Rechts. Sie wird durch den Rektor, Univ.-Prof. Dr. rer. nat. Dr. h.c. mult. Ulrich R\u00fcdiger, vertreten.<\/p>\n<h3><span style=\"color: #000000;\">Zust\u00e4ndige Aufsichtsbeh\u00f6rde<\/span><\/h3>\n<p>Ministerium f\u00fcr Kultur und Wissenschaft des Landes Nordrhein Westfalen, V\u00f6lklinger Stra\u00dfe 49, 40221 D\u00fcsseldorf.<\/p>\n<h3><span style=\"color: #000000;\">Umsatzsteuer-Identifikationsnummer<\/span><\/h3>\n<p>Gem\u00e4\u00df \u00a7 27 a Umsatzsteuergesetz: DE 121689807<\/p>\n<h3><span style=\"color: #000000;\">Inhaltliche Verantwortlichkeit<\/span><\/h3>\n<p>Das Webangebot der RWTH Aachen wird von unterschiedlichen Stellen betreut.<\/p>\n<p>Ansprechpartner f\u00fcr alle inhaltlichen Belange der SelfAssessments ist:<\/p>\n<p>Dr. Harald Schnurbusch<br \/>\nLeitung Abt. Lernplattformen &#8211; Evaluation &#8211; Assessment &amp; Analytics (LEA)<br \/>\nCenter f\u00fcr Lehr- und Lernservices (CLS)<br \/>\nRWTH Aachen University<br \/>\nKackertstr. 9<br \/>\n52072 Aachen<br \/>\nTelefon: +49 241 80 92680<br \/>\nE-Mail:\u00a0<a href=\"mailto:schnurbusch@cls.rwth-aachen.de\">schnurbusch@cls.rwth-aachen.de<\/a><br \/>\nE-Mail SelfAssessment-Support:\u00a0<a href=\"mailto:assess@rwth-aachen.de\">assess@rwth-aachen.de<\/a><\/p>\n<p>ge\u00e4ndert am 29.08.2024 um 8 Uhr<\/p>\n<p><strong>Redaktion<\/strong><\/p>\n<ul>\n<li>Mathis Rabe<\/li>\n<li>Larissa Buitkamp<\/li>\n<\/ul>\n<p><strong>Verantwortlich<\/strong><\/p>\n<ul>\n<li><em>Mathis Rabe<br \/>\nTel.: +49 241 80 92687<br \/>\nE-Mail: <a class=\"email\" href=\"mailto:rabe@cls.rwth-aachen.de\" target=\"_self\">rabe@cls.rwth-aachen.de<\/a><br \/>\n<\/em><\/li>\n<li>Larissa Buitkamp<br \/>\nTel.: +49 241 80 91157<br \/>\n<a class=\"email\" href=\"mailto:buitkamp@cls.rwth-aachen.de\" target=\"_self\">buitkamp@cls.rwth-aachen.de<\/a><\/li>\n<\/ul>\n<p>&nbsp;<\/p>\n<p>&nbsp;<\/p>\n","protected":false},"excerpt":{"rendered":"<p>To satisfy the requirements imposed by German law, this site contains contact and legal information in German language only. Herausgeberin Herausgegeben im Auftrag des Rektors der RWTH Aachen University. RWTH [&hellip;]<\/p>\n","protected":false},"author":15,"featured_media":0,"parent":0,"menu_order":0,"comment_status":"closed","ping_status":"closed","template":"","meta":{"c2c_always_allow_admin_comments":false,"footnotes":""},"class_list":["post-30","page","type-page","status-publish","hentry"],"_links":{"self":[{"href":"https:\/\/blog.rwth-aachen.de\/sam\/wp-json\/wp\/v2\/pages\/30","targetHints":{"allow":["GET"]}}],"collection":[{"href":"https:\/\/blog.rwth-aachen.de\/sam\/wp-json\/wp\/v2\/pages"}],"about":[{"href":"https:\/\/blog.rwth-aachen.de\/sam\/wp-json\/wp\/v2\/types\/page"}],"author":[{"embeddable":true,"href":"https:\/\/blog.rwth-aachen.de\/sam\/wp-json\/wp\/v2\/users\/15"}],"replies":[{"embeddable":true,"href":"https:\/\/blog.rwth-aachen.de\/sam\/wp-json\/wp\/v2\/comments?post=30"}],"version-history":[{"count":6,"href":"https:\/\/blog.rwth-aachen.de\/sam\/wp-json\/wp\/v2\/pages\/30\/revisions"}],"predecessor-version":[{"id":1084,"href":"https:\/\/blog.rwth-aachen.de\/sam\/wp-json\/wp\/v2\/pages\/30\/revisions\/1084"}],"wp:attachment":[{"href":"https:\/\/blog.rwth-aachen.de\/sam\/wp-json\/wp\/v2\/media?parent=30"}],"curies":[{"name":"wp","href":"https:\/\/api.w.org\/{rel}","templated":true}]}}