{"id":312,"date":"2013-11-29T15:42:58","date_gmt":"2013-11-29T13:42:58","guid":{"rendered":"https:\/\/blog.rwth-aachen.de\/sam\/?page_id=312"},"modified":"2013-12-04T15:35:16","modified_gmt":"2013-12-04T13:35:16","slug":"beispielaufgabe-sam-georessourcen-und-materialtechnik","status":"publish","type":"page","link":"https:\/\/blog.rwth-aachen.de\/sam\/beispielaufgabe-sam-georessourcen-und-materialtechnik\/","title":{"rendered":"Beispielaufgabe SAM Georessourcen und Materialtechnik"},"content":{"rendered":"<p>F\u00fcr ein Studium im Bereich Georessourcen und Materialtechnik ist es wichtig, dass du dir Dinge r\u00e4umlich gut vorstellen kannst. Dies ist beispielsweise wichtig, um geographische Karten zu verstehen, sich den Aufbau einer technischen Maschine vorzustellen oder um die Struktur eines Kristalls nachvollziehen zu k\u00f6nnen. Bei den folgenden Aufgaben sollst du f\u00fcr eine W\u00fcrfelfigur bestimmen, welche von vier Teilfiguren f\u00fcr den Bau dieser Figur nicht ben\u00f6tigt wird.<\/p>\n<p>&nbsp;<\/p>\n<div id=\"attachment_392\" style=\"width: 479px\" class=\"wp-caption alignnone\"><img loading=\"lazy\" decoding=\"async\" aria-describedby=\"caption-attachment-392\" class=\"size-full wp-image-392\" alt=\"Beispielaufgabe SAM Georessourcen und Materialwesen\" src=\"https:\/\/blog.rwth-aachen.de\/sam\/files\/2013\/11\/Grafik_SAM_Materialwesen.jpg\" width=\"469\" height=\"260\" srcset=\"https:\/\/blog.rwth-aachen.de\/sam\/files\/2013\/11\/Grafik_SAM_Materialwesen.jpg 469w, https:\/\/blog.rwth-aachen.de\/sam\/files\/2013\/11\/Grafik_SAM_Materialwesen-300x166.jpg 300w\" sizes=\"auto, (max-width: 469px) 100vw, 469px\" \/><p id=\"caption-attachment-392\" class=\"wp-caption-text\">Beispielaufgabe SAM Georessourcen und Materialwesen<\/p><\/div>\n<div style=\"cursor: pointer; padding: 5px; border: 1px solid grey; margin: 5px;\" onclick=\"alert('leider falsch');\">X Teilfigur 1<\/div>\n<div style=\"cursor: pointer; padding: 5px; border: 1px solid grey; margin: 5px;\" onclick=\"alert('leider falsch');\">X Teilfigur 2<\/div>\n<div style=\"cursor: pointer; padding: 5px; border: 1px solid grey; margin: 5px;\" onclick=\"alert('leider falsch');\">X Teilfigur 3<\/div>\n<div style=\"cursor: pointer; padding: 5px; border: 1px solid grey; margin: 5px;\" onclick=\"alert('clever. genau so ist es!');\">X Teilfigur 4<\/div>\n","protected":false},"excerpt":{"rendered":"<p>F\u00fcr ein Studium im Bereich Georessourcen und Materialtechnik ist es wichtig, dass du dir Dinge r\u00e4umlich gut vorstellen kannst. Dies ist beispielsweise wichtig, um geographische Karten zu verstehen, sich den [&hellip;]<\/p>\n","protected":false},"author":26,"featured_media":0,"parent":0,"menu_order":0,"comment_status":"open","ping_status":"open","template":"","meta":{"c2c_always_allow_admin_comments":false,"footnotes":""},"class_list":["post-312","page","type-page","status-publish","hentry"],"_links":{"self":[{"href":"https:\/\/blog.rwth-aachen.de\/sam\/wp-json\/wp\/v2\/pages\/312","targetHints":{"allow":["GET"]}}],"collection":[{"href":"https:\/\/blog.rwth-aachen.de\/sam\/wp-json\/wp\/v2\/pages"}],"about":[{"href":"https:\/\/blog.rwth-aachen.de\/sam\/wp-json\/wp\/v2\/types\/page"}],"author":[{"embeddable":true,"href":"https:\/\/blog.rwth-aachen.de\/sam\/wp-json\/wp\/v2\/users\/26"}],"replies":[{"embeddable":true,"href":"https:\/\/blog.rwth-aachen.de\/sam\/wp-json\/wp\/v2\/comments?post=312"}],"version-history":[{"count":7,"href":"https:\/\/blog.rwth-aachen.de\/sam\/wp-json\/wp\/v2\/pages\/312\/revisions"}],"predecessor-version":[{"id":397,"href":"https:\/\/blog.rwth-aachen.de\/sam\/wp-json\/wp\/v2\/pages\/312\/revisions\/397"}],"wp:attachment":[{"href":"https:\/\/blog.rwth-aachen.de\/sam\/wp-json\/wp\/v2\/media?parent=312"}],"curies":[{"name":"wp","href":"https:\/\/api.w.org\/{rel}","templated":true}]}}