{"id":34,"date":"2013-08-07T13:05:16","date_gmt":"2013-08-07T11:05:16","guid":{"rendered":"https:\/\/blog.rwth-aachen.de\/sam\/?page_id=34"},"modified":"2013-09-14T16:18:02","modified_gmt":"2013-09-14T14:18:02","slug":"blog-policy","status":"publish","type":"page","link":"https:\/\/blog.rwth-aachen.de\/sam\/blog-policy\/","title":{"rendered":"Blog Policy"},"content":{"rendered":"<p><b>Kommentare &amp; Regeln<\/b><\/p>\n<p>Dieser Blog ist gedacht als redaktionell gef\u00fchrte Plattform zur freien und kritischen Diskussion und zum Informationsaustausch. Die Redaktion begr\u00fc\u00dft Leserkommentare! Alle Kommentare werden von uns gelesen und ggf. auch an die jeweilige Fachabteilung oder Institution zur Beantwortung weitergeleitet.\u00a0 Folgende Regeln sind allerdings zu beachten:<\/p>\n<ul>\n<li>Wir pflegen in diesem Blog einen h\u00f6flichen Umgang miteinander. Untersagt sind Beleidigungen genauso wie Inhalte und Pseudonyme die ehrverletzend, jugendgef\u00e4hrdend, politisch oder religi\u00f6s extrem, pornographisch, strafbar, polemisch oder anderweitig inakzeptabel sind.<\/li>\n<\/ul>\n<ul>\n<li>Eine missbr\u00e4uchliche Nutzung des Blogs f\u00fcr kommerzielle Werbung, Kettenbriefe, Werbung f\u00fcr Webseiten und illegale Aktivit\u00e4ten ist nicht erlaubt.<\/li>\n<li>Falls jemand nicht unter seinem wirklichen Namen kommentieren m\u00f6chte, ist das nat\u00fcrlich ihm\/ihr selbst \u00fcberlassen. Aber dann sollte man sich vielleicht \u00fcberlegen, ob man \u00fcberhaupt einen Kommentar hinterlassen m\u00f6chte. Das Vort\u00e4uschen einer fremden Identit\u00e4t ist verboten.<\/li>\n<\/ul>\n<ul>\n<li>Unsinnige Texte oder thematisch irrelevante Inhalte sind in unserem Blog ungern gesehen. Kommentare<br \/>\nsollten sich daher stets auf zugeh\u00f6rige Artikel beziehen!<\/li>\n<\/ul>\n<p>Wir behalten uns vor, Kommentare unter thematischen Gesichtspunkten zu ordnen und zusammenzufassen und Kommentare, die gegen die oben genannten Regeln versto\u00dfen oder potentiell rechtswidrigen Inhalt haben, zu l\u00f6schen. Falls Kritik an der Moderierung eines eigenen Kommentars besteht, kann diese an <a href=\"mailto:ralph.delzepich@rwth-aachen.de\">ralph.delzepich@rwth-aachen.de<\/a>\u00a0gerichtet werden.<\/p>\n<p>Zuwiderhandelnde Blog-Teilnehmer k\u00f6nnen von uns aus dem Blog verwiesen werden.<\/p>\n<p>Um gegen Verhaltensweisen vorgehen zu k\u00f6nnen, die gegen die Nutzungsbedingungen oder Regeln versto\u00dfen, sind wir auf Ihre Mithilfe angewiesen. Sollten Sie einen Versto\u00df beobachten, bitten wir um Ihre Unterst\u00fctzung:<br \/>\nBitte melden Sie uns unverz\u00fcglich Verst\u00f6\u00dfe gegen die Nutzungsbedingungen:\u00a0<a title=\"Eine E-Mail an Christoph Wenzel verfassen\" href=\"mailto:christoph.wenzel@fb7.rwth-aachen.de\">ralph.delzepich@rwth-aachen.de<\/a><\/p>\n","protected":false},"excerpt":{"rendered":"<p>Kommentare &amp; Regeln Dieser Blog ist gedacht als redaktionell gef\u00fchrte Plattform zur freien und kritischen Diskussion und zum Informationsaustausch. Die Redaktion begr\u00fc\u00dft Leserkommentare! Alle Kommentare werden von uns gelesen und [&hellip;]<\/p>\n","protected":false},"author":15,"featured_media":0,"parent":0,"menu_order":0,"comment_status":"closed","ping_status":"closed","template":"","meta":{"c2c_always_allow_admin_comments":false,"footnotes":""},"class_list":["post-34","page","type-page","status-publish","hentry"],"_links":{"self":[{"href":"https:\/\/blog.rwth-aachen.de\/sam\/wp-json\/wp\/v2\/pages\/34","targetHints":{"allow":["GET"]}}],"collection":[{"href":"https:\/\/blog.rwth-aachen.de\/sam\/wp-json\/wp\/v2\/pages"}],"about":[{"href":"https:\/\/blog.rwth-aachen.de\/sam\/wp-json\/wp\/v2\/types\/page"}],"author":[{"embeddable":true,"href":"https:\/\/blog.rwth-aachen.de\/sam\/wp-json\/wp\/v2\/users\/15"}],"replies":[{"embeddable":true,"href":"https:\/\/blog.rwth-aachen.de\/sam\/wp-json\/wp\/v2\/comments?post=34"}],"version-history":[{"count":2,"href":"https:\/\/blog.rwth-aachen.de\/sam\/wp-json\/wp\/v2\/pages\/34\/revisions"}],"predecessor-version":[{"id":164,"href":"https:\/\/blog.rwth-aachen.de\/sam\/wp-json\/wp\/v2\/pages\/34\/revisions\/164"}],"wp:attachment":[{"href":"https:\/\/blog.rwth-aachen.de\/sam\/wp-json\/wp\/v2\/media?parent=34"}],"curies":[{"name":"wp","href":"https:\/\/api.w.org\/{rel}","templated":true}]}}