{"id":496,"date":"2014-04-02T15:12:10","date_gmt":"2014-04-02T13:12:10","guid":{"rendered":"https:\/\/blog.rwth-aachen.de\/sam\/?page_id=496"},"modified":"2017-02-17T14:54:28","modified_gmt":"2017-02-17T12:54:28","slug":"sam-on-tour-gebucht-was-ist-noch-zu-tun","status":"publish","type":"page","link":"https:\/\/blog.rwth-aachen.de\/sam\/sam-on-tour-gebucht-was-ist-noch-zu-tun\/","title":{"rendered":"SAM on Tour gebucht \u2013 Was ist noch zu tun?"},"content":{"rendered":"<p><strong>Vor unserem Besuch<\/strong><\/p>\n<p>Zum Aufbau unseres mobilen Computerlabors ben\u00f6tigen wir einen gro\u00dfz\u00fcgigen Raum mit Platz f\u00fcr Sch\u00fclergruppen bis 30 Personen. Der Raum sollte \u00fcber ausreichend Steckdosen verf\u00fcgen (mind. 3 Steckdosen gut \u00fcber den Raum verteilt).\u00a0Er sollte nach M\u00f6glichkeit ruhig gelegen sein, damit die Sch\u00fcler beim Bearbeiten der SAM nicht abgelenkt werden.\u00a0Je nachdem, welches Format Sie w\u00e4hlen, wird ein zweiter Raum f\u00fcr die Studienberatung ben\u00f6tigt. Dieser sollte in der N\u00e4he liegen.<\/p>\n<p>Damit nicht alle Sch\u00fclerinnen und Sch\u00fcler auf einmal kommen, m\u00fcssen\u00a0Sie im Vorfeld die Sch\u00fcler in Gruppen von nicht mehr als 25 Personen einteilen. F\u00fcr einen Durchgang sollten Sie 90 Minuten kalkulieren.<\/p>\n<p>&nbsp;<\/p>\n<p><strong>Am Tag unseres Besuchs<\/strong><\/p>\n<p>Wir sind ganzt\u00e4gig an Ihrer Schule. Wir kommen eine Stunde vor Unterrichtsbeginn, um alles aufzubauen.<\/p>\n<p>&nbsp;<\/p>\n<p>&nbsp;<\/p>\n","protected":false},"excerpt":{"rendered":"<p>Vor unserem Besuch Zum Aufbau unseres mobilen Computerlabors ben\u00f6tigen wir einen gro\u00dfz\u00fcgigen Raum mit Platz f\u00fcr Sch\u00fclergruppen bis 30 Personen. Der Raum sollte \u00fcber ausreichend Steckdosen verf\u00fcgen (mind. 3 Steckdosen [&hellip;]<\/p>\n","protected":false},"author":26,"featured_media":0,"parent":0,"menu_order":0,"comment_status":"open","ping_status":"open","template":"","meta":{"c2c_always_allow_admin_comments":false,"footnotes":""},"class_list":["post-496","page","type-page","status-publish","hentry"],"_links":{"self":[{"href":"https:\/\/blog.rwth-aachen.de\/sam\/wp-json\/wp\/v2\/pages\/496","targetHints":{"allow":["GET"]}}],"collection":[{"href":"https:\/\/blog.rwth-aachen.de\/sam\/wp-json\/wp\/v2\/pages"}],"about":[{"href":"https:\/\/blog.rwth-aachen.de\/sam\/wp-json\/wp\/v2\/types\/page"}],"author":[{"embeddable":true,"href":"https:\/\/blog.rwth-aachen.de\/sam\/wp-json\/wp\/v2\/users\/26"}],"replies":[{"embeddable":true,"href":"https:\/\/blog.rwth-aachen.de\/sam\/wp-json\/wp\/v2\/comments?post=496"}],"version-history":[{"count":6,"href":"https:\/\/blog.rwth-aachen.de\/sam\/wp-json\/wp\/v2\/pages\/496\/revisions"}],"predecessor-version":[{"id":934,"href":"https:\/\/blog.rwth-aachen.de\/sam\/wp-json\/wp\/v2\/pages\/496\/revisions\/934"}],"wp:attachment":[{"href":"https:\/\/blog.rwth-aachen.de\/sam\/wp-json\/wp\/v2\/media?parent=496"}],"curies":[{"name":"wp","href":"https:\/\/api.w.org\/{rel}","templated":true}]}}