{"id":562,"date":"2014-06-06T17:15:15","date_gmt":"2014-06-06T15:15:15","guid":{"rendered":"https:\/\/blog.rwth-aachen.de\/sam\/?page_id=562"},"modified":"2014-06-06T17:18:19","modified_gmt":"2014-06-06T15:18:19","slug":"sam-on-tour-technik","status":"publish","type":"page","link":"https:\/\/blog.rwth-aachen.de\/sam\/sam-on-tour-technik\/","title":{"rendered":"SAM on Tour &#8211; Technik"},"content":{"rendered":"<div id=\"attachment_509\" style=\"width: 410px\" class=\"wp-caption alignright\"><a href=\"https:\/\/blog.rwth-aachen.de\/sam\/files\/2014\/04\/Handzettel_R\u00fcckseite-e1402067336810.jpg\"><img loading=\"lazy\" decoding=\"async\" aria-describedby=\"caption-attachment-509\" class=\"wp-image-509 size-full\" src=\"https:\/\/blog.rwth-aachen.de\/sam\/files\/2014\/04\/Handzettel_R\u00fcckseite-e1402067336810.jpg\" alt=\"IT-Struktur bei SAM on Tour\" width=\"400\" height=\"383\" \/><\/a><p id=\"caption-attachment-509\" class=\"wp-caption-text\">IT-Struktur bei SAM on Tour<\/p><\/div>\n<p>Wir bringen f\u00fcr unsere SelfAssessments die Infrastruktur mit &#8211; von Ihnen ben\u00f6tigen wir nur einen <strong>Stromanschluss<\/strong>. In der Skizze zeigt der blau-gestrichelt umrandete Bereich, was wir vor Ort nutzen:<\/p>\n<ul>\n<li>einen Web- und Datenbankserver *<\/li>\n<li>ein eigenes WLAN *<\/li>\n<li>unsere ChromeBooks<\/li>\n<\/ul>\n<p>Diese Konfiguration reicht, um mit Ihnen und Ihren Sch\u00fclerinnen und Sch\u00fclern unsere SelfAssessments durchf\u00fchren zu k\u00f6nnen.<\/p>\n<p>Die optionale Verbindung w\u00fcrde ben\u00f6tigt, falls wir mit den ChromeBooks auch eine Internetverbindung aufbauen m\u00fcssen. Hierzu sprechen wir uns kurz mit Ihren Technikerinnen und Technikern vor Ort ab.<\/p>\n<p>&nbsp;<\/p>\n<p>&nbsp;<\/p>\n<hr \/>\n<p>* Was bedeutet dies im Detail?<\/p>\n<p>Um technische Herausforderungen vor Ort zu minimieren, haben wir eine Infrastruktur etabliert, die uns in einem abgeschlossenen Netzwerk Zugriff auf einen lokalen Server erlaubt. Auf diesem l\u00e4uft eine Kopie unsere Online-SelfAssessments.<\/p>\n<p>Damit ist gew\u00e4hrleistet, dass wir auch ohne eine Internetverbindung einsatzbereit sind.<\/p>\n<p>&nbsp;<\/p>\n","protected":false},"excerpt":{"rendered":"<p>Wir bringen f\u00fcr unsere SelfAssessments die Infrastruktur mit &#8211; von Ihnen ben\u00f6tigen wir nur einen Stromanschluss. In der Skizze zeigt der blau-gestrichelt umrandete Bereich, was wir vor Ort nutzen: einen [&hellip;]<\/p>\n","protected":false},"author":15,"featured_media":0,"parent":0,"menu_order":0,"comment_status":"open","ping_status":"open","template":"","meta":{"c2c_always_allow_admin_comments":false,"footnotes":""},"class_list":["post-562","page","type-page","status-publish","hentry"],"_links":{"self":[{"href":"https:\/\/blog.rwth-aachen.de\/sam\/wp-json\/wp\/v2\/pages\/562","targetHints":{"allow":["GET"]}}],"collection":[{"href":"https:\/\/blog.rwth-aachen.de\/sam\/wp-json\/wp\/v2\/pages"}],"about":[{"href":"https:\/\/blog.rwth-aachen.de\/sam\/wp-json\/wp\/v2\/types\/page"}],"author":[{"embeddable":true,"href":"https:\/\/blog.rwth-aachen.de\/sam\/wp-json\/wp\/v2\/users\/15"}],"replies":[{"embeddable":true,"href":"https:\/\/blog.rwth-aachen.de\/sam\/wp-json\/wp\/v2\/comments?post=562"}],"version-history":[{"count":3,"href":"https:\/\/blog.rwth-aachen.de\/sam\/wp-json\/wp\/v2\/pages\/562\/revisions"}],"predecessor-version":[{"id":565,"href":"https:\/\/blog.rwth-aachen.de\/sam\/wp-json\/wp\/v2\/pages\/562\/revisions\/565"}],"wp:attachment":[{"href":"https:\/\/blog.rwth-aachen.de\/sam\/wp-json\/wp\/v2\/media?parent=562"}],"curies":[{"name":"wp","href":"https:\/\/api.w.org\/{rel}","templated":true}]}}