{"id":699,"date":"2015-04-01T16:35:26","date_gmt":"2015-04-01T14:35:26","guid":{"rendered":"https:\/\/blog.rwth-aachen.de\/sam\/?page_id=699"},"modified":"2016-08-03T17:15:16","modified_gmt":"2016-08-03T15:15:16","slug":"sam-on-tour-formate","status":"publish","type":"page","link":"https:\/\/blog.rwth-aachen.de\/sam\/sam-on-tour-formate\/","title":{"rendered":"SAM on Tour &#8211; Formate"},"content":{"rendered":"<p>SAM on Tour bietet verschiedene Basisformate, aus denen Sie das f\u00fcr Ihre Schule passende w\u00e4hlen k\u00f6nnen. Gerne passen wir die Formate auch\u00a0bedarfsgerecht f\u00fcr Sie an.<\/p>\n<p>Die\u00a0Formate umfassen die drei Bausteine:<\/p>\n<ul>\n<li>SelfAssessment (SAM)<\/li>\n<li>Beratung<\/li>\n<li>Vortrag<\/li>\n<\/ul>\n<p>Je nach Bedarf an Ihrer Schule lassen sich die Bausteine individuell kombinieren.<\/p>\n<p>Folgende Kombinationen haben sich in der Vergangenheit am meisten bew\u00e4hrt:<\/p>\n<p>&nbsp;<\/p>\n<p><strong>a)\u00a0Vortrag \u00fcber Studienentscheidung vor und Beratung nach SAM<\/strong><\/p>\n<div id=\"attachment_874\" style=\"width: 310px\" class=\"wp-caption alignleft\"><a href=\"https:\/\/blog.rwth-aachen.de\/sam\/files\/2016\/08\/SAM_Beratung_Vortrag.jpg\"><img loading=\"lazy\" decoding=\"async\" aria-describedby=\"caption-attachment-874\" class=\"size-medium wp-image-874\" src=\"https:\/\/blog.rwth-aachen.de\/sam\/files\/2016\/08\/SAM_Beratung_Vortrag-300x225.jpg\" alt=\"SAM on Tour - SelfAssessments mit Vortrag und Beratung\" width=\"300\" height=\"225\" srcset=\"https:\/\/blog.rwth-aachen.de\/sam\/files\/2016\/08\/SAM_Beratung_Vortrag-300x225.jpg 300w, https:\/\/blog.rwth-aachen.de\/sam\/files\/2016\/08\/SAM_Beratung_Vortrag.jpg 720w\" sizes=\"auto, (max-width: 300px) 100vw, 300px\" \/><\/a><p id=\"caption-attachment-874\" class=\"wp-caption-text\">SAM on Tour &#8211; SelfAssessments mit Vortrag und Beratung<\/p><\/div>\n<p>&nbsp;<\/p>\n<p>&nbsp;<\/p>\n<p>&nbsp;<\/p>\n<p>&nbsp;<\/p>\n<p>&nbsp;<\/p>\n<p>&nbsp;<\/p>\n<p>&nbsp;<\/p>\n<p>&nbsp;<\/p>\n<ul>\n<li>F\u00fcr eine Gruppengr\u00f6\u00dfe von maximal <strong>100\u00a0Personen<\/strong> (pro Tag)<\/li>\n<li>Die Sch\u00fcler werden <strong>in Gruppen \u00e0 25 Personen eingeteilt<\/strong>.<\/li>\n<li>Der Tag startet mit einem <strong>allgemeinen Vortrag f\u00fcr die gesamte Stufe<\/strong>, z.B. \u00fcber &#8222;Wie finde ich zu einer guten Studienentscheidung?&#8220;<\/li>\n<li>Danach\u00a0steigen die Gruppen\u00a0<strong>in die Bearbeitung der SelfAssessments<\/strong> ein.<\/li>\n<li><strong>Im Anschluss<\/strong> an die Bearbeitung\u00a0gehen die Sch\u00fclerinnen und Sch\u00fcler<strong>\u00a0in die Beratung<\/strong>\u00a0(Einzel- oder Gruppenberatung) mit einer Studienberaterin\/einem Studienberater der Zentralen Studienberatung (Voraussetzung: 2. Raum muss verf\u00fcgbar sein). Die n\u00e4chste Gruppe beginnt in dieser Zeit\u00a0die Bearbeitung der SAM.<\/li>\n<\/ul>\n<p>&nbsp;<\/p>\n<p><strong>b)\u00a0SelfAssessments mit anschlie\u00dfender Beratung<\/strong><\/p>\n<div id=\"attachment_875\" style=\"width: 310px\" class=\"wp-caption alignleft\"><a href=\"https:\/\/blog.rwth-aachen.de\/sam\/files\/2016\/08\/SAM_Beratung.jpg\"><img loading=\"lazy\" decoding=\"async\" aria-describedby=\"caption-attachment-875\" class=\"size-medium wp-image-875\" src=\"https:\/\/blog.rwth-aachen.de\/sam\/files\/2016\/08\/SAM_Beratung-300x225.jpg\" alt=\"SAM on Tour - SelfAssessments mit Beratung\" width=\"300\" height=\"225\" srcset=\"https:\/\/blog.rwth-aachen.de\/sam\/files\/2016\/08\/SAM_Beratung-300x225.jpg 300w, https:\/\/blog.rwth-aachen.de\/sam\/files\/2016\/08\/SAM_Beratung.jpg 720w\" sizes=\"auto, (max-width: 300px) 100vw, 300px\" \/><\/a><p id=\"caption-attachment-875\" class=\"wp-caption-text\">SAM on Tour &#8211; SelfAssessments mit Beratung<\/p><\/div>\n<p>&nbsp;<\/p>\n<p>&nbsp;<\/p>\n<p>&nbsp;<\/p>\n<p>&nbsp;<\/p>\n<p>&nbsp;<\/p>\n<p>&nbsp;<\/p>\n<p>&nbsp;<\/p>\n<p>&nbsp;<\/p>\n<ul>\n<li>F\u00fcr eine Gruppengr\u00f6\u00dfe von maximal <strong>100 Sch\u00fclern<\/strong> (pro Tag)<\/li>\n<li>Die Sch\u00fcler werden\u00a0<strong>in Gruppen \u00e0 25 Personen eingeteilt<\/strong>.<\/li>\n<li>Nach einer\u00a0<strong>Einf\u00fchrung<\/strong>\u00a0steigen die Gruppen direkt\u00a0<strong>in die Bearbeitung der SelfAssessments<\/strong>\u00a0ein.<\/li>\n<li><strong>Im Anschluss\u00a0<\/strong>an die Bearbeitung gehen die\u00a0Sch\u00fclerinnen und Sch\u00fcler <strong>in die\u00a0Beratung<\/strong>\u00a0(Einzel- oder Gruppenberatung) mit einer Studienberaterin\/einem Studienberater der Zentralen Studienberatung (Voraussetzung: 2. Raum muss verf\u00fcgbar sein). Die n\u00e4chste Gruppe beginnt in dieser Zeit die Bearbeitung der SAM.<\/li>\n<\/ul>\n","protected":false},"excerpt":{"rendered":"<p>SAM on Tour bietet verschiedene Basisformate, aus denen Sie das f\u00fcr Ihre Schule passende w\u00e4hlen k\u00f6nnen. Gerne passen wir die Formate auch\u00a0bedarfsgerecht f\u00fcr Sie an. Die\u00a0Formate umfassen die drei Bausteine: [&hellip;]<\/p>\n","protected":false},"author":26,"featured_media":0,"parent":0,"menu_order":0,"comment_status":"open","ping_status":"open","template":"","meta":{"c2c_always_allow_admin_comments":false,"footnotes":""},"class_list":["post-699","page","type-page","status-publish","hentry"],"_links":{"self":[{"href":"https:\/\/blog.rwth-aachen.de\/sam\/wp-json\/wp\/v2\/pages\/699","targetHints":{"allow":["GET"]}}],"collection":[{"href":"https:\/\/blog.rwth-aachen.de\/sam\/wp-json\/wp\/v2\/pages"}],"about":[{"href":"https:\/\/blog.rwth-aachen.de\/sam\/wp-json\/wp\/v2\/types\/page"}],"author":[{"embeddable":true,"href":"https:\/\/blog.rwth-aachen.de\/sam\/wp-json\/wp\/v2\/users\/26"}],"replies":[{"embeddable":true,"href":"https:\/\/blog.rwth-aachen.de\/sam\/wp-json\/wp\/v2\/comments?post=699"}],"version-history":[{"count":15,"href":"https:\/\/blog.rwth-aachen.de\/sam\/wp-json\/wp\/v2\/pages\/699\/revisions"}],"predecessor-version":[{"id":876,"href":"https:\/\/blog.rwth-aachen.de\/sam\/wp-json\/wp\/v2\/pages\/699\/revisions\/876"}],"wp:attachment":[{"href":"https:\/\/blog.rwth-aachen.de\/sam\/wp-json\/wp\/v2\/media?parent=699"}],"curies":[{"name":"wp","href":"https:\/\/api.w.org\/{rel}","templated":true}]}}