{"id":128,"date":"2012-05-11T15:51:30","date_gmt":"2012-05-11T13:51:30","guid":{"rendered":"http:\/\/www.wi.rwth-aachen.de\/SmartMed\/?page_id=128"},"modified":"2017-06-26T14:43:23","modified_gmt":"2017-06-26T12:43:23","slug":"uber-uns","status":"publish","type":"page","link":"https:\/\/blog.rwth-aachen.de\/smartmed\/uber-uns\/","title":{"rendered":"\u00dcber uns"},"content":{"rendered":"<p>Die <a href=\"http:\/\/www.wi.rwth-aachen.de\/\" target=\"blanket\">Research Group Electronic Business<\/a> an der RWTH Aachen\u00a0unter der Leitung von Professor <a href=\"http:\/\/www.kai-reimers.net\">Kai Reimers<\/a> besch\u00e4ftigt sich vornehmlich mit Interoganisationalen Informationssystemen (IOIS), ihrer Entstehung und Entwicklung. Seit 2004 werden insbesondere interoganisationale Informationssysteme in der Pharmabranche und Arzneimittelversorgung genauer untersucht.<\/p>\n<p>Im Rahmen mehrerer Projekte bem\u00fcht sich das Team des Lehr- und Forschungsgebiets Electronic Business um die F\u00f6rderung des Einsatzes von innovativen IT-L\u00f6sungen im Gesundheitssektor, zum Beispiel durch die Organisation von Learning Communities in Aachen und Peking, bestehend aus Stakeholdern des Gesundheitswesens.<\/p>\n<p>&nbsp;<\/p>\n","protected":false},"excerpt":{"rendered":"<p>Die Research Group Electronic Business an der RWTH Aachen\u00a0unter der Leitung von Professor Kai Reimers besch\u00e4ftigt sich vornehmlich mit Interoganisationalen Informationssystemen (IOIS), ihrer Entstehung und Entwicklung. Seit 2004 werden insbesondere [&hellip;]<\/p>\n","protected":false},"author":948,"featured_media":0,"parent":0,"menu_order":1,"comment_status":"closed","ping_status":"closed","template":"","meta":{"c2c_always_allow_admin_comments":false,"footnotes":""},"class_list":["post-128","page","type-page","status-publish","hentry"],"_links":{"self":[{"href":"https:\/\/blog.rwth-aachen.de\/smartmed\/wp-json\/wp\/v2\/pages\/128","targetHints":{"allow":["GET"]}}],"collection":[{"href":"https:\/\/blog.rwth-aachen.de\/smartmed\/wp-json\/wp\/v2\/pages"}],"about":[{"href":"https:\/\/blog.rwth-aachen.de\/smartmed\/wp-json\/wp\/v2\/types\/page"}],"author":[{"embeddable":true,"href":"https:\/\/blog.rwth-aachen.de\/smartmed\/wp-json\/wp\/v2\/users\/948"}],"replies":[{"embeddable":true,"href":"https:\/\/blog.rwth-aachen.de\/smartmed\/wp-json\/wp\/v2\/comments?post=128"}],"version-history":[{"count":1,"href":"https:\/\/blog.rwth-aachen.de\/smartmed\/wp-json\/wp\/v2\/pages\/128\/revisions"}],"predecessor-version":[{"id":3214,"href":"https:\/\/blog.rwth-aachen.de\/smartmed\/wp-json\/wp\/v2\/pages\/128\/revisions\/3214"}],"wp:attachment":[{"href":"https:\/\/blog.rwth-aachen.de\/smartmed\/wp-json\/wp\/v2\/media?parent=128"}],"curies":[{"name":"wp","href":"https:\/\/api.w.org\/{rel}","templated":true}]}}