{"id":8,"date":"2012-04-10T14:19:39","date_gmt":"2012-04-10T12:19:39","guid":{"rendered":"http:\/\/www.wi.rwth-aachen.de\/SmartMed\/?page_id=2"},"modified":"2012-04-10T14:19:39","modified_gmt":"2012-04-10T12:19:39","slug":"beispiel-seite-2","status":"publish","type":"page","link":"https:\/\/blog.rwth-aachen.de\/smartmed\/beispiel-seite-2\/","title":{"rendered":"\u00dcber dieses Blog"},"content":{"rendered":"<p>Auf dem Blog \u201eSmart Medication\u201c berichten <a title=\"\u00dcber Uns\" href=\"http:\/\/www.wi.rwth-aachen.de\/SmartMed\/?page_id=128\">wir<\/a> in regelm\u00e4ssigen Abst\u00e4nden \u00fcber Neuigkeiten zum Einsatz von innovativen Informations- und Kommunikationstechnologien (ICT) in der Arzneimittelversorgung, zur Entwicklung von patientenorientierter Medikation und verwandten Themen.<\/p>\n<p>Unter &#8222;Smart Medication&#8220; verstehen wir personalisierte Medikation, die sich durch eine st\u00e4rkere Individualisierung in den Bereichen der Darreichungsform, des Medikamentendesigns, der Medikamentenbereitstellung sowie der Behandlung und Beratung auszeichnet. ICT \u00fcbernehmen dabei eine unterst\u00fctzende Rolle, um die Vernetzung der unterschiedlichen Akteure in der Arzneimittelversorgung und die Umsetzung einer patientenorientierten Medikation voranzubringen.<\/p>\n","protected":false},"excerpt":{"rendered":"<p>Auf dem Blog \u201eSmart Medication\u201c berichten wir in regelm\u00e4ssigen Abst\u00e4nden \u00fcber Neuigkeiten zum Einsatz von innovativen Informations- und Kommunikationstechnologien (ICT) in der Arzneimittelversorgung, zur Entwicklung von patientenorientierter Medikation und verwandten [&hellip;]<\/p>\n","protected":false},"author":951,"featured_media":0,"parent":0,"menu_order":0,"comment_status":"closed","ping_status":"closed","template":"","meta":{"c2c_always_allow_admin_comments":false,"footnotes":""},"class_list":["post-8","page","type-page","status-publish","hentry"],"_links":{"self":[{"href":"https:\/\/blog.rwth-aachen.de\/smartmed\/wp-json\/wp\/v2\/pages\/8","targetHints":{"allow":["GET"]}}],"collection":[{"href":"https:\/\/blog.rwth-aachen.de\/smartmed\/wp-json\/wp\/v2\/pages"}],"about":[{"href":"https:\/\/blog.rwth-aachen.de\/smartmed\/wp-json\/wp\/v2\/types\/page"}],"author":[{"embeddable":true,"href":"https:\/\/blog.rwth-aachen.de\/smartmed\/wp-json\/wp\/v2\/users\/951"}],"replies":[{"embeddable":true,"href":"https:\/\/blog.rwth-aachen.de\/smartmed\/wp-json\/wp\/v2\/comments?post=8"}],"version-history":[{"count":0,"href":"https:\/\/blog.rwth-aachen.de\/smartmed\/wp-json\/wp\/v2\/pages\/8\/revisions"}],"wp:attachment":[{"href":"https:\/\/blog.rwth-aachen.de\/smartmed\/wp-json\/wp\/v2\/media?parent=8"}],"curies":[{"name":"wp","href":"https:\/\/api.w.org\/{rel}","templated":true}]}}