{"id":80,"date":"2014-04-14T17:56:38","date_gmt":"2014-04-14T15:56:38","guid":{"rendered":"https:\/\/blog.rwth-aachen.de\/yic\/?page_id=80"},"modified":"2015-09-24T11:27:23","modified_gmt":"2015-09-24T09:27:23","slug":"program","status":"publish","type":"page","link":"https:\/\/blog.rwth-aachen.de\/yic\/program\/","title":{"rendered":"Program"},"content":{"rendered":"<p>The general and detailed structure of the program can be found here:<\/p>\n<p><a href=\"https:\/\/blog.rwth-aachen.de\/yic\/files\/2015\/07\/General_Program.pdf\">General Program<\/a><br \/>\n<a href=\"https:\/\/blog.rwth-aachen.de\/yic\/files\/2015\/09\/Detailed_Program.pdf\">Detailed Program<\/a><br \/>\n<!-- <a href=\"https:\/\/blog.rwth-aachen.de\/yic\/files\/2014\/04\/BuildingOverview.pdf\">ProgramSortedByBuildings<\/a> --><\/p>\n<p><a href=\"http:\/\/www.cats.rwth-aachen.de:8080\/~elgeti\/BookOfAbstractsYIC-GACM-2015.pdf\">Book of Abstracts<\/a> (password protected, password was given by e-mail)<\/p>\n<p><a href=\"http:\/\/www.cats.rwth-aachen.de:8080\/~elgeti\/ProceedingsYIC-GACM-ACCES-PreConferenceVersion.pdf\">Conference Proceedings in the pre-conference version<\/a>\u00a0(password protected, password was given by e-mail)<\/p>\n<p><a href=\"http:\/\/www.cats.rwth-aachen.de:8080\/~elgeti\/ListOfParticipants.pdf\">List of Participants<\/a>\u00a0(password protected, password was given by e-mail)<\/p>\n<h3>Plenary Speakers YIC GACM<\/h3>\n<hr \/>\n<p>The following speakers have confirmed a plenary talk at YIC GACM:<\/p>\n<p>Christian Meyer (TU Dortmund)<br \/>\nAnt\u00f3nio Andrade-Campos (University of Aveiro)<br \/>\nEvan J. Pineda (NASA Glenn Research Center, USA)<\/p>\n<h3>Invited Speakers AC.CES<\/h3>\n<hr \/>\n<p><!--The following speakers have so far confirmed their attendance at AC.CES (click on links to view abstracts): --><\/p>\n<p>Ren\u00e9 de Borst (University of Glasgow, Scotland, UK):<br \/>\n<a href=\"http:\/\/www.yic.rwth-aachen.de\/abstracts-of-invited-speakers\/#deborst\">Fracture modelling in fluid-saturated porous media using extended and isogeometric finite element analysis<\/a><\/p>\n<p>Bernardo Cockburn (University of Minnesota, USA):<br \/>\n<a href=\"http:\/\/www.yic.rwth-aachen.de\/abstracts-of-invited-speakers\/#cockburn\">An overview of the evolution of the HDG methods<\/a><\/p>\n<p>Thomas J.R. Hughes (University of Texas at Austin, USA):<br \/>\n<a href=\"http:\/\/www.yic.rwth-aachen.de\/abstracts-of-invited-speakers\/#hughes\">Isogeometric Analysis: Ten Years After<\/a><\/p>\n<p>Alfio Quarteroni (\u00c9cole polytechnique f\u00e9d\u00e9rale de Lausanne, Switzerland):<br \/>\n<a href=\"http:\/\/www.yic.rwth-aachen.de\/abstracts-of-invited-speakers\/#quarteroni\">Reduced basis methods: principles, algorithms, applications<\/a><\/p>\n<p>Klaus Regenauer-Lieb (School of Petroleum Engineering, UNSW, Australia):<br \/>\n<a href=\"http:\/\/www.yic.rwth-aachen.de\/abstracts-of-invited-speakers\/#regenauer\">Computational Reservoir Engineering and Unconventional Geomechanics<\/a><\/p>\n<p>Jonathan Shewchuk (University of California, Berkeley, USA):<br \/>\n<a href=\"http:\/\/www.yic.rwth-aachen.de\/abstracts-of-invited-speakers\/#shewchuk\">Dynamic Meshing for Finite Element Simulations with Radically Changing Geometry<\/a><\/p>\n<p>Mayim Bialik (<a href=\"http:\/\/the-big-bang-theory.com\/cast.Mayim\/\">The Big Bang Theory<\/a>):<br \/>\nThe Science of Big Bang<\/p>\n<h3>Parallel Sessions<\/h3>\n<hr \/>\n<p>PS01: Algorithms and Codes<br \/>\nPS02: Computational advances in composites<br \/>\nPS03: Computational biomechanics<br \/>\nPS04: Computational dynamic failure \/ fracture and damage mechanics<br \/>\nPS05: Computational engineering optimization<br \/>\nPS06: Computational engineering sciences and physics<br \/>\nPS07: Computational engineering sciences &amp; solids<br \/>\nPS08: Computational fluid dynamics \/ combustion and energy<br \/>\nPS09: Computational fluid mechanics<br \/>\nPS10: Computational materials science<br \/>\nPS11: Computational nanotechnology \/ micromechanics and atomistics simulations<br \/>\nPS12: Computational NDE and wave propagation \/ Computational nonlinear dynamics<br \/>\nPS13: Computer simulation of processes and manufacturing<br \/>\nPS14: Computational solid and structural mechanics<br \/>\nPS15: Image processing<br \/>\nPS16: Multi\u2010scale physics and computation<br \/>\nPS17: Numerical and high\u2010order methods<br \/>\nPS18: Optimal Control<br \/>\nPS19: Parallel \/ High Performance Computing<br \/>\nPS20: Production Engineering<br \/>\nPS21: Reduced order methods<br \/>\nPS22: Uncertainty quantification<\/p>\n<h3>Minisymposia<\/h3>\n<hr \/>\n<p>MS01: &#8222;Advanced Optimization Methods for Multi-disciplinary, Multi-scale, and Multi-physics Problems&#8220; by Kai-Uwe Bletzinger (TU M\u00fcnchen), Fabian Duddeck (TU M\u00fcnchen), Harvey Thompson (University of Leeds), Vassili Toropov (Queen Mary University of London).<\/p>\n<p>MS02: &#8222;Advances in Numerical Methods for Structural Dynamics and Wave Propagation Phenomena&#8220; by Anton Tkachuk (University of Stuttgart), Radek Kolman (Academy of Sciences of the Czech Republic).<\/p>\n<p>MS03: &#8222;Computational Contact Mechanics&#8220; by\u00a0Alexander Popp (Technical University of Munich),\u00a0Christian Hesch (Karlsruhe Institute of Technology),\u00a0Roger A. Sauer (RWTH Aachen University).<\/p>\n<p>MS04: &#8222;Computational Methods for Kinetic Equations and Related Models&#8220; by\u00a0Graham Alldredge (RWTH Aachen University), Stephan Martin (RWTH Aachen University).<\/p>\n<p>MS05: &#8222;High-Fidelity Methodologies for Aero-Thermo Analysis of Combustor\/Turbine Interaction in Aero-Engines&#8220; by\u00a0Massimiliano Insinna (University of Florence),\u00a0Stefano Vagnoli (von Karman Institute for Fluids Dynamics),\u00a0Simone Salvadori (University of Florence),\u00a0Tom Verstraete (von Karman Institute for Fluids Dynamics).<\/p>\n<p>MS06: &#8222;Isogeometric methods for structural mechanics&#8220; by\u00a0Wolfgang Dornisch (TU Kaiserslautern),\u00a0Josef Kiendl (University of Pavia).<\/p>\n<p>MS07:\u00a0canceled<\/p>\n<p>MS08: &#8222;Modeling microstructure and material instabilities across a range of scales&#8220; by\u00a0Swantje Bargmann (Hamburg University of Technology), Akanksha Garg (Carnegie Mellon University), Thomas Hudson (Ecole des Ponts ParisTech\/INRIA), Benjamin Klusemann (Hamburg University of Technology), Matthieu Maziere (MINES Paristech).<\/p>\n<p>MS09: &#8222;Multiscale Modeling and Experimental Investigation of Damage Mechanisms in Composite Materials&#8220; by\u00a0Evan J. Pineda (NASA Glenn Research Center),\u00a0Bertram Stier (RWTH Aachen University).<\/p>\n<p>MS10: &#8222;Numerical simulation of two-phase flows&#8220; by\u00a0Sebastian Aland (TU Dresden),\u00a0Christoph. Lehrenfeld (RWTH Aachen University).<\/p>\n<h3>Journal Club<\/h3>\n<hr \/>\n<p>You can either choose to be a regular Journal Club participant who works through a paper, or an author, who provides a paper.\u00a0By\u00a0<strong>providing a paper<\/strong>\u00a0you will take the role of a moderator of an up-to-five person group, who will work through your paper under <strong>your moderation<\/strong>.<br \/>\nYou will have the unique chance to guide fellow participants through your research and receive valuable feedback on your style of writing as you watch your group work its way through your paper.<\/p>\n<p><strong>The goal<\/strong> of this Journal Club is to extract the core points of your paper, put them into perspective and explain them to the audience on the next day by your colleagues in a <strong>plenum<\/strong> following the Journal Club reading event. There is no need to create extraordinary, beautiful slides. Bullet points should be enough, but you are welcome to be as creative as possible.<\/p>\n<p>The format of the Journal Club paper presentation the following day is as follows: Each group is allowed to present a paper in five to ten minutes. While the author is not allowed to participate in the presentation itself. Though, s\/he is allowed to participate in the discussion afterwards.<\/p>\n<p>Please have a look at <a href=\"http:\/\/registration.yic.rwth-aachen.de\/?page_id=108\" target=\"_blank\">registration.yic.rwth-aachen<\/a> for details!<\/p>\n<p>&nbsp;<\/p>\n<h3>Social Program<\/h3>\n<hr \/>\n<p>The scientific program of the YIC GACM 2015 is surrounded by a variety of social events, namely:<\/p>\n<p>&#8211; a city tour and reception on Sunday, July 19 from 6:30 p.m. to 8:00 p.m.,<\/p>\n<p>&#8211; a public lecture by Fabian Hemmert (Design Research Lab, Berlin University of the Arts)\u00a0on Monday, July 20 in the evening,<\/p>\n<p>&#8211; a movie night on Tuesday, July 21 at\u00a08:00 p.m.,<\/p>\n<p>&#8211; a science slam on Wednesday, July 22 at\u00a08:00 p.m.,<\/p>\n<p>&#8211; and the conference dinner on Thursday, July 23\u00a0at\u00a08:00 p.m..<\/p>\n<p>Please let us know during registration whether you would like to participate in these events, which are all included in your conference fee.<\/p>\n<h3>Child Care<\/h3>\n<hr \/>\n<p>Together with the \u201eFamily Services Center\u201c of RWTH Aachen University, we will be providing child care for conference participants who travel with children. During the scientific program, your children will be attended to. If you would like to use the childcare option, please let us know through your registration form. This service will be free of additional charge for you. Contact the conference secretariat if you have any questions.<\/p>\n","protected":false},"excerpt":{"rendered":"<p>The general and detailed structure of the program can be found here: General Program Detailed Program Book of Abstracts (password protected, password was given by e-mail) Conference Proceedings in the [&hellip;]<\/p>\n","protected":false},"author":155,"featured_media":0,"parent":0,"menu_order":30,"comment_status":"closed","ping_status":"closed","template":"","meta":{"c2c_always_allow_admin_comments":false,"footnotes":""},"class_list":["post-80","page","type-page","status-publish","hentry"],"_links":{"self":[{"href":"https:\/\/blog.rwth-aachen.de\/yic\/wp-json\/wp\/v2\/pages\/80","targetHints":{"allow":["GET"]}}],"collection":[{"href":"https:\/\/blog.rwth-aachen.de\/yic\/wp-json\/wp\/v2\/pages"}],"about":[{"href":"https:\/\/blog.rwth-aachen.de\/yic\/wp-json\/wp\/v2\/types\/page"}],"author":[{"embeddable":true,"href":"https:\/\/blog.rwth-aachen.de\/yic\/wp-json\/wp\/v2\/users\/155"}],"replies":[{"embeddable":true,"href":"https:\/\/blog.rwth-aachen.de\/yic\/wp-json\/wp\/v2\/comments?post=80"}],"version-history":[{"count":65,"href":"https:\/\/blog.rwth-aachen.de\/yic\/wp-json\/wp\/v2\/pages\/80\/revisions"}],"predecessor-version":[{"id":1021,"href":"https:\/\/blog.rwth-aachen.de\/yic\/wp-json\/wp\/v2\/pages\/80\/revisions\/1021"}],"wp:attachment":[{"href":"https:\/\/blog.rwth-aachen.de\/yic\/wp-json\/wp\/v2\/media?parent=80"}],"curies":[{"name":"wp","href":"https:\/\/api.w.org\/{rel}","templated":true}]}}